{"id":2143,"date":"2022-11-27T18:01:02","date_gmt":"2022-11-27T10:01:02","guid":{"rendered":"http:\/\/47.93.52.196\/index.php\/%e7%99%bd%e9%87%91\/"},"modified":"2025-04-09T12:21:31","modified_gmt":"2025-04-09T04:21:31","slug":"elite","status":"publish","type":"page","link":"https:\/\/ex-pro.love\/index.php\/elite\/?lang=vi","title":{"rendered":"elite"},"content":{"rendered":"<div class=\"brz-root__container brz-reset-all\">\n<section data-uid=\"hqwznflqvvcrfhptyerytxcukkcclowvleoo\" id=\"hqwznflqvvcrfhptyerytxcukkcclowvleoo\" class=\"brz-section brz-css-pzagq\">\n<div class=\"brz-section__content brz-section--boxed brz-css-jelsm brz-css-dbinw\" data-custom-id=\"zlvyponhwyckurtevsejkgknbgwxbukkivzz\">\n<div class=\"brz-bg\">\n<div class=\"brz-bg-image\"><\/div>\n<div class=\"brz-bg-color\"><\/div>\n<\/div>\n<div class=\"brz-container brz-css-drjrx\">\n<div class=\"brz-css-yjwed brz-wrapper\">\n<div class=\"brz-rich-text brz-rich-text__custom brz-css-kcmtw\" data-custom-id=\"hsvhkngljuyjirabkgtkwpqzaxiywvrwdgbn\">\n<div>\n<h2 class=\"brz-css-oyfad\" data-generated-css=\"brz-css-qbozx\" data-uniq-id=\"hlayo\"><span>Ch\u00e0o m\u1eebng qu\u00fd kh\u00e1ch \u0111\u1ebfn v\u1edbi Ch\u01b0\u01a1ng tr\u00ecnh<\/span><\/h2>\n<\/div>\n<\/div>\n<\/div>\n<div class=\"brz-css-yjwed brz-wrapper\">\n<div class=\"brz-rich-text brz-rich-text__custom brz-css-kcmtw\" data-custom-id=\"gkdtbmhuquovkvgyvkbvqhlgxkzxvndngsik\">\n<div>\n<h1 class=\"brz-css-bztfv\" data-uniq-id=\"zzbzn\" data-generated-css=\"brz-css-gbdec\"><span style=\"opacity: 1\">EXNESS PREMIER<\/span><\/h1>\n<h1 class=\"brz-css-mxwjf\" data-uniq-id=\"hfxbz\" data-generated-css=\"brz-css-fhloe\"><span style=\"opacity: 1\"> <\/span><\/h1>\n<h1 class=\"brz-css-pujtw\" data-uniq-id=\"dflzd\" data-generated-css=\"brz-css-vzqbc\"><span style=\"opacity: 1\"> <\/span><\/h1>\n<h1 class=\"brz-css-ywzwf\" data-uniq-id=\"ngcqy\" data-generated-css=\"brz-css-buqed\"><span style=\"opacity: 1\"> <\/span><\/h1>\n<h1 class=\"brz-css-sonln\" data-uniq-id=\"sahyy\" data-generated-css=\"brz-css-dshqn\"><span style=\"opacity: 1\"> <\/span><\/h1>\n<h1 class=\"brz-css-xvtcm\" data-uniq-id=\"tzpvf\" data-generated-css=\"brz-css-jxwgy\"><span style=\"opacity: 1\"> <\/span><\/h1>\n<\/div>\n<\/div>\n<\/div>\n<div class=\"brz-css-yjwed brz-css-eqerz brz-wrapper\">\n<div class=\"brz-spacer brz-css-japzg brz-css-ixwvf\"><\/div>\n<\/div>\n<div class=\"brz-css-yjwed brz-css-eqerz brz-wrapper\">\n<div class=\"brz-spacer brz-css-japzg brz-css-aiobx\"><\/div>\n<\/div>\n<\/div>\n<\/div>\n<\/section>\n<section data-uid=\"dyznxempsgbamwfkvrctxbnjinolybqfbnej\" id=\"dyznxempsgbamwfkvrctxbnjinolybqfbnej\" class=\"brz-section brz-css-pzagq\">\n<div class=\"brz-section__content brz-section--boxed brz-css-jelsm brz-css-meyhy\" data-custom-id=\"rgpsipekvjnpyoawjcdqlutmfmqvlyqkcrnj\">\n<div class=\"brz-bg\">\n<div class=\"brz-bg-color\"><\/div>\n<\/div>\n<div class=\"brz-container brz-css-drjrx\">\n<div class=\"brz-css-yjwed brz-wrapper\">\n<div class=\"brz-rich-text brz-rich-text__custom brz-css-kcmtw\" data-custom-id=\"ieqvqfyjicdymfeooakscwahztbiolnjfbsa\">\n<div>\n<h3 class=\"brz-css-ffupa\" data-uniq-id=\"ovuts\" data-generated-css=\"brz-css-clxct\"><\/h3>\n<h2 class=\"brz-css-jxgep\" data-uniq-id=\"ocoxi\" data-generated-css=\"brz-css-nnfvi\"><span>C\u00d2N NHI\u1ec0U \u01afU \u0110\u00c3I V\u00c0 QUY\u1ec0N L\u1ee2I \u0110ANG CH\u1edc PH\u00cdA TR\u01af\u1edaC KHI QU\u00dd KH\u00c1CH \u0110\u1ea0T T\u1edaI C\u1ea4P B\u1eacC ELITE.<\/span><\/h2>\n<p class=\"brz-css-dikdj\" data-uniq-id=\"dzuqq\" data-generated-css=\"brz-css-xddty\"><span>Khi \u0111\u00e3 \u0111\u1ea1t t\u1edbi c\u1ea5p b\u1eadc n\u00e0y, qu\u00fd kh\u00e1ch s\u1ebd v\u1eabn \u0111\u01b0\u1ee3c h\u01b0\u1edfng m\u1ecdi quy\u1ec1n l\u1ee3i c\u1ee7a c\u1ea5p b\u1eadc Preferred trong Ch\u01b0\u01a1ng tr\u00ecnh Premier, c\u0169ng nh\u01b0 v\u1eabn \u0111\u01b0\u1ee3c qu\u1ea3n l\u00fd t\u00e0i kho\u1ea3n ri\u00eang h\u1ed7 tr\u1ee3 trong qu\u00e1 tr\u00ecnh giao d\u1ecbch.<\/span><\/p>\n<p class=\"brz-css-ntofs\" data-uniq-id=\"cwyxp\" data-generated-css=\"brz-css-dlyoc\"><\/p>\n<\/div>\n<\/div>\n<\/div>\n<\/div>\n<\/div>\n<\/section>\n<section data-uid=\"wmkhxfdyytisxhgvxrwqeyipdivudeiwkhii\" id=\"wmkhxfdyytisxhgvxrwqeyipdivudeiwkhii\" class=\"brz-section brz-css-pzagq\">\n<div class=\"brz-section__content brz-section--boxed brz-css-jelsm brz-css-tdlpl\" data-custom-id=\"iaiqrheongkarwartcwchxzbvxwpfgnxipmg\">\n<div class=\"brz-bg\">\n<div class=\"brz-bg-color\"><\/div>\n<\/div>\n<div class=\"brz-container brz-css-drjrx\">\n<div class=\"brz-row__container brz-css-nnype\" data-custom-id=\"vwyiudptoqvcmzbsrduuksskayzkwjyfmved\">\n<div class=\"brz-bg\"><\/div>\n<div class=\"brz-row brz-css-jwlaj brz-css-urgfu\">\n<div class=\"brz-columns brz-css-rsbnm brz-css-aofei\" data-custom-id=\"vkneazaezdfukwkofwcozscxukkccgxlnlvo\">\n<div class=\"brz-bg\"><\/div>\n<div class=\"brz-column__items brz-css-pgwbw brz-css-ybgze\">\n<div class=\"brz-css-yjwed brz-css-qyciv brz-wrapper\">\n<div class=\"brz-rich-text brz-rich-text__custom brz-css-kcmtw\" data-custom-id=\"fntdiqhxsftuqxzdipkptzecjidvgjtlyrjy\">\n<div>\n<h2 class=\"brz-css-xikem\" data-generated-css=\"brz-css-suaew\" data-uniq-id=\"bveqp\"><span>D\u1ecaCH V\u1ee4 H\u1ed6 TR\u1ee2 KH\u00c1CH H\u00c0NG \u01afU TI\u00caN<\/span><\/h2>\n<\/div>\n<\/div>\n<\/div>\n<div class=\"brz-css-yjwed brz-css-enfba brz-wrapper\">\n<div class=\"brz-rich-text brz-rich-text__custom brz-css-kcmtw\" data-custom-id=\"diqggtzexjrquzbevygibqeyiqwjdlutatem\">\n<div>\n<p class=\"brz-css-ibxva\" data-generated-css=\"brz-css-yzsyt\" data-uniq-id=\"zwgdi\"><span class=\"brz-cp-color8\">T\u1ea5t c\u1ea3 y\u00eau c\u1ea7u c\u1ee7a qu\u00fd kh\u00e1ch s\u1ebd \u0111\u01b0\u1ee3c \u01b0u ti\u00ean v\u00e0 \u0111\u01b0\u1ee3c g\u1eedi \u0111\u1ebfn nh\u1eefng th\u00e0nh vi\u00ean c\u1ea5p cao trong \u0111\u1ed9i ng\u0169 h\u1ed7 tr\u1ee3 kh\u00e1ch h\u00e0ng v\u00e0 h\u1ecd s\u1ebd nhanh ch\u00f3ng gi\u1ea3i quy\u1ebft c\u00e1c v\u1ea5n \u0111\u1ec1 c\u1ee7a qu\u00fd kh\u00e1ch.<\/span><\/p>\n<\/div>\n<\/div>\n<\/div>\n<\/div>\n<\/div>\n<div class=\"brz-columns brz-css-rsbnm brz-css-qqdhn\" data-custom-id=\"eoculuyeydmintpsxwkustupcgnuthvgrlja\">\n<div class=\"brz-bg\"><\/div>\n<div class=\"brz-column__items brz-css-pgwbw\">\n<div class=\"brz-css-yjwed brz-wrapper\">\n<div class=\"brz-image brz-css-jfuky brz-css-tecrp\"><img decoding=\"async\" class=\"brz-img\" src=\"https:\/\/ex-pro.love\/?lang=vi&amp;brizy_media=wp-99542fe59995cf0488f9ebfd949599e7.jpg&amp;brizy_crop=iW%3D555%26iH%3D370%26oX%3D0%26oY%3D0%26cW%3D555%26cH%3D370\" alt=\"\" loading=\"lazy\" \/><\/div>\n<\/div>\n<\/div>\n<\/div>\n<\/div>\n<\/div>\n<\/div>\n<\/div>\n<\/section>\n<section data-uid=\"vsyexfdfanvjozqstmelyyuptxurvhjriwap\" id=\"vsyexfdfanvjozqstmelyyuptxurvhjriwap\" class=\"brz-section brz-css-pzagq\">\n<div class=\"brz-section__content brz-section--boxed brz-css-jelsm brz-css-txzvm\" data-custom-id=\"wdficjssqrggjioqmqazufqbbzwidlcqusyr\">\n<div class=\"brz-bg\">\n<div class=\"brz-bg-color\"><\/div>\n<\/div>\n<div class=\"brz-container brz-css-drjrx\">\n<div class=\"brz-row__container brz-css-nnype brz-css-ooywh\" data-custom-id=\"nnnbbgsslywaahwiknebeskoxzoslhuvexln\">\n<div class=\"brz-bg\"><\/div>\n<div class=\"brz-row brz-css-jwlaj brz-css-urgfu\">\n<div class=\"brz-columns brz-css-rsbnm brz-css-vxkdn\" data-custom-id=\"xptjppoybqzyqnlscrajphffzepivjkpxhde\">\n<div class=\"brz-bg\"><\/div>\n<div class=\"brz-column__items brz-css-pgwbw\">\n<div class=\"brz-css-yjwed brz-wrapper\">\n<div class=\"brz-image brz-css-zwfft brz-css-tlphh\"><img decoding=\"async\" class=\"brz-img\" src=\"https:\/\/ex-pro.love\/?lang=vi&amp;brizy_media=wp-205cb326da73e434e453b7efb07cf13d.jpg&amp;brizy_crop=iW%3D555%26iH%3D370%26oX%3D0%26oY%3D0%26cW%3D555%26cH%3D370\" alt=\"\" loading=\"lazy\" \/><\/div>\n<\/div>\n<\/div>\n<\/div>\n<div class=\"brz-columns brz-css-rsbnm brz-css-sfply\" data-custom-id=\"nfkenpratphoylawzrpyrmgmvkmfcffjrubc\">\n<div class=\"brz-bg\"><\/div>\n<div class=\"brz-column__items brz-css-pgwbw brz-css-suwgq\">\n<div class=\"brz-css-yjwed brz-css-wnzbk brz-wrapper\">\n<div class=\"brz-rich-text brz-rich-text__custom brz-css-kcmtw\" data-custom-id=\"xsmdtlaipmmepuxvsqfpgkcsrplpcggjmetz\">\n<div>\n<h2 class=\"brz-css-wjsmh\" data-uniq-id=\"wukrr\" data-generated-css=\"brz-css-dvzgk\"><span>T\u00c0I LI\u1ec6U H\u01af\u1edaNG D\u1eaaN \u0110\u1ed8C QUY\u1ec0N<\/span><\/h2>\n<\/div>\n<\/div>\n<\/div>\n<div class=\"brz-css-yjwed brz-css-mqqwm brz-wrapper\">\n<div class=\"brz-rich-text brz-rich-text__custom brz-css-kcmtw\" data-custom-id=\"ondehgymfxpvfnjznlccyxaojfsmiqnecpst\">\n<div>\n<p class=\"brz-css-lhlcn\" data-uniq-id=\"zzboi\" data-generated-css=\"brz-css-kfiqr\"><span>Qu\u00fd kh\u00e1ch s\u1ebd c\u00f3 c\u01a1 h\u1ed9i tham gia c\u00e1c bu\u1ed5i h\u1ed9i th\u1ea3o tr\u1ef1c tuy\u1ebfn v\u00e0 h\u1ed9i ngh\u1ecb chuy\u00ean \u0111\u1ec1 d\u00e0nh ri\u00eang cho kh\u00e1ch h\u00e0ng Premier v\u1edbi nhi\u1ec1u ch\u1ee7 \u0111\u1ec1 \u0111a d\u1ea1ng v\u1ec1 giao d\u1ecbch, c\u0169ng nh\u01b0 quy\u1ec1n ti\u1ebfp c\u1eadn v\u00e0o t\u00e0i li\u1ec7u h\u01b0\u1edbng d\u1eabn do ch\u00fang t\u00f4i so\u1ea1n ri\u00eang cho kh\u00e1ch h\u00e0ng Premier.<\/span><\/p>\n<\/div>\n<\/div>\n<\/div>\n<\/div>\n<\/div>\n<\/div>\n<\/div>\n<\/div>\n<\/div>\n<\/section>\n<section data-uid=\"xmmomfjtzambrlrmlymycpfegfamqbqudtrv\" id=\"xmmomfjtzambrlrmlymycpfegfamqbqudtrv\" class=\"brz-section brz-css-pzagq\">\n<div class=\"brz-section__content brz-section--boxed brz-css-jelsm brz-css-eveax\" data-custom-id=\"nxnwwnhmabjuqblouvppjwfvmqfmqkukfday\">\n<div class=\"brz-bg\">\n<div class=\"brz-bg-color\"><\/div>\n<\/div>\n<div class=\"brz-container brz-css-drjrx\">\n<div class=\"brz-row__container brz-css-nnype\" data-custom-id=\"ismkvobidwuqkzwbuieccysfzpadvlxgytwp\">\n<div class=\"brz-bg\"><\/div>\n<div class=\"brz-row brz-css-jwlaj brz-css-urgfu\">\n<div class=\"brz-columns brz-css-rsbnm brz-css-tyllu\" data-custom-id=\"atnyxflwiuegrewndfpvottrjnyouslvhyxg\">\n<div class=\"brz-bg\"><\/div>\n<div class=\"brz-column__items brz-css-pgwbw brz-css-ummaw\">\n<div class=\"brz-css-yjwed brz-css-wmfli brz-wrapper\">\n<div class=\"brz-rich-text brz-rich-text__custom brz-css-kcmtw\" data-custom-id=\"lrsnpztatzdlkrgjgrmbziecprgoqdjrfswm\">\n<div>\n<h2 class=\"brz-css-shbcw\" data-uniq-id=\"uyjhl\" data-generated-css=\"brz-css-vsskh\"><span>T\u00cdNH N\u0102NG PH\u00c2N T\u00cdCH GIAO D\u1ecaCH N\u00c2NG CAO<\/span><\/h2>\n<\/div>\n<\/div>\n<\/div>\n<div class=\"brz-css-yjwed brz-css-gouzg brz-wrapper\">\n<div class=\"brz-rich-text brz-rich-text__custom brz-css-kcmtw\" data-custom-id=\"xxrbrydzgudtmrwoanizxlklnrkflrkbuzzd\">\n<div>\n<p class=\"brz-css-ctmih\" data-uniq-id=\"ozvki\" data-generated-css=\"brz-css-nhsuj\"><span>Qu\u00fd kh\u00e1ch c\u00f3 quy\u1ec1n s\u1eed d\u1ee5ng nhi\u1ec1u d\u1ecbch v\u1ee5 \u0111\u1ed9c quy\u1ec1n kh\u00e1c c\u1ee7a Trading Central, c\u0169ng nh\u01b0 \u0111\u01b0\u1ee3c nh\u1eadn mi\u1ec5n ph\u00ed nh\u1eefng t\u00e0i li\u1ec7u ph\u00e2n t\u00edch chuy\u00ean m\u00f4n v\u00e0 ph\u00e2n t\u00edch c\u01a1 b\u1ea3n c\u00f3 ch\u1ea5t l\u01b0\u1ee3ng nh\u1ea5t. Kh\u00f4ng ch\u1ec9 v\u1eady, qu\u00fd kh\u00e1ch s\u1ebd tr\u1edf th\u00e0nh m\u1ed9t trong nh\u1eefng ng\u01b0\u1eddi \u0111\u1ea7u ti\u00ean \u0111\u01b0\u1ee3c \u0111\u1ecdc t\u1ea5t c\u1ea3 b\u00e1o c\u00e1o qu\u00fd v\u00e0 tu\u1ea7n do ch\u00ednh \u0111\u1ed9i ng\u0169 chuy\u00ean gia giao d\u1ecbch c\u1ee7a Exness bi\u00ean so\u1ea1n.<\/span><\/p>\n<\/div>\n<\/div>\n<\/div>\n<\/div>\n<\/div>\n<div class=\"brz-columns brz-css-rsbnm brz-css-upnpk\" data-custom-id=\"yfptooingpwbsnmbyapzjnkvkhmatixoxhws\">\n<div class=\"brz-bg\"><\/div>\n<div class=\"brz-column__items brz-css-pgwbw\">\n<div class=\"brz-css-yjwed brz-wrapper\">\n<div class=\"brz-image brz-css-omxhv brz-css-fbapn\"><img decoding=\"async\" class=\"brz-img\" src=\"https:\/\/ex-pro.love\/?lang=vi&amp;brizy_media=wp-ee9328abe3209c6c9e7e334fa57e99ee.jpg&amp;brizy_crop=iW%3D555%26iH%3D370%26oX%3D0%26oY%3D0%26cW%3D555%26cH%3D370\" alt=\"\" loading=\"lazy\" \/><\/div>\n<\/div>\n<\/div>\n<\/div>\n<\/div>\n<\/div>\n<\/div>\n<\/div>\n<\/section>\n<section data-uid=\"olbwygzighyanqczocwekvkyiyqvvdmivkva\" id=\"olbwygzighyanqczocwekvkyiyqvvdmivkva\" class=\"brz-section brz-css-pzagq\">\n<div class=\"brz-section__content brz-section--boxed brz-css-jelsm brz-css-dvehd\" data-custom-id=\"cihkbltoqcaqebrttebsbnxgoeyvmvkbgkyf\">\n<div class=\"brz-bg\">\n<div class=\"brz-bg-color\"><\/div>\n<\/div>\n<div class=\"brz-container brz-css-drjrx\">\n<div class=\"brz-row__container brz-css-nnype brz-css-rxprt\" data-custom-id=\"errrtuymeqymmxjxfpyuxppdzfyrufhgwqze\">\n<div class=\"brz-bg\"><\/div>\n<div class=\"brz-row brz-css-jwlaj brz-css-urgfu\">\n<div class=\"brz-columns brz-css-rsbnm brz-css-kothm\" data-custom-id=\"yvnnbfbpqjzcbwjvyiwmdczqyrqrsblmjdph\">\n<div class=\"brz-bg\"><\/div>\n<div class=\"brz-column__items brz-css-pgwbw\">\n<div class=\"brz-css-yjwed brz-wrapper\">\n<div class=\"brz-image brz-css-inxlo brz-css-mhqth\"><img decoding=\"async\" class=\"brz-img\" src=\"https:\/\/ex-pro.love\/?lang=vi&amp;brizy_media=wp-dea8c7f2b1881b1476663125899a69bc.jpg&amp;brizy_crop=iW%3D555%26iH%3D370%26oX%3D0%26oY%3D0%26cW%3D555%26cH%3D370\" alt=\"\" loading=\"lazy\" \/><\/div>\n<\/div>\n<\/div>\n<\/div>\n<div class=\"brz-columns brz-css-rsbnm brz-css-ftdyv\" data-custom-id=\"vmhmpgsyjeivtxsglxupexlilbpiyrmrvckn\">\n<div class=\"brz-bg\"><\/div>\n<div class=\"brz-column__items brz-css-pgwbw brz-css-qnibq\">\n<div class=\"brz-css-yjwed brz-css-riaon brz-wrapper\">\n<div class=\"brz-rich-text brz-rich-text__custom brz-css-kcmtw\" data-custom-id=\"atewucgxedlyesjtzuxrtnpxdnvaqjuvmywq\">\n<div>\n<h2 class=\"brz-css-lbzgy\" data-uniq-id=\"nbpqa\" data-generated-css=\"brz-css-xbehe\"><span>CH\u01af\u01a0NG TR\u00ccNH KHUY\u1ebeN M\u00c3I &amp; PH\u1ea6N TH\u01af\u1edeNG \u0110\u1eb6C BI\u1ec6T<\/span><\/h2>\n<\/div>\n<\/div>\n<\/div>\n<div class=\"brz-css-yjwed brz-css-idsra brz-wrapper\">\n<div class=\"brz-rich-text brz-rich-text__custom brz-css-kcmtw\" data-custom-id=\"xsywjxgcvnpuxtrfnyhsorepwlzzlmsjzfkm\">\n<div>\n<p class=\"brz-css-gtina\" data-uniq-id=\"pcuwd\" data-generated-css=\"brz-css-jsjfa\"><span>Th\u00f4ng qua c\u00e1c ch\u01b0\u01a1ng tr\u00ecnh t\u1eb7ng th\u01b0\u1edfng v\u00e0 chi\u1ebfn d\u1ecbch khuy\u1ebfn m\u00e3i \u0111\u1ed9c quy\u1ec1n c\u1ee7a ch\u00fang t\u00f4i, qu\u00fd kh\u00e1ch c\u00f3 th\u1ec3 nh\u1eadn \u0111\u01b0\u1ee3c nh\u1eefng qu\u00e0 t\u1eb7ng v\u00e0 ph\u1ea7n th\u01b0\u1edfng ti\u1ec1n m\u1eb7t h\u1ea5p d\u1eabn.<\/span><\/p>\n<\/div>\n<\/div>\n<\/div>\n<\/div>\n<\/div>\n<\/div>\n<\/div>\n<\/div>\n<\/div>\n<\/section>\n<section data-uid=\"uulfequzuevhndvmqjhshyrqnctydclsgtbo\" id=\"uulfequzuevhndvmqjhshyrqnctydclsgtbo\" class=\"brz-section brz-css-pzagq\">\n<div class=\"brz-section__content brz-section--boxed brz-css-jelsm brz-css-jnrfs\" data-custom-id=\"kcehpxmdsicikuxgyunsuclhjsxepnppnywq\">\n<div class=\"brz-bg\">\n<div class=\"brz-bg-color\"><\/div>\n<\/div>\n<div class=\"brz-container brz-css-drjrx\">\n<div class=\"brz-row__container brz-css-nnype\" data-custom-id=\"laniapoizjmffeyrxeiayftudbyvftoarrxy\">\n<div class=\"brz-bg\"><\/div>\n<div class=\"brz-row brz-css-jwlaj brz-css-urgfu\">\n<div class=\"brz-columns brz-css-rsbnm brz-css-ebodv\" data-custom-id=\"qqvcptzbbaeqctntszsywejhexwqqwcwbhrk\">\n<div class=\"brz-bg\"><\/div>\n<div class=\"brz-column__items brz-css-pgwbw brz-css-lshaf\">\n<div class=\"brz-css-yjwed brz-css-ubvqe brz-wrapper\">\n<div class=\"brz-rich-text brz-rich-text__custom brz-css-kcmtw\" data-custom-id=\"jywevhxfvyxlloagwumzhtkoavmzcjbfeltk\">\n<div>\n<h2 class=\"brz-css-riasw\" data-generated-css=\"brz-css-ntwiu\" data-uniq-id=\"liasd\"><span>QU\u1ea2N L\u00dd T\u00c0I KHO\u1ea2N RI\u00caNG<\/span><\/h2>\n<\/div>\n<\/div>\n<\/div>\n<div class=\"brz-css-yjwed brz-css-kpuke brz-wrapper\">\n<div class=\"brz-rich-text brz-rich-text__custom brz-css-kcmtw\" data-custom-id=\"bxwmfflouauefemipfsfllawsdmtjqdztnnp\">\n<div>\n<p class=\"brz-css-ofpoq\" data-generated-css=\"brz-css-joxue\" data-uniq-id=\"micje\"><span>Ch\u00fang t\u00f4i s\u1ebd ch\u1ec9 \u0111\u1ecbnh m\u1ed9t qu\u1ea3n l\u00fd t\u00e0i kho\u1ea3n ri\u00eang cho qu\u00fd kh\u00e1ch, ng\u01b0\u1eddi n\u00e0y s\u1ebd \u0111\u00edch th\u00e2n \u01b0u ti\u00ean x\u1eed l\u00fd c\u00e1c y\u00eau c\u1ea7u c\u1ee7a qu\u00fd kh\u00e1ch, c\u0169ng nh\u01b0 li\u00ean t\u1ee5c th\u00f4ng b\u00e1o cho qu\u00fd kh\u00e1ch ngay khi Ch\u01b0\u01a1ng tr\u00ecnh Premier c\u00f3 b\u1ea5t k\u1ef3 c\u01a1 h\u1ed9i, s\u1ef1 ki\u1ec7n v\u00e0 ho\u1ea1t \u0111\u1ed9ng m\u1edbi n\u00e0o.<\/span><\/p>\n<\/div>\n<\/div>\n<\/div>\n<\/div>\n<\/div>\n<div class=\"brz-columns brz-css-rsbnm brz-css-dcgtn\" data-custom-id=\"plwdgvnnoufjfgnrnakjzuadaqmtvbtexumb\">\n<div class=\"brz-bg\"><\/div>\n<div class=\"brz-column__items brz-css-pgwbw\">\n<div class=\"brz-css-yjwed brz-wrapper\">\n<div class=\"brz-image brz-css-wcxxy brz-css-icqij\"><img decoding=\"async\" class=\"brz-img\" src=\"https:\/\/ex-pro.love\/?lang=vi&amp;brizy_media=wp-847c4c31f5d699ee710f63b668ed5c55.webp&amp;brizy_crop=iW%3D555%26iH%3D370%26oX%3D0%26oY%3D0%26cW%3D555%26cH%3D370\" alt=\"\" loading=\"lazy\" \/><\/div>\n<\/div>\n<\/div>\n<\/div>\n<\/div>\n<\/div>\n<\/div>\n<\/div>\n<\/section>\n<section data-uid=\"nkkufqjlznyzfihbokimidwudokgcvmeolsy\" id=\"nkkufqjlznyzfihbokimidwudokgcvmeolsy\" class=\"brz-section brz-css-pzagq\">\n<div class=\"brz-section__content brz-section--boxed brz-css-jelsm brz-css-bimvh\" data-custom-id=\"mevnxulqbbwbzduopyychpyxzajcpaqsbray\">\n<div class=\"brz-bg\">\n<div class=\"brz-bg-image\"><\/div>\n<\/div>\n<div class=\"brz-container brz-css-drjrx\">\n<div class=\"brz-css-yjwed brz-wrapper\">\n<div class=\"brz-rich-text brz-rich-text__custom brz-css-kcmtw\" data-custom-id=\"wishxtwbmxebcynufeqffrmryqpmewchoyjg\">\n<div>\n<h2 class=\"brz-css-cbwyg\" data-generated-css=\"brz-css-itlfc\" data-uniq-id=\"bryet\"><span>L\u00c0M SAO \u0110\u1ec2 DUY TR\u00cc C\u1ea4P B\u1eacC N\u00c0Y?<\/span><\/h2>\n<p class=\"brz-css-qojka\" data-generated-css=\"brz-css-tphox\" data-uniq-id=\"jgsxf\"><span>Qu\u00fd kh\u00e1ch c\u1ea7n duy tr\u00ec kh\u1ed1i l\u01b0\u1ee3ng giao d\u1ecbch h\u00e0ng qu\u00fd l\u00e0 200 tri\u1ec7u USD.<\/span><\/p>\n<p class=\"brz-css-byqvx\" data-generated-css=\"brz-css-ovcny\" data-uniq-id=\"cxvlj\"><\/p>\n<\/div>\n<\/div>\n<\/div>\n<\/div>\n<\/div>\n<\/section>\n<section data-uid=\"yhekcgrpesguydsbyyntobpivfrsjlpkbqod\" id=\"yhekcgrpesguydsbyyntobpivfrsjlpkbqod\" class=\"brz-section brz-css-pzagq\">\n<div class=\"brz-section__content brz-section--boxed brz-css-jelsm brz-css-pkbrf\" data-custom-id=\"kuqmeyholwygrkperjyqzggxzslaiolsftkp\">\n<div class=\"brz-bg\">\n<div class=\"brz-bg-color\"><\/div>\n<\/div>\n<div class=\"brz-container brz-css-drjrx\">\n<div class=\"brz-css-yjwed brz-wrapper\">\n<div class=\"brz-rich-text brz-rich-text__custom brz-css-kcmtw\" data-custom-id=\"qkkpnnrmrqqfqdslwousfycybdacwcxjysot\">\n<div>\n<h2 class=\"brz-css-lhjxp\" data-generated-css=\"brz-css-npfwf\" data-uniq-id=\"ngvso\"><span>L\u00c0M SAO \u0110\u1ec2 N\u00c2NG C\u1ea4P B\u1eacC?<\/span><\/h2>\n<p class=\"brz-css-wlpje\" data-generated-css=\"brz-css-dohis\" data-uniq-id=\"nbmqz\"><span>\u0110\u1ec3 l\u00ean \u0111\u01b0\u1ee3c c\u1ea5p b\u1eadc Signature c\u1ee7a Ch\u01b0\u01a1ng tr\u00ecnh Premier, t\u1ed5ng gi\u00e1 tr\u1ecb ti\u1ec1n n\u1ea1p c\u1ee7a qu\u00fd kh\u00e1ch trong su\u1ed1t th\u1eddi gian tham gia ph\u1ea3i \u0111\u1ea1t 200.000 USD v\u00e0 kh\u1ed1i l\u01b0\u1ee3ng giao d\u1ecbch h\u00e0ng qu\u00fd \u00edt nh\u1ea5t l\u00e0 400 tri\u1ec7u USD.<\/span><\/p>\n<p class=\"brz-css-gvofx\" data-generated-css=\"brz-css-ljvce\" data-uniq-id=\"zudtx\"><\/p>\n<\/div>\n<\/div>\n<\/div>\n<\/div>\n<\/div>\n<\/section>\n<section data-uid=\"ufesygbbhwqranvhoupzvrblxmzcejjzeyhq\" id=\"ufesygbbhwqranvhoupzvrblxmzcejjzeyhq\" class=\"brz-section brz-css-pzagq\">\n<div class=\"brz-section__content brz-section--fullWidth brz-css-jelsm brz-css-kdlep\" data-custom-id=\"czxqwibzdldqjvcozdwieygkxxtkwnnsyuld\">\n<div class=\"brz-container brz-css-drjrx brz-css-hatfc\">\n<div class=\"brz-css-yjwed brz-css-okwhq brz-wrapper\">\n<div class=\"brz-image brz-css-xjord\"><img decoding=\"async\" class=\"brz-img\" src=\"https:\/\/ex-pro.love\/?lang=vi&amp;brizy_media=wp-12f04970c2c06d01d20bbfd406d5e5f2.jpg&amp;brizy_crop=iW%3D1920%26iH%3D750%26oX%3D0%26oY%3D0%26cW%3D1920%26cH%3D750\" alt=\"\" loading=\"lazy\" \/><\/div>\n<\/div>\n<\/div>\n<\/div>\n<\/section>\n<\/div>\n<p><!-- version:1744172491 --><\/p>\n","protected":false},"excerpt":{"rendered":"<p>Ch\u00e0o m\u1eebng qu\u00fd kh\u00e1ch \u0111\u1ebfn v\u1edbi Ch\u01b0\u01a1ng tr\u00ecnh EXNESS PREMIER&hellip; <a class=\"more-link\" href=\"https:\/\/ex-pro.love\/index.php\/elite\/?lang=vi\">\u7ee7\u7eed\u9605\u8bfb<span class=\"screen-reader-text\">elite<\/span><\/a><\/p>\n","protected":false},"author":1,"featured_media":0,"parent":0,"menu_order":0,"comment_status":"closed","ping_status":"closed","template":"brizy-blank-template.php","meta":{"footnotes":""},"class_list":["post-2143","page","type-page","status-publish","hentry","entry"],"_links":{"self":[{"href":"https:\/\/ex-pro.love\/index.php\/wp-json\/wp\/v2\/pages\/2143","targetHints":{"allow":["GET"]}}],"collection":[{"href":"https:\/\/ex-pro.love\/index.php\/wp-json\/wp\/v2\/pages"}],"about":[{"href":"https:\/\/ex-pro.love\/index.php\/wp-json\/wp\/v2\/types\/page"}],"author":[{"embeddable":true,"href":"https:\/\/ex-pro.love\/index.php\/wp-json\/wp\/v2\/users\/1"}],"replies":[{"embeddable":true,"href":"https:\/\/ex-pro.love\/index.php\/wp-json\/wp\/v2\/comments?post=2143"}],"version-history":[{"count":4,"href":"https:\/\/ex-pro.love\/index.php\/wp-json\/wp\/v2\/pages\/2143\/revisions"}],"predecessor-version":[{"id":3346,"href":"https:\/\/ex-pro.love\/index.php\/wp-json\/wp\/v2\/pages\/2143\/revisions\/3346"}],"wp:attachment":[{"href":"https:\/\/ex-pro.love\/index.php\/wp-json\/wp\/v2\/media?parent=2143"}],"curies":[{"name":"wp","href":"https:\/\/api.w.org\/{rel}","templated":true}]}}