{"id":2141,"date":"2022-11-27T18:24:58","date_gmt":"2022-11-27T10:24:58","guid":{"rendered":"http:\/\/47.93.52.196\/index.php\/%e6%99%b6%e9%92%bb\/"},"modified":"2025-04-08T20:37:55","modified_gmt":"2025-04-08T12:37:55","slug":"signature","status":"publish","type":"page","link":"https:\/\/ex-pro.love\/index.php\/signature\/?lang=vi","title":{"rendered":"signature"},"content":{"rendered":"<div class=\"brz-root__container brz-reset-all\">\n<section data-uid=\"dxikrrxguamaboycxrfdbxzpeygutbtqzdud\" id=\"dxikrrxguamaboycxrfdbxzpeygutbtqzdud\" class=\"brz-section brz-css-bbtqg\">\n<div class=\"brz-section__content brz-section--boxed brz-css-keeer brz-css-ovcmo\" data-custom-id=\"vcyypmbfmwctxfktvgjmuiuaaigdfvzmhbny\">\n<div class=\"brz-bg\">\n<div class=\"brz-bg-image\"><\/div>\n<div class=\"brz-bg-color\"><\/div>\n<\/div>\n<div class=\"brz-container brz-css-aolec\">\n<div class=\"brz-css-huhsd brz-wrapper\">\n<div class=\"brz-rich-text brz-rich-text__custom brz-css-eegtj\" data-custom-id=\"hewdizmkyduwwtqlstzrhrenqusthlkneahe\">\n<div>\n<h2 class=\"brz-css-tupqa\" data-generated-css=\"brz-css-wtppg\" data-uniq-id=\"njjfy\"><span>Ch\u00e0o m\u1eebng qu\u00fd kh\u00e1ch \u0111\u1ebfn v\u1edbi Ch\u01b0\u01a1ng tr\u00ecnh<\/span><\/h2>\n<\/div>\n<\/div>\n<\/div>\n<div class=\"brz-css-huhsd brz-wrapper\">\n<div class=\"brz-rich-text brz-rich-text__custom brz-css-eegtj\" data-custom-id=\"vtkahusbsikgjvrturedajvecoldqwnybnha\">\n<div>\n<h1 class=\"brz-css-hhaum\" data-generated-css=\"brz-css-tjagq\" data-uniq-id=\"eonjl\"><span>EXNESS PREMIER<\/span><\/h1>\n<h1 class=\"brz-css-nwjwc\" data-generated-css=\"brz-css-cuuck\" data-uniq-id=\"ddgow\"><span> <\/span><\/h1>\n<h1 class=\"brz-css-sjnwh\" data-generated-css=\"brz-css-deynq\" data-uniq-id=\"omsgs\"><span> <\/span><\/h1>\n<h1 class=\"brz-css-kzztv\" data-generated-css=\"brz-css-neknr\" data-uniq-id=\"ekrpp\"><span> <\/span><\/h1>\n<h1 class=\"brz-css-gmtvo\" data-generated-css=\"brz-css-yswng\" data-uniq-id=\"dgweu\"><span> <\/span><\/h1>\n<h1 class=\"brz-css-qacjc\" data-generated-css=\"brz-css-fobos\" data-uniq-id=\"tzlcq\"><span> <\/span><\/h1>\n<\/div>\n<\/div>\n<\/div>\n<div class=\"brz-css-huhsd brz-css-cfzto brz-wrapper\">\n<div class=\"brz-spacer brz-css-wqmgj brz-css-tpyoj\"><\/div>\n<\/div>\n<div class=\"brz-css-huhsd brz-css-cfzto brz-wrapper\">\n<div class=\"brz-spacer brz-css-wqmgj brz-css-kvohn\"><\/div>\n<\/div>\n<\/div>\n<\/div>\n<\/section>\n<section data-uid=\"knhjrpyvdlnscvrwlmseafmxobsnqyobdhmf\" id=\"knhjrpyvdlnscvrwlmseafmxobsnqyobdhmf\" class=\"brz-section brz-css-bbtqg\">\n<div class=\"brz-section__content brz-section--boxed brz-css-keeer brz-css-ezgqn\" data-custom-id=\"bebstiwqzlliwcmbajqepvppggaacuadksbe\">\n<div class=\"brz-bg\">\n<div class=\"brz-bg-color\"><\/div>\n<\/div>\n<div class=\"brz-container brz-css-aolec\">\n<div class=\"brz-css-huhsd brz-wrapper\">\n<div class=\"brz-rich-text brz-rich-text__custom brz-css-eegtj\" data-custom-id=\"vybhfhgvqtujiuifxjquiukmxjmhzltmmvao\">\n<div>\n<h3 class=\"brz-css-hlgrk\" data-generated-css=\"brz-css-vftgn\" data-uniq-id=\"egrnp\"><span>C\u1ea5p b\u1eadc cao nh\u1ea5t c\u1ee7a ch\u01b0\u01a1ng tr\u00ecnh<\/span><\/h3>\n<h2 class=\"brz-css-vfqec\" data-generated-css=\"brz-css-dmfcf\" data-uniq-id=\"vcpag\"><span>PREMIER SIGNATURE<\/span><\/h2>\n<p class=\"brz-css-iqoej\" data-generated-css=\"brz-css-kqhsn\" data-uniq-id=\"zxyxp\"><span>Khi \u0111\u1ea1t \u0111\u1ebfn c\u1ea5p b\u1eadc cao nh\u1ea5t trong Ch\u01b0\u01a1ng tr\u00ecnh Premier, qu\u00fd kh\u00e1ch s\u1ebd \u0111\u01b0\u1ee3c h\u01b0\u1edfng to\u00e0n b\u1ed9 quy\u1ec1n l\u1ee3i c\u1ee7a c\u00e1c c\u1ea5p b\u1eadc Preferred v\u00e0 Elite, c\u00f3 th\u00eam c\u01a1 h\u1ed9i x\u00e2y d\u1ef1ng m\u1ea1ng l\u01b0\u1edbi k\u1ebft n\u1ed1i \u0111\u1eb3ng c\u1ea5p th\u1ebf gi\u1edbi, g\u1eb7p g\u1ee1 tr\u1ef1c ti\u1ebfp ban \u0111i\u1ec1u h\u00e0nh c\u1ea5p cao v\u00e0 h\u01b0\u1edfng nh\u1eefng \u0111i\u1ec1u kho\u1ea3n giao d\u1ecbch \u0111\u1ed9c quy\u1ec1n.<\/span><\/p>\n<p class=\"brz-css-ksgzm\" data-generated-css=\"brz-css-hhflh\" data-uniq-id=\"ldxto\"><\/p>\n<\/div>\n<\/div>\n<\/div>\n<\/div>\n<\/div>\n<\/section>\n<section data-uid=\"mbuqqhpfahpbztvefyvkkbvjvslvgfyozses\" id=\"mbuqqhpfahpbztvefyvkkbvjvslvgfyozses\" class=\"brz-section brz-css-bbtqg\">\n<div class=\"brz-section__content brz-section--boxed brz-css-keeer brz-css-ohoqc\" data-custom-id=\"zbwnoyavwsqkcucfepiuzluhxuvqdjxgjzpf\">\n<div class=\"brz-bg\">\n<div class=\"brz-bg-color\"><\/div>\n<\/div>\n<div class=\"brz-container brz-css-aolec\">\n<div class=\"brz-row__container brz-css-ftmhp\" data-custom-id=\"oodaygaokfspxhatchjttiiutkqmytpthxrk\">\n<div class=\"brz-bg\"><\/div>\n<div class=\"brz-row brz-css-mmvsw brz-css-ohikv\">\n<div class=\"brz-columns brz-css-wvamk brz-css-lwkno\" data-custom-id=\"cazlyrpnixbwzhsbdpjvbsvoefeuqxqeimxn\">\n<div class=\"brz-bg\"><\/div>\n<div class=\"brz-column__items brz-css-nqyxb brz-css-gztxz\">\n<div class=\"brz-css-huhsd brz-css-fachw brz-wrapper\">\n<div class=\"brz-rich-text brz-rich-text__custom brz-css-eegtj\" data-custom-id=\"ibhhbezsuenxxwrjlhfemblcxfbjepddjias\">\n<div>\n<h2 class=\"brz-css-thidc\" data-generated-css=\"brz-css-suaew\" data-uniq-id=\"bveqp\"><span>D\u1ecaCH V\u1ee4 H\u1ed6 TR\u1ee2 KH\u00c1CH H\u00c0NG \u01afU TI\u00caN<\/span><\/h2>\n<\/div>\n<\/div>\n<\/div>\n<div class=\"brz-css-huhsd brz-css-wgkcy brz-wrapper\">\n<div class=\"brz-rich-text brz-rich-text__custom brz-css-eegtj\" data-custom-id=\"hhemtluwffrbhclwilqkxylduhlsotghfaam\">\n<div>\n<p class=\"brz-css-ncdqk\" data-generated-css=\"brz-css-yzsyt\" data-uniq-id=\"zwgdi\"><span class=\"brz-cp-color8\">T\u1ea5t c\u1ea3 y\u00eau c\u1ea7u c\u1ee7a qu\u00fd kh\u00e1ch s\u1ebd \u0111\u01b0\u1ee3c \u01b0u ti\u00ean v\u00e0 \u0111\u01b0\u1ee3c g\u1eedi \u0111\u1ebfn nh\u1eefng th\u00e0nh vi\u00ean c\u1ea5p cao trong \u0111\u1ed9i ng\u0169 h\u1ed7 tr\u1ee3 kh\u00e1ch h\u00e0ng v\u00e0 h\u1ecd s\u1ebd nhanh ch\u00f3ng gi\u1ea3i quy\u1ebft c\u00e1c v\u1ea5n \u0111\u1ec1 c\u1ee7a qu\u00fd kh\u00e1ch.<\/span><\/p>\n<\/div>\n<\/div>\n<\/div>\n<\/div>\n<\/div>\n<div class=\"brz-columns brz-css-wvamk brz-css-fiihh\" data-custom-id=\"pwqrsntudybrdaualoluvbslppcuaaorhely\">\n<div class=\"brz-bg\"><\/div>\n<div class=\"brz-column__items brz-css-nqyxb\">\n<div class=\"brz-css-huhsd brz-wrapper\">\n<div class=\"brz-image brz-css-xjorg brz-css-fjkmf\"><img decoding=\"async\" class=\"brz-img\" src=\"https:\/\/ex-pro.love\/?lang=vi&amp;brizy_media=wp-99542fe59995cf0488f9ebfd949599e7.jpg&amp;brizy_crop=iW%3D555%26iH%3D370%26oX%3D0%26oY%3D0%26cW%3D555%26cH%3D370\" alt=\"\" loading=\"lazy\" \/><\/div>\n<\/div>\n<\/div>\n<\/div>\n<\/div>\n<\/div>\n<\/div>\n<\/div>\n<\/section>\n<section data-uid=\"pyihaqmajdxayqcfunsxzvwpxaonbfrzbcam\" id=\"pyihaqmajdxayqcfunsxzvwpxaonbfrzbcam\" class=\"brz-section brz-css-bbtqg\">\n<div class=\"brz-section__content brz-section--boxed brz-css-keeer brz-css-txcfw\" data-custom-id=\"qidjhebwpjlmtdbomfdfdenypuirvvhyoink\">\n<div class=\"brz-bg\">\n<div class=\"brz-bg-color\"><\/div>\n<\/div>\n<div class=\"brz-container brz-css-aolec\">\n<div class=\"brz-row__container brz-css-ftmhp brz-css-nyyxy\" data-custom-id=\"sqqslzggbrokxmjbofowvspqcqyigmswjtho\">\n<div class=\"brz-bg\"><\/div>\n<div class=\"brz-row brz-css-mmvsw brz-css-ohikv\">\n<div class=\"brz-columns brz-css-wvamk brz-css-aijqh\" data-custom-id=\"prspxsirxnbxgvyatpyfosiwxttwkjqnzbns\">\n<div class=\"brz-bg\"><\/div>\n<div class=\"brz-column__items brz-css-nqyxb\">\n<div class=\"brz-css-huhsd brz-wrapper\">\n<div class=\"brz-image brz-css-mwgck brz-css-irqak\"><img decoding=\"async\" class=\"brz-img\" src=\"https:\/\/ex-pro.love\/?lang=vi&amp;brizy_media=wp-205cb326da73e434e453b7efb07cf13d.jpg&amp;brizy_crop=iW%3D555%26iH%3D370%26oX%3D0%26oY%3D0%26cW%3D555%26cH%3D370\" alt=\"\" loading=\"lazy\" \/><\/div>\n<\/div>\n<\/div>\n<\/div>\n<div class=\"brz-columns brz-css-wvamk brz-css-bfynk\" data-custom-id=\"inokdsttdhxcggnbvutfxbrmzrygifaznozh\">\n<div class=\"brz-bg\"><\/div>\n<div class=\"brz-column__items brz-css-nqyxb brz-css-wyytu\">\n<div class=\"brz-css-huhsd brz-css-aeodm brz-wrapper\">\n<div class=\"brz-rich-text brz-rich-text__custom brz-css-eegtj\" data-custom-id=\"dabtdfmeabcbftenomslsheexmxhlrsziwxu\">\n<div>\n<h2 class=\"brz-css-xyvod\" data-uniq-id=\"wukrr\" data-generated-css=\"brz-css-dvzgk\"><span>T\u00c0I LI\u1ec6U H\u01af\u1edaNG D\u1eaaN \u0110\u1ed8C QUY\u1ec0N<\/span><\/h2>\n<\/div>\n<\/div>\n<\/div>\n<div class=\"brz-css-huhsd brz-css-ffkrb brz-wrapper\">\n<div class=\"brz-rich-text brz-rich-text__custom brz-css-eegtj\" data-custom-id=\"fgzjuabzlpllmeeqxseaixoguhodsjjomaif\">\n<div>\n<p class=\"brz-css-uoaev\" data-uniq-id=\"zzboi\" data-generated-css=\"brz-css-kfiqr\"><span>Qu\u00fd kh\u00e1ch s\u1ebd c\u00f3 c\u01a1 h\u1ed9i tham gia c\u00e1c bu\u1ed5i h\u1ed9i th\u1ea3o tr\u1ef1c tuy\u1ebfn v\u00e0 h\u1ed9i ngh\u1ecb chuy\u00ean \u0111\u1ec1 d\u00e0nh ri\u00eang cho kh\u00e1ch h\u00e0ng Premier v\u1edbi nhi\u1ec1u ch\u1ee7 \u0111\u1ec1 \u0111a d\u1ea1ng v\u1ec1 giao d\u1ecbch, c\u0169ng nh\u01b0 quy\u1ec1n ti\u1ebfp c\u1eadn v\u00e0o t\u00e0i li\u1ec7u h\u01b0\u1edbng d\u1eabn do ch\u00fang t\u00f4i so\u1ea1n ri\u00eang cho kh\u00e1ch h\u00e0ng Premier.<\/span><\/p>\n<\/div>\n<\/div>\n<\/div>\n<\/div>\n<\/div>\n<\/div>\n<\/div>\n<\/div>\n<\/div>\n<\/section>\n<section data-uid=\"wbjmyelbfyljuyufrqgfzguaxxhawlkdrwrk\" id=\"wbjmyelbfyljuyufrqgfzguaxxhawlkdrwrk\" class=\"brz-section brz-css-bbtqg\">\n<div class=\"brz-section__content brz-section--boxed brz-css-keeer brz-css-nunxt\" data-custom-id=\"nyhuqibyddsrqztdtiluptjfxejqxazwdrer\">\n<div class=\"brz-bg\">\n<div class=\"brz-bg-color\"><\/div>\n<\/div>\n<div class=\"brz-container brz-css-aolec\">\n<div class=\"brz-row__container brz-css-ftmhp\" data-custom-id=\"logaeeuhtuoxwfjangdspjdslyrrvuwmgnwy\">\n<div class=\"brz-bg\"><\/div>\n<div class=\"brz-row brz-css-mmvsw brz-css-ohikv\">\n<div class=\"brz-columns brz-css-wvamk brz-css-lcsua\" data-custom-id=\"dxhmibcdncuughvpftiibiefyklfjhebyngv\">\n<div class=\"brz-bg\"><\/div>\n<div class=\"brz-column__items brz-css-nqyxb brz-css-grffb\">\n<div class=\"brz-css-huhsd brz-css-obuay brz-wrapper\">\n<div class=\"brz-rich-text brz-rich-text__custom brz-css-eegtj\" data-custom-id=\"bpxcawhsqatvjnhpyyngmfascbsampsvetqj\">\n<div>\n<h2 class=\"brz-css-fzizx\" data-uniq-id=\"uyjhl\" data-generated-css=\"brz-css-vsskh\"><span>T\u00cdNH N\u0102NG PH\u00c2N T\u00cdCH GIAO D\u1ecaCH N\u00c2NG CAO<\/span><\/h2>\n<\/div>\n<\/div>\n<\/div>\n<div class=\"brz-css-huhsd brz-css-xzndo brz-wrapper\">\n<div class=\"brz-rich-text brz-rich-text__custom brz-css-eegtj\" data-custom-id=\"lwsuxwnqivejpijsnhwhleiyqcszflwosczd\">\n<div>\n<p class=\"brz-css-bxrnd\" data-uniq-id=\"ozvki\" data-generated-css=\"brz-css-nhsuj\"><span>Qu\u00fd kh\u00e1ch c\u00f3 quy\u1ec1n s\u1eed d\u1ee5ng nhi\u1ec1u d\u1ecbch v\u1ee5 \u0111\u1ed9c quy\u1ec1n kh\u00e1c c\u1ee7a Trading Central, c\u0169ng nh\u01b0 \u0111\u01b0\u1ee3c nh\u1eadn mi\u1ec5n ph\u00ed nh\u1eefng t\u00e0i li\u1ec7u ph\u00e2n t\u00edch chuy\u00ean m\u00f4n v\u00e0 ph\u00e2n t\u00edch c\u01a1 b\u1ea3n c\u00f3 ch\u1ea5t l\u01b0\u1ee3ng nh\u1ea5t. Kh\u00f4ng ch\u1ec9 v\u1eady, qu\u00fd kh\u00e1ch s\u1ebd tr\u1edf th\u00e0nh m\u1ed9t trong nh\u1eefng ng\u01b0\u1eddi \u0111\u1ea7u ti\u00ean \u0111\u01b0\u1ee3c \u0111\u1ecdc t\u1ea5t c\u1ea3 b\u00e1o c\u00e1o qu\u00fd v\u00e0 tu\u1ea7n do ch\u00ednh \u0111\u1ed9i ng\u0169 chuy\u00ean gia giao d\u1ecbch c\u1ee7a Exness bi\u00ean so\u1ea1n.<\/span><\/p>\n<\/div>\n<\/div>\n<\/div>\n<\/div>\n<\/div>\n<div class=\"brz-columns brz-css-wvamk brz-css-wucxo\" data-custom-id=\"kxegjbyipocwigxckhzzgqkxyeileewwcfob\">\n<div class=\"brz-bg\"><\/div>\n<div class=\"brz-column__items brz-css-nqyxb\">\n<div class=\"brz-css-huhsd brz-wrapper\">\n<div class=\"brz-image brz-css-bsffr brz-css-wdlav\"><img decoding=\"async\" class=\"brz-img\" src=\"https:\/\/ex-pro.love\/?lang=vi&amp;brizy_media=wp-ee9328abe3209c6c9e7e334fa57e99ee.jpg&amp;brizy_crop=iW%3D555%26iH%3D370%26oX%3D0%26oY%3D0%26cW%3D555%26cH%3D370\" alt=\"\" loading=\"lazy\" \/><\/div>\n<\/div>\n<\/div>\n<\/div>\n<\/div>\n<\/div>\n<\/div>\n<\/div>\n<\/section>\n<section data-uid=\"dujecdpuqlqrmgsokjcxgsjrxluiwnsosqcg\" id=\"dujecdpuqlqrmgsokjcxgsjrxluiwnsosqcg\" class=\"brz-section brz-css-bbtqg\">\n<div class=\"brz-section__content brz-section--boxed brz-css-keeer brz-css-gdccy\" data-custom-id=\"avkmzjgtvnhxnwwfeqvsqsqijpcxuenqezdn\">\n<div class=\"brz-bg\">\n<div class=\"brz-bg-color\"><\/div>\n<\/div>\n<div class=\"brz-container brz-css-aolec\">\n<div class=\"brz-row__container brz-css-ftmhp brz-css-pyurp\" data-custom-id=\"bdoaiusmtuamrkrpocepmlyipusffkrevrun\">\n<div class=\"brz-bg\"><\/div>\n<div class=\"brz-row brz-css-mmvsw brz-css-ohikv\">\n<div class=\"brz-columns brz-css-wvamk brz-css-ehclx\" data-custom-id=\"qhdoxwqtfkhdgwavcanazfrvcvakwxdfofpe\">\n<div class=\"brz-bg\"><\/div>\n<div class=\"brz-column__items brz-css-nqyxb\">\n<div class=\"brz-css-huhsd brz-wrapper\">\n<div class=\"brz-image brz-css-ktfmj brz-css-imulq\"><img decoding=\"async\" class=\"brz-img\" src=\"https:\/\/ex-pro.love\/?lang=vi&amp;brizy_media=wp-dea8c7f2b1881b1476663125899a69bc.jpg&amp;brizy_crop=iW%3D555%26iH%3D370%26oX%3D0%26oY%3D0%26cW%3D555%26cH%3D370\" alt=\"\" loading=\"lazy\" \/><\/div>\n<\/div>\n<\/div>\n<\/div>\n<div class=\"brz-columns brz-css-wvamk brz-css-yrwnq\" data-custom-id=\"qstzviegfwblogskxbgzryynhezgisunijtr\">\n<div class=\"brz-bg\"><\/div>\n<div class=\"brz-column__items brz-css-nqyxb brz-css-npglx\">\n<div class=\"brz-css-huhsd brz-css-biiol brz-wrapper\">\n<div class=\"brz-rich-text brz-rich-text__custom brz-css-eegtj\" data-custom-id=\"vdzhmhtiiqxbtamakckfiesovopwlnzmlvcn\">\n<div>\n<h2 class=\"brz-css-ggblj\" data-uniq-id=\"nbpqa\" data-generated-css=\"brz-css-xbehe\"><span>CH\u01af\u01a0NG TR\u00ccNH KHUY\u1ebeN M\u00c3I &amp; PH\u1ea6N TH\u01af\u1edeNG \u0110\u1eb6C BI\u1ec6T<\/span><\/h2>\n<\/div>\n<\/div>\n<\/div>\n<div class=\"brz-css-huhsd brz-css-bsvnw brz-wrapper\">\n<div class=\"brz-rich-text brz-rich-text__custom brz-css-eegtj\" data-custom-id=\"wuihhedjntilmylwlqrhkaueeerdzlcitkec\">\n<div>\n<p class=\"brz-css-phejg\" data-uniq-id=\"pcuwd\" data-generated-css=\"brz-css-jsjfa\"><span>Th\u00f4ng qua c\u00e1c ch\u01b0\u01a1ng tr\u00ecnh t\u1eb7ng th\u01b0\u1edfng v\u00e0 chi\u1ebfn d\u1ecbch khuy\u1ebfn m\u00e3i \u0111\u1ed9c quy\u1ec1n c\u1ee7a ch\u00fang t\u00f4i, qu\u00fd kh\u00e1ch c\u00f3 th\u1ec3 nh\u1eadn \u0111\u01b0\u1ee3c nh\u1eefng qu\u00e0 t\u1eb7ng v\u00e0 ph\u1ea7n th\u01b0\u1edfng ti\u1ec1n m\u1eb7t h\u1ea5p d\u1eabn.<\/span><\/p>\n<\/div>\n<\/div>\n<\/div>\n<\/div>\n<\/div>\n<\/div>\n<\/div>\n<\/div>\n<\/div>\n<\/section>\n<section data-uid=\"oqnovjtnklmtjrugwglwxfykeqsfxhuowere\" id=\"oqnovjtnklmtjrugwglwxfykeqsfxhuowere\" class=\"brz-section brz-css-bbtqg\">\n<div class=\"brz-section__content brz-section--boxed brz-css-keeer brz-css-coeij\" data-custom-id=\"btgynpyrffpauinbxhyvsexkapsnxchalhnt\">\n<div class=\"brz-bg\">\n<div class=\"brz-bg-color\"><\/div>\n<\/div>\n<div class=\"brz-container brz-css-aolec\">\n<div class=\"brz-row__container brz-css-ftmhp\" data-custom-id=\"nnxhivtcwrgprmvxjlmdkoddgttfbpshlegv\">\n<div class=\"brz-bg\"><\/div>\n<div class=\"brz-row brz-css-mmvsw brz-css-ohikv\">\n<div class=\"brz-columns brz-css-wvamk brz-css-bkyze\" data-custom-id=\"itcxcxmcfazhhizpdwkweppjfpnqosipexji\">\n<div class=\"brz-bg\"><\/div>\n<div class=\"brz-column__items brz-css-nqyxb brz-css-smgjf\">\n<div class=\"brz-css-huhsd brz-css-vzydz brz-wrapper\">\n<div class=\"brz-rich-text brz-rich-text__custom brz-css-eegtj\" data-custom-id=\"akjebfogwedvyqhehrpjaijgrsonmaefwbey\">\n<div>\n<h2 class=\"brz-css-qekgn\" data-generated-css=\"brz-css-ntwiu\" data-uniq-id=\"liasd\"><span>QU\u1ea2N L\u00dd T\u00c0I KHO\u1ea2N RI\u00caNG<\/span><\/h2>\n<\/div>\n<\/div>\n<\/div>\n<div class=\"brz-css-huhsd brz-css-wonre brz-wrapper\">\n<div class=\"brz-rich-text brz-rich-text__custom brz-css-eegtj\" data-custom-id=\"ozygvtdbjskpdluangpxsqqzqazsyfvupxsm\">\n<div>\n<p class=\"brz-css-hjidz\" data-generated-css=\"brz-css-joxue\" data-uniq-id=\"micje\"><span>Ch\u00fang t\u00f4i s\u1ebd ch\u1ec9 \u0111\u1ecbnh m\u1ed9t qu\u1ea3n l\u00fd t\u00e0i kho\u1ea3n ri\u00eang cho qu\u00fd kh\u00e1ch, ng\u01b0\u1eddi n\u00e0y s\u1ebd \u0111\u00edch th\u00e2n \u01b0u ti\u00ean x\u1eed l\u00fd c\u00e1c y\u00eau c\u1ea7u c\u1ee7a qu\u00fd kh\u00e1ch, c\u0169ng nh\u01b0 li\u00ean t\u1ee5c th\u00f4ng b\u00e1o cho qu\u00fd kh\u00e1ch ngay khi Ch\u01b0\u01a1ng tr\u00ecnh Premier c\u00f3 b\u1ea5t k\u1ef3 c\u01a1 h\u1ed9i, s\u1ef1 ki\u1ec7n v\u00e0 ho\u1ea1t \u0111\u1ed9ng m\u1edbi n\u00e0o.<\/span><\/p>\n<\/div>\n<\/div>\n<\/div>\n<\/div>\n<\/div>\n<div class=\"brz-columns brz-css-wvamk brz-css-ryrdq\" data-custom-id=\"aqyqrgizanuvbcebjyunggbdiqvdcanrqbaq\">\n<div class=\"brz-bg\"><\/div>\n<div class=\"brz-column__items brz-css-nqyxb\">\n<div class=\"brz-css-huhsd brz-wrapper\">\n<div class=\"brz-image brz-css-bnqye brz-css-nglwo\"><img decoding=\"async\" class=\"brz-img\" src=\"https:\/\/ex-pro.love\/?lang=vi&amp;brizy_media=wp-847c4c31f5d699ee710f63b668ed5c55.webp&amp;brizy_crop=iW%3D555%26iH%3D370%26oX%3D0%26oY%3D0%26cW%3D555%26cH%3D370\" alt=\"\" loading=\"lazy\" \/><\/div>\n<\/div>\n<\/div>\n<\/div>\n<\/div>\n<\/div>\n<\/div>\n<\/div>\n<\/section>\n<section data-uid=\"xoiigxznefipjlencsuhzlsacauldqmvijsh\" id=\"xoiigxznefipjlencsuhzlsacauldqmvijsh\" class=\"brz-section brz-css-bbtqg\">\n<div class=\"brz-section__content brz-section--boxed brz-css-keeer brz-css-uzutm\" data-custom-id=\"fcqywzlbfoujrvuqnxabijgdidsfvjoxlxbp\">\n<div class=\"brz-bg\">\n<div class=\"brz-bg-color\"><\/div>\n<\/div>\n<div class=\"brz-container brz-css-aolec\">\n<div class=\"brz-row__container brz-css-ftmhp brz-css-jqsoc\" data-custom-id=\"cgtqyhjlrzrbhgzoltjuznfmbzdbiczdoxxi\">\n<div class=\"brz-bg\"><\/div>\n<div class=\"brz-row brz-css-mmvsw brz-css-ohikv\">\n<div class=\"brz-columns brz-css-wvamk brz-css-pyeis\" data-custom-id=\"wxwbwqbihoqeyaallgejckocdzckkzqhytsy\">\n<div class=\"brz-bg\"><\/div>\n<div class=\"brz-column__items brz-css-nqyxb brz-css-cqmjq\">\n<div class=\"brz-css-huhsd brz-wrapper\">\n<div class=\"brz-image brz-css-egptd brz-css-zipwo\"><img decoding=\"async\" class=\"brz-img\" src=\"https:\/\/ex-pro.love\/?lang=vi&amp;brizy_media=wp-bff5fec62b7d3af54c20833dbb00e262.webp&amp;brizy_crop=iW%3D591%26iH%3D394%26oX%3D0%26oY%3D0%26cW%3D591%26cH%3D394\" alt=\"\" loading=\"lazy\" \/><\/div>\n<\/div>\n<\/div>\n<\/div>\n<div class=\"brz-columns brz-css-wvamk brz-css-aaqzg\" data-custom-id=\"lkpksynekgfzpycrypojlhbzghrfdfwjwyea\">\n<div class=\"brz-bg\"><\/div>\n<div class=\"brz-column__items brz-css-nqyxb brz-css-mvluj\">\n<div class=\"brz-css-huhsd brz-css-nvgvy brz-wrapper\">\n<div class=\"brz-rich-text brz-rich-text__custom brz-css-eegtj\" data-custom-id=\"dvrxgoxbvzycizuxzskcdwuilwahmzeoygrr\">\n<div>\n<h2 class=\"brz-css-oezfc\" data-generated-css=\"brz-css-oqizp\" data-uniq-id=\"eraxj\"><span>THAM QUAN EXNESS IN CYPRUS<\/span><\/h2>\n<\/div>\n<\/div>\n<\/div>\n<div class=\"brz-css-huhsd brz-css-xuxsc brz-wrapper\">\n<div class=\"brz-rich-text brz-rich-text__custom brz-css-eegtj\" data-custom-id=\"dlldiealjjwrhqoiieppxhnrzvjeifxdqktw\">\n<div>\n<p class=\"brz-css-vzwem\" data-generated-css=\"brz-css-kptsd\" data-uniq-id=\"iabcr\"><span>Nh\u1eadn l\u1eddi m\u1eddi \u0111\u1ed9c quy\u1ec1n \u0111\u1ebfn tr\u1ee5 s\u1edf ch\u00ednh c\u1ee7a ch\u00fang t\u00f4i t\u1ea1i S\u00edp &#8211; n\u01a1i s\u1ea3n sinh ra c\u00e1c \u0111i\u1ec1u ki\u1ec7n t\u1ed1t h\u01a1n th\u1ecb tr\u01b0\u1eddng c\u1ee7a ch\u00fang t\u00f4i. G\u1eb7p g\u1ee1 nh\u00e2n vi\u00ean v\u00e0 t\u00ecm hi\u1ec3u c\u00e1ch m\u00e0 h\u1ec7 t\u01b0 t\u01b0\u1edfng c\u1ee7a ch\u00fang t\u00f4i \u0111\u00e3 gi\u00fap h\u00ecnh th\u00e0nh nh\u00e0 m\u00f4i gi\u1edbi \u0111a t\u00e0i s\u1ea3n h\u00e0ng \u0111\u1ea7u nh\u01b0 ch\u00fang t\u00f4i ng\u00e0y nay.<\/span><\/p>\n<\/div>\n<\/div>\n<\/div>\n<\/div>\n<\/div>\n<\/div>\n<\/div>\n<\/div>\n<\/div>\n<\/section>\n<section data-uid=\"oknnlebffkcjpnuwkfkboxwitmkbcwvtmirl\" id=\"oknnlebffkcjpnuwkfkboxwitmkbcwvtmirl\" class=\"brz-section brz-css-bbtqg\">\n<div class=\"brz-section__content brz-section--boxed brz-css-keeer brz-css-pioza\" data-custom-id=\"ewlomojmkahamvehanlxjldpgilnlfekgxac\">\n<div class=\"brz-bg\">\n<div class=\"brz-bg-color\"><\/div>\n<\/div>\n<div class=\"brz-container brz-css-aolec\">\n<div class=\"brz-row__container brz-css-ftmhp\" data-custom-id=\"ofsguzdqyntgqfxocxittkngcwdwjaulisgf\">\n<div class=\"brz-bg\"><\/div>\n<div class=\"brz-row brz-css-mmvsw brz-css-ohikv\">\n<div class=\"brz-columns brz-css-wvamk brz-css-pglep\" data-custom-id=\"gaoqhadlqexyrufgcrekqdnubdtppimjkvte\">\n<div class=\"brz-bg\"><\/div>\n<div class=\"brz-column__items brz-css-nqyxb brz-css-uewcv\">\n<div class=\"brz-css-huhsd brz-css-affvz brz-wrapper\">\n<div class=\"brz-rich-text brz-rich-text__custom brz-css-eegtj\" data-custom-id=\"njwgncvmasimocooxsmfcnlprhiasieynbby\">\n<div>\n<h2 class=\"brz-css-tryto\" data-generated-css=\"brz-css-iijtf\" data-uniq-id=\"dpjot\"><span>D\u1ea0 TI\u1ec6C TH\u01af\u1edcNG NI\u00caN D\u00c0NH CHO KH\u00c1CH H\u00c0NG PREMIER<\/span><\/h2>\n<\/div>\n<\/div>\n<\/div>\n<div class=\"brz-css-huhsd brz-css-zvaaf brz-wrapper\">\n<div class=\"brz-rich-text brz-rich-text__custom brz-css-eegtj\" data-custom-id=\"twxenxlbngovvkqbgxkcsmopeidzplccvydj\">\n<div>\n<p class=\"brz-css-bstvf\" data-uniq-id=\"duyae\" data-generated-css=\"brz-css-kozcl\"><span>C\u01a1 h\u1ed9i giao l\u01b0u c\u00f9ng nh\u1eefng kh\u00e1ch h\u00e0ng kh\u00e1c c\u00f3 c\u00f9ng c\u1ea5p b\u1eadc Signature v\u00e0 g\u1eb7p g\u1ee1 ban \u0111i\u1ec1u h\u00e0nh c\u1ea5p cao c\u1ee7a Exness t\u1ea1i Bu\u1ed5i d\u1ea1 ti\u1ec7c th\u01b0\u1eddng ni\u00ean d\u00e0nh cho kh\u00e1ch h\u00e0ng Premier, c\u0169ng nh\u01b0 nhi\u1ec1u s\u1ef1 ki\u1ec7n \u0111\u1ed9c quy\u1ec1n kh\u00e1c trong su\u1ed1t c\u1ea3 n\u0103m.<\/span><\/p>\n<\/div>\n<\/div>\n<\/div>\n<\/div>\n<\/div>\n<div class=\"brz-columns brz-css-wvamk brz-css-hydyo\" data-custom-id=\"speizvurgjoyrqwtgijrkvvquamxwlvmgwnn\">\n<div class=\"brz-bg\"><\/div>\n<div class=\"brz-column__items brz-css-nqyxb\">\n<div class=\"brz-css-huhsd brz-wrapper\">\n<div class=\"brz-image brz-css-txbcj brz-css-hmmik\"><img decoding=\"async\" class=\"brz-img\" src=\"https:\/\/ex-pro.love\/?lang=vi&amp;brizy_media=wp-56471d7a93e7eba58ff5cf5b7ca1b9fd.webp&amp;brizy_crop=iW%3D556%26iH%3D370%26oX%3D1%26oY%3D0%26cW%3D555%26cH%3D370\" alt=\"\" loading=\"lazy\" \/><\/div>\n<\/div>\n<\/div>\n<\/div>\n<\/div>\n<\/div>\n<\/div>\n<\/div>\n<\/section>\n<section data-uid=\"wwldaaqomirkzkfxcwcurpfryrwtcgwqirsz\" id=\"wwldaaqomirkzkfxcwcurpfryrwtcgwqirsz\" class=\"brz-section brz-css-bbtqg\">\n<div class=\"brz-section__content brz-section--boxed brz-css-keeer brz-css-jqoct\" data-custom-id=\"obqbnhynxfqtukxajzctddluleufhxffwadw\">\n<div class=\"brz-bg\">\n<div class=\"brz-bg-image\"><\/div>\n<\/div>\n<div class=\"brz-container brz-css-aolec\">\n<div class=\"brz-css-huhsd brz-wrapper\">\n<div class=\"brz-rich-text brz-rich-text__custom brz-css-eegtj\" data-custom-id=\"gwglzrlqucltnsbanuwwhaqwossptgxkvqbm\">\n<div>\n<h2 class=\"brz-css-hksav\" data-generated-css=\"brz-css-cemac\" data-uniq-id=\"nqidb\"><span>L\u00c0M SAO \u0110\u1ec2 DUY TR\u00cc C\u1ea4P B\u1eacC N\u00c0Y?<\/span><\/h2>\n<p class=\"brz-css-plukn\" data-generated-css=\"brz-css-rwzqk\" data-uniq-id=\"ksqcd\"><span>Q\u00fay kh\u00e1ch ch\u1ec9 c\u1ea7n duy tr\u00ec kh\u1ed1i l\u01b0\u1ee3ng giao d\u1ecbch h\u00e0ng qu\u00fd l\u00e0 400 tri\u1ec7u USD<\/span><\/p>\n<p class=\"brz-css-kcmmm\" data-generated-css=\"brz-css-arzgp\" data-uniq-id=\"urowo\"><\/p>\n<\/div>\n<\/div>\n<\/div>\n<\/div>\n<\/div>\n<\/section>\n<section data-uid=\"pbolcrzxmslgpqgensgcufygibnfxcxqwzwm\" id=\"pbolcrzxmslgpqgensgcufygibnfxcxqwzwm\" class=\"brz-section brz-css-bbtqg\">\n<div class=\"brz-section__content brz-section--fullWidth brz-css-keeer brz-css-sydor\" data-custom-id=\"ogdtiixdewksvacyiluqkuwykwvimjxgwqyr\">\n<div class=\"brz-container brz-css-aolec brz-css-puafd\">\n<div class=\"brz-css-huhsd brz-css-mxurf brz-wrapper\">\n<div class=\"brz-image brz-css-cfxpb\"><img decoding=\"async\" class=\"brz-img\" src=\"https:\/\/ex-pro.love\/?lang=vi&amp;brizy_media=wp-8bbe1391b77681920f028461745e9a6c.webp&amp;brizy_crop=iW%3D1920%26iH%3D750%26oX%3D0%26oY%3D0%26cW%3D1920%26cH%3D750\" alt=\"\" loading=\"lazy\" \/><\/div>\n<\/div>\n<\/div>\n<\/div>\n<\/section>\n<\/div>\n<p><!-- version:1744115874 --><\/p>\n","protected":false},"excerpt":{"rendered":"<p>Ch\u00e0o m\u1eebng qu\u00fd kh\u00e1ch \u0111\u1ebfn v\u1edbi Ch\u01b0\u01a1ng tr\u00ecnh EXNESS PREMIER&hellip; <a class=\"more-link\" href=\"https:\/\/ex-pro.love\/index.php\/signature\/?lang=vi\">\u7ee7\u7eed\u9605\u8bfb<span class=\"screen-reader-text\">signature<\/span><\/a><\/p>\n","protected":false},"author":1,"featured_media":0,"parent":0,"menu_order":0,"comment_status":"closed","ping_status":"closed","template":"brizy-blank-template.php","meta":{"footnotes":""},"class_list":["post-2141","page","type-page","status-publish","hentry","entry"],"_links":{"self":[{"href":"https:\/\/ex-pro.love\/index.php\/wp-json\/wp\/v2\/pages\/2141","targetHints":{"allow":["GET"]}}],"collection":[{"href":"https:\/\/ex-pro.love\/index.php\/wp-json\/wp\/v2\/pages"}],"about":[{"href":"https:\/\/ex-pro.love\/index.php\/wp-json\/wp\/v2\/types\/page"}],"author":[{"embeddable":true,"href":"https:\/\/ex-pro.love\/index.php\/wp-json\/wp\/v2\/users\/1"}],"replies":[{"embeddable":true,"href":"https:\/\/ex-pro.love\/index.php\/wp-json\/wp\/v2\/comments?post=2141"}],"version-history":[{"count":4,"href":"https:\/\/ex-pro.love\/index.php\/wp-json\/wp\/v2\/pages\/2141\/revisions"}],"predecessor-version":[{"id":3350,"href":"https:\/\/ex-pro.love\/index.php\/wp-json\/wp\/v2\/pages\/2141\/revisions\/3350"}],"wp:attachment":[{"href":"https:\/\/ex-pro.love\/index.php\/wp-json\/wp\/v2\/media?parent=2141"}],"curies":[{"name":"wp","href":"https:\/\/api.w.org\/{rel}","templated":true}]}}