{"id":2139,"date":"2022-11-28T10:02:06","date_gmt":"2022-11-28T02:02:06","guid":{"rendered":"http:\/\/47.93.52.196\/index.php\/%e6%8a%a5%e5%91%8a\/"},"modified":"2025-04-21T08:37:36","modified_gmt":"2025-04-21T00:37:36","slug":"reports","status":"publish","type":"page","link":"https:\/\/ex-pro.love\/index.php\/reports\/?lang=vi","title":{"rendered":"reports"},"content":{"rendered":"<div class=\"brz-root__container brz-reset-all\">\n<section data-uid=\"fvbghjrzsbiaqmjfirjmqpcmigtnslqunrip\" id=\"fvbghjrzsbiaqmjfirjmqpcmigtnslqunrip\" class=\"brz-section brz-css-mkwlj\">\n<div class=\"brz-section__content brz-section--boxed brz-css-osqni brz-css-umyfk\" data-custom-id=\"cibyktqzhskjafxwaethcczsyqhcfhprmpbf\">\n<div class=\"brz-bg\">\n<div class=\"brz-bg-image\"><\/div>\n<div class=\"brz-bg-color\"><\/div>\n<\/div>\n<div class=\"brz-container brz-css-powas\">\n<div class=\"brz-css-stkjp brz-wrapper\">\n<div class=\"brz-rich-text brz-rich-text__custom brz-css-fnifj\" data-custom-id=\"nxdjqzbzojbipytjjlzjiliatiginxcrhvre\">\n<div>\n<h1 class=\"brz-css-sxfqq\" data-generated-css=\"brz-css-etfqe\" data-uniq-id=\"gqmvt\"><\/h1>\n<h1 class=\"brz-css-nwhmy\" data-generated-css=\"brz-css-isjlz\" data-uniq-id=\"oaatj\"><span>B\u00c1O C\u00c1O EXNESS<\/span><\/h1>\n<h1 class=\"brz-css-maftr\" data-generated-css=\"brz-css-wudpb\" data-uniq-id=\"dtrwv\"><\/h1>\n<h1 class=\"brz-css-lrynl\" data-generated-css=\"brz-css-ywkxt\" data-uniq-id=\"qiawe\"><\/h1>\n<h1 class=\"brz-css-yryru\" data-generated-css=\"brz-css-cadqf\" data-uniq-id=\"toqvf\"><span> <\/span><\/h1>\n<h1 class=\"brz-css-xmanl\" data-generated-css=\"brz-css-dhnpn\" data-uniq-id=\"jpqoh\"><span> <\/span><\/h1>\n<h1 class=\"brz-css-nwlsb\" data-generated-css=\"brz-css-jniti\" data-uniq-id=\"dzubz\"><span> <\/span><\/h1>\n<h1 class=\"brz-css-gacfj\" data-generated-css=\"brz-css-ubyzu\" data-uniq-id=\"ajudd\"><span> <\/span><\/h1>\n<\/div>\n<\/div>\n<\/div>\n<div class=\"brz-css-stkjp brz-css-tcblk brz-wrapper\">\n<div class=\"brz-spacer brz-css-xpbes brz-css-ztfyx\"><\/div>\n<\/div>\n<div class=\"brz-css-stkjp brz-css-tcblk brz-wrapper\">\n<div class=\"brz-spacer brz-css-xpbes brz-css-uwrpc\"><\/div>\n<\/div>\n<\/div>\n<\/div>\n<\/section>\n<section data-uid=\"rshpuubevyrpjgktcwsuhxhkvhmkirdahipf\" id=\"rshpuubevyrpjgktcwsuhxhkvhmkirdahipf\" class=\"brz-section brz-css-mkwlj\">\n<div class=\"brz-section__content brz-section--boxed brz-css-osqni brz-css-imjrl\" data-custom-id=\"rnirxnmgacmyfvslbazrsxbzztdfepqidzdl\">\n<div class=\"brz-bg\">\n<div class=\"brz-bg-color\"><\/div>\n<\/div>\n<div class=\"brz-container brz-css-powas\">\n<div class=\"brz-css-stkjp brz-css-aajgs brz-wrapper\">\n<div class=\"brz-rich-text brz-rich-text__custom brz-css-fnifj\" data-custom-id=\"ekxcybomexdfvsbjyybjnigedahxhzzwtxuw\">\n<div>\n<h2 class=\"brz-css-qcndu\" data-generated-css=\"brz-css-ugrby\" data-uniq-id=\"prwsl\"><span>Tri\u1ec3n V\u1ecdng H\u00e0ng Qu\u00fd C\u1ee7a Exness<\/span><\/h2>\n<p class=\"brz-css-qpwcx\" data-generated-css=\"brz-css-tnpfx\" data-uniq-id=\"wjela\"><\/p>\n<\/div>\n<\/div>\n<\/div>\n<div class=\"brz-css-stkjp brz-wrapper\">\n<div class=\"brz-rich-text brz-rich-text__custom brz-css-fnifj\" data-custom-id=\"rstjzobzdttytzuiueyfhjxoazworokimcop\">\n<div>\n<p class=\"brz-css-lkalg\" data-uniq-id=\"vnomh\" data-generated-css=\"brz-css-hikyl\"><span>\u0110\u1ecdc t\u1ea5t c\u1ea3 tin t\u1ee9c th\u1ecb tr\u01b0\u1eddng m\u1edbi nh\u1ea5t v\u00e0 nh\u1eadn ph\u00e2n t\u00edch t\u1eeb chuy\u00ean gia trong c\u00e1c b\u00e1o c\u00e1o giao d\u1ecbch th\u01b0\u1eddng k\u1ef3 c\u1ee7a ch\u00fang t\u00f4i. Kh\u00e1ch h\u00e0ng Premier s\u1ebd lu\u00f4n l\u00e0 ng\u01b0\u1eddi \u0111\u1ea7u ti\u00ean nh\u1eadn \u0111\u01b0\u1ee3c nh\u1eefng th\u00f4ng tin chuy\u00ean s\u00e2u h\u1eefu \u00edch n\u00e0y.<\/span><\/p>\n<\/div>\n<\/div>\n<\/div>\n<div class=\"brz-row__container brz-css-amshx\" data-custom-id=\"dmyjhonjskhqseehvdbocvxfgtozadmbdpjn\">\n<div class=\"brz-bg\"><\/div>\n<div class=\"brz-row brz-css-vgmno\">\n<div class=\"brz-columns brz-css-vswtm brz-css-sfxin\" data-custom-id=\"bjukwirchbckhtdmqnmkblyxyjgcxfwldbjx\">\n<div class=\"brz-bg\"><\/div>\n<div class=\"brz-column__items brz-css-vzkjb brz-css-nqkry\">\n<div class=\"brz-css-stkjp brz-css-lrsds brz-wrapper\">\n<div class=\"brz-image brz-css-wvhly\"><img decoding=\"async\" class=\"brz-img\" src=\"https:\/\/ex-pro.love\/?lang=vi&amp;brizy_media=wp-16ea5b48d52ff10c99fc526d77f42888.webp&amp;brizy_crop=iW%3D221%26iH%3D118%26oX%3D1%26oY%3D0%26cW%3D219%26cH%3D118\" alt=\"\" loading=\"lazy\" \/><\/div>\n<\/div>\n<div class=\"brz-css-stkjp brz-wrapper\">\n<div class=\"brz-rich-text brz-rich-text__custom brz-css-fnifj\" data-custom-id=\"mpxhhpdgnseoacsdlsboodlwltrnmlaqfxcb\">\n<div>\n<p class=\"brz-css-xxhkm\" data-uniq-id=\"vcids\" data-generated-css=\"brz-css-qjtng\"><span class=\"brz-cp-color8\">Tri\u1ec3n V\u1ecdng H\u00e0ng Qu\u00fd C\u1ee7a Exness<\/span><\/p>\n<\/div>\n<\/div>\n<\/div>\n<div class=\"brz-wrapper-clone brz-css-iwtqw brz-css-xalyt\">\n<div class=\"brz-d-xs-flex brz-flex-xs-wrap brz-css-dikia\">\n<div class=\"brz-wrapper-clone__item brz-css-kaxoh\" id=\"dwqtoqojcmkpadvyogcghpjroptonpwxdefy\"><a class=\"brz-a brz-btn brz-css-dwztz brz-css-ippzg\" href=\"\/media\/docs\/Chinese_Q4_Outlook_2022_3.pdf\" target=\"_blank\" rel=\"noopener\" data-brz-link-type=\"external\" id data-custom-id=\"dwqtoqojcmkpadvyogcghpjroptonpwxdefy\"><span class=\"brz-span brz-text__editor\">TAI<\/span><\/a><\/div>\n<\/div>\n<\/div>\n<\/div>\n<\/div>\n<\/div>\n<\/div>\n<\/div>\n<\/div>\n<\/section>\n<\/div>\n<p><!-- version:1745195856 --><\/p>\n","protected":false},"excerpt":{"rendered":"<p>B\u00c1O C\u00c1O EXNESS Tri\u1ec3n V\u1ecdng H\u00e0ng Qu\u00fd C\u1ee7a Exness \u0110\u1ecdc t\u1ea5t c&hellip; <a class=\"more-link\" href=\"https:\/\/ex-pro.love\/index.php\/reports\/?lang=vi\">\u7ee7\u7eed\u9605\u8bfb<span class=\"screen-reader-text\">reports<\/span><\/a><\/p>\n","protected":false},"author":1,"featured_media":0,"parent":0,"menu_order":0,"comment_status":"closed","ping_status":"closed","template":"brizy-blank-template.php","meta":{"footnotes":""},"class_list":["post-2139","page","type-page","status-publish","hentry","entry"],"_links":{"self":[{"href":"https:\/\/ex-pro.love\/index.php\/wp-json\/wp\/v2\/pages\/2139","targetHints":{"allow":["GET"]}}],"collection":[{"href":"https:\/\/ex-pro.love\/index.php\/wp-json\/wp\/v2\/pages"}],"about":[{"href":"https:\/\/ex-pro.love\/index.php\/wp-json\/wp\/v2\/types\/page"}],"author":[{"embeddable":true,"href":"https:\/\/ex-pro.love\/index.php\/wp-json\/wp\/v2\/users\/1"}],"replies":[{"embeddable":true,"href":"https:\/\/ex-pro.love\/index.php\/wp-json\/wp\/v2\/comments?post=2139"}],"version-history":[{"count":5,"href":"https:\/\/ex-pro.love\/index.php\/wp-json\/wp\/v2\/pages\/2139\/revisions"}],"predecessor-version":[{"id":3349,"href":"https:\/\/ex-pro.love\/index.php\/wp-json\/wp\/v2\/pages\/2139\/revisions\/3349"}],"wp:attachment":[{"href":"https:\/\/ex-pro.love\/index.php\/wp-json\/wp\/v2\/media?parent=2139"}],"curies":[{"name":"wp","href":"https:\/\/api.w.org\/{rel}","templated":true}]}}