{"id":2125,"date":"2022-11-26T19:41:13","date_gmt":"2022-11-26T11:41:13","guid":{"rendered":"http:\/\/47.93.52.196\/index.php\/%e9%bb%84%e9%87%91\/"},"modified":"2025-04-21T08:16:55","modified_gmt":"2025-04-21T00:16:55","slug":"preferred","status":"publish","type":"page","link":"https:\/\/ex-pro.love\/index.php\/preferred\/?lang=es","title":{"rendered":"preferred"},"content":{"rendered":"<div class=\"brz-root__container brz-reset-all\">\n<section data-uid=\"qnjscpmbhrrtlmpgvxjmrjrgbxcnekndolrv\" id=\"qnjscpmbhrrtlmpgvxjmrjrgbxcnekndolrv\" class=\"brz-section brz-css-ubjhf\">\n<div class=\"brz-section__content brz-section--boxed brz-css-ejdfb brz-css-hktyg\" data-custom-id=\"slnuqwspyexogpfxjjupurdsyoqzrpugtpgp\">\n<div class=\"brz-bg\">\n<div class=\"brz-bg-image\"><\/div>\n<\/div>\n<div class=\"brz-container brz-css-yrifx\">\n<div class=\"brz-css-cuegu brz-wrapper\">\n<div class=\"brz-rich-text brz-rich-text__custom brz-css-wdgcg\" data-custom-id=\"lcaxwlfuasofojhxajrvqtzaduyyukqywlxd\">\n<div>\n<h2 class=\"brz-css-jcvrm\" data-generated-css=\"brz-css-wbxby\" data-uniq-id=\"xevgu\"><span>Le damos la bienvenida a<\/span><\/h2>\n<\/div>\n<\/div>\n<\/div>\n<div class=\"brz-css-cuegu brz-wrapper\">\n<div class=\"brz-rich-text brz-rich-text__custom brz-css-wdgcg\" data-custom-id=\"qjuuldnbquckfayansvixwqktmcbufvfwcks\">\n<div>\n<h1 class=\"brz-css-pofjr\" data-generated-css=\"brz-css-yfmsl\" data-uniq-id=\"haopp\"><span>EXNESS PREMIER<\/span><\/h1>\n<h1 class=\"brz-css-afxos\" data-generated-css=\"brz-css-ttrdg\" data-uniq-id=\"gwdef\"><span> <\/span><\/h1>\n<h1 class=\"brz-css-hdnrc\" data-generated-css=\"brz-css-hzpdx\" data-uniq-id=\"woqvk\"><span> <\/span><\/h1>\n<h1 class=\"brz-css-urrvw\" data-generated-css=\"brz-css-zsfwf\" data-uniq-id=\"uvjir\"><span> <\/span><\/h1>\n<h1 class=\"brz-css-hdqoc\" data-generated-css=\"brz-css-oejhg\" data-uniq-id=\"mulhl\"><span> <\/span><\/h1>\n<h1 class=\"brz-css-eksae\" data-generated-css=\"brz-css-jnkfu\" data-uniq-id=\"sckjz\"><span> <\/span><\/h1>\n<\/div>\n<\/div>\n<\/div>\n<div class=\"brz-css-cuegu brz-css-tjgrj brz-wrapper\">\n<div class=\"brz-spacer brz-css-rtxat brz-css-wlvqh\"><\/div>\n<\/div>\n<div class=\"brz-css-cuegu brz-css-tjgrj brz-wrapper\">\n<div class=\"brz-spacer brz-css-rtxat brz-css-caoyt\"><\/div>\n<\/div>\n<\/div>\n<\/div>\n<\/section>\n<section data-uid=\"qptltuitvyqxoozqnrvkchpdjpidsfpxcehp\" id=\"qptltuitvyqxoozqnrvkchpdjpidsfpxcehp\" class=\"brz-section brz-css-ubjhf\">\n<div class=\"brz-section__content brz-section--boxed brz-css-ejdfb brz-css-sgsrb\" data-custom-id=\"yxklrwbeirwzedjagwsyegbitdtkoojizzpr\">\n<div class=\"brz-bg\">\n<div class=\"brz-bg-color\"><\/div>\n<\/div>\n<div class=\"brz-container brz-css-yrifx\">\n<div class=\"brz-css-cuegu brz-wrapper\">\n<div class=\"brz-rich-text brz-rich-text__custom brz-css-wdgcg\" data-custom-id=\"lbywxmeojgpsvhrigavgjtfqdrkjffuhuyyu\">\n<div>\n<h3 class=\"brz-css-iurvu\" data-generated-css=\"brz-css-etzlu\" data-uniq-id=\"ykajn\"><span>Aqu\u00ed es donde comienza su camino como miembro Premier, lo que le permitir\u00e1 disfrutar de una serie de privilegios y ventajas especiales<\/span><\/h3>\n<h2 class=\"brz-css-ssakj\" data-generated-css=\"brz-css-flstr\" data-uniq-id=\"omjhu\"><span>PREMIER PREFERRED<\/span><\/h2>\n<p class=\"brz-css-rvmuy\" data-generated-css=\"brz-css-osvnp\" data-uniq-id=\"lpzgi\"><span>Los miembros Premier Preferred pueden disfrutar de un servicio de atenci\u00f3n preferente al cliente, materiales educativos exclusivos, an\u00e1lisis de trading mejorados, as\u00ed como concursos y sorteos exclusivos.<\/span><\/p>\n<p class=\"brz-css-ccrye\" data-generated-css=\"brz-css-ybwsj\" data-uniq-id=\"vnzms\"><\/p>\n<\/div>\n<\/div>\n<\/div>\n<\/div>\n<\/div>\n<\/section>\n<section data-uid=\"nuhyavbshxagxqjytkwsjrjbpxvhinvgrhia\" id=\"nuhyavbshxagxqjytkwsjrjbpxvhinvgrhia\" class=\"brz-section brz-css-ubjhf\">\n<div class=\"brz-section__content brz-section--boxed brz-css-ejdfb brz-css-gbqob\" data-custom-id=\"vllebdmlnkhkffrqyewqgxzzptvwqyrwcpbs\">\n<div class=\"brz-bg\">\n<div class=\"brz-bg-color\"><\/div>\n<\/div>\n<div class=\"brz-container brz-css-yrifx\">\n<div class=\"brz-row__container brz-css-etkxd\" data-custom-id=\"bkjalmexrzrnkyjwwwgolrumjuohpkxbumua\">\n<div class=\"brz-bg\"><\/div>\n<div class=\"brz-row brz-css-yhxrt brz-css-prenn\">\n<div class=\"brz-columns brz-css-fmetx brz-css-wkgnd\" data-custom-id=\"fpkulammfmqqlkpsidhckdldpiaxrdwckiap\">\n<div class=\"brz-bg\"><\/div>\n<div class=\"brz-column__items brz-css-xizxg brz-css-eduzh\">\n<div class=\"brz-css-cuegu brz-css-imkiz brz-wrapper\">\n<div class=\"brz-rich-text brz-rich-text__custom brz-css-wdgcg\" data-custom-id=\"vgtpbcidkwhwkztdfbkrxwgqsveuaslkxdzs\">\n<div>\n<h2 class=\"brz-css-fvlgq\" data-generated-css=\"brz-css-prnaw\" data-uniq-id=\"ohnsa\"><span>ATENCI\u00d3N PREFERENTE AL CLIENTE<\/span><\/h2>\n<\/div>\n<\/div>\n<\/div>\n<div class=\"brz-css-cuegu brz-css-iecfi brz-wrapper\">\n<div class=\"brz-rich-text brz-rich-text__custom brz-css-wdgcg\" data-custom-id=\"xeqybfkqeegqamacpapdztagofhdnwkbtcoa\">\n<div>\n<p class=\"brz-css-hmbpv\" data-generated-css=\"brz-css-twmyb\" data-uniq-id=\"tpija\"><span class=\"brz-cp-color8\">Todas sus solicitudes se priorizar\u00e1n y se remitir\u00e1n a los miembros experimentados del equipo de atenci\u00f3n al cliente, que se ocupar\u00e1n de sus problemas con rapidez.<\/span><\/p>\n<\/div>\n<\/div>\n<\/div>\n<\/div>\n<\/div>\n<div class=\"brz-columns brz-css-fmetx brz-css-ferxl\" data-custom-id=\"fdmqwuqwcqtavpykjatrfeaphccbzkuebcns\">\n<div class=\"brz-bg\"><\/div>\n<div class=\"brz-column__items brz-css-xizxg\">\n<div class=\"brz-css-cuegu brz-wrapper\">\n<div class=\"brz-image brz-css-voshk brz-css-viwhg\"><img decoding=\"async\" class=\"brz-img\" src=\"https:\/\/ex-pro.love\/?lang=es&amp;brizy_media=wp-99542fe59995cf0488f9ebfd949599e7.jpg&amp;brizy_crop=iW%3D555%26iH%3D370%26oX%3D0%26oY%3D0%26cW%3D555%26cH%3D370\" alt=\"\" loading=\"lazy\" \/><\/div>\n<\/div>\n<\/div>\n<\/div>\n<\/div>\n<\/div>\n<\/div>\n<\/div>\n<\/section>\n<section data-uid=\"dbrkjqyvseobhwddqmivoyvngvgwmvyjkojx\" id=\"dbrkjqyvseobhwddqmivoyvngvgwmvyjkojx\" class=\"brz-section brz-css-ubjhf\">\n<div class=\"brz-section__content brz-section--boxed brz-css-ejdfb brz-css-pixyo\" data-custom-id=\"gfgvjyzzcjdfxwmkpsyuperrozdtnjevuuuy\">\n<div class=\"brz-bg\">\n<div class=\"brz-bg-color\"><\/div>\n<\/div>\n<div class=\"brz-container brz-css-yrifx\">\n<div class=\"brz-row__container brz-css-etkxd brz-css-bfgpn\" data-custom-id=\"plogwxexwnrdltfbausigtranuybxizxvjdx\">\n<div class=\"brz-bg\"><\/div>\n<div class=\"brz-row brz-css-yhxrt brz-css-prenn\">\n<div class=\"brz-columns brz-css-fmetx brz-css-ahdwe\" data-custom-id=\"grnaodyrsnmlolprcrdjvsbgfduzyjdsqppg\">\n<div class=\"brz-bg\"><\/div>\n<div class=\"brz-column__items brz-css-xizxg\">\n<div class=\"brz-css-cuegu brz-wrapper\">\n<div class=\"brz-image brz-css-alvah brz-css-skena\"><img decoding=\"async\" class=\"brz-img\" src=\"https:\/\/ex-pro.love\/?lang=es&amp;brizy_media=wp-205cb326da73e434e453b7efb07cf13d.jpg&amp;brizy_crop=iW%3D555%26iH%3D370%26oX%3D0%26oY%3D0%26cW%3D555%26cH%3D370\" alt=\"\" loading=\"lazy\" \/><\/div>\n<\/div>\n<\/div>\n<\/div>\n<div class=\"brz-columns brz-css-fmetx brz-css-shukp\" data-custom-id=\"gwyirdwncknnnzhcxepyruibfgpqddcbmvsa\">\n<div class=\"brz-bg\"><\/div>\n<div class=\"brz-column__items brz-css-xizxg brz-css-tqpgt\">\n<div class=\"brz-css-cuegu brz-css-yjqpq brz-wrapper\">\n<div class=\"brz-rich-text brz-rich-text__custom brz-css-wdgcg\" data-custom-id=\"yotuhigmpqiczfnpwnzrlijxuxdmqphrhrzw\">\n<div>\n<h2 class=\"brz-css-updqa\" data-uniq-id=\"beadt\" data-generated-css=\"brz-css-yhkiv\"><span>MATERIALES EDUCATIVOS EXCLUSIVOS<\/span><\/h2>\n<\/div>\n<\/div>\n<\/div>\n<div class=\"brz-css-cuegu brz-css-fupvx brz-wrapper\">\n<div class=\"brz-rich-text brz-rich-text__custom brz-css-wdgcg\" data-custom-id=\"wvevqwmnuptxowlrthxmflgspytufqxoisff\">\n<div>\n<p class=\"brz-css-zniej\" data-generated-css=\"brz-css-vzuta\" data-uniq-id=\"hbxpw\"><span>\u00danase a nuestros webinarios y seminarios Premier, que cubren una amplia gama de temas relacionados con el trading, y obtenga acceso a contenido educativo preparado exclusivamente para nuestros clientes Premier.<\/span><\/p>\n<\/div>\n<\/div>\n<\/div>\n<\/div>\n<\/div>\n<\/div>\n<\/div>\n<\/div>\n<\/div>\n<\/section>\n<section data-uid=\"vvlyllxlrpotmpmhkktkizkwigjfhncprgjg\" id=\"vvlyllxlrpotmpmhkktkizkwigjfhncprgjg\" class=\"brz-section brz-css-ubjhf\">\n<div class=\"brz-section__content brz-section--boxed brz-css-ejdfb brz-css-qaxst\" data-custom-id=\"rmjofhcusrbeucfnximotephzskwhpywqlix\">\n<div class=\"brz-bg\">\n<div class=\"brz-bg-color\"><\/div>\n<\/div>\n<div class=\"brz-container brz-css-yrifx\">\n<div class=\"brz-row__container brz-css-etkxd\" data-custom-id=\"ctckvjimhcwblybmgatfansgzyrnvcpswgwx\">\n<div class=\"brz-bg\"><\/div>\n<div class=\"brz-row brz-css-yhxrt brz-css-prenn\">\n<div class=\"brz-columns brz-css-fmetx brz-css-srvtd\" data-custom-id=\"dlzkveskihbyvuuisykvouqqfnpdiqinsiap\">\n<div class=\"brz-bg\"><\/div>\n<div class=\"brz-column__items brz-css-xizxg brz-css-latsv\">\n<div class=\"brz-css-cuegu brz-css-swnhv brz-wrapper\">\n<div class=\"brz-rich-text brz-rich-text__custom brz-css-wdgcg\" data-custom-id=\"skikexusbfzbwnfrscxxvzgqovmdgawbzhnb\">\n<div>\n<h2 class=\"brz-css-ycwoj\" data-uniq-id=\"vxwal\" data-generated-css=\"brz-css-zrcxb\"><span>AN\u00c1LISIS DE TRADING MEJORADOS<\/span><\/h2>\n<\/div>\n<\/div>\n<\/div>\n<div class=\"brz-css-cuegu brz-css-ejuhx brz-wrapper\">\n<div class=\"brz-rich-text brz-rich-text__custom brz-css-wdgcg\" data-custom-id=\"wlmhufxfscpprwvqibkrtvdeuywdeclmtscq\">\n<div>\n<p class=\"brz-css-ikxqx\" data-uniq-id=\"mofvf\" data-generated-css=\"brz-css-ejtmn\"><span>Obtenga acceso exclusivo a servicios adicionales de Trading Central, as\u00ed como una suscripci\u00f3n gratuita a las principales fuentes de an\u00e1lisis fundamental y t\u00e9cnico. Adem\u00e1s, acceda de forma anticipada a todos los informes semanales y trimestrales elaborados por los especialistas en trading de Exness.<\/span><\/p>\n<\/div>\n<\/div>\n<\/div>\n<\/div>\n<\/div>\n<div class=\"brz-columns brz-css-fmetx brz-css-zyrjq\" data-custom-id=\"enzqzgmmvphydyvvrefzsoptnvlelchuovsv\">\n<div class=\"brz-bg\"><\/div>\n<div class=\"brz-column__items brz-css-xizxg\">\n<div class=\"brz-css-cuegu brz-wrapper\">\n<div class=\"brz-image brz-css-xocyc brz-css-bpoys\"><img decoding=\"async\" class=\"brz-img\" src=\"https:\/\/ex-pro.love\/?lang=es&amp;brizy_media=wp-ee9328abe3209c6c9e7e334fa57e99ee.jpg&amp;brizy_crop=iW%3D555%26iH%3D370%26oX%3D0%26oY%3D0%26cW%3D555%26cH%3D370\" alt=\"\" loading=\"lazy\" \/><\/div>\n<\/div>\n<\/div>\n<\/div>\n<\/div>\n<\/div>\n<\/div>\n<\/div>\n<\/section>\n<section data-uid=\"ukpcplnfbgtgooyjwmjlwarzoykbjczweoni\" id=\"ukpcplnfbgtgooyjwmjlwarzoykbjczweoni\" class=\"brz-section brz-css-ubjhf\">\n<div class=\"brz-section__content brz-section--boxed brz-css-ejdfb brz-css-wekmi\" data-custom-id=\"ghbyqmwtimwnwwxehwvqiaukmbxvqvgyndyi\">\n<div class=\"brz-bg\">\n<div class=\"brz-bg-color\"><\/div>\n<\/div>\n<div class=\"brz-container brz-css-yrifx\">\n<div class=\"brz-row__container brz-css-etkxd brz-css-xisiv\" data-custom-id=\"ldmsqcndffmmlwlnvhebrmvainlzijpcconj\">\n<div class=\"brz-bg\"><\/div>\n<div class=\"brz-row brz-css-yhxrt brz-css-prenn\">\n<div class=\"brz-columns brz-css-fmetx brz-css-zjacg\" data-custom-id=\"lcsuykypkmefpablcqzueojgnldqsbsffooz\">\n<div class=\"brz-bg\"><\/div>\n<div class=\"brz-column__items brz-css-xizxg\">\n<div class=\"brz-css-cuegu brz-wrapper\">\n<div class=\"brz-image brz-css-pkwpm brz-css-moqiz\"><img decoding=\"async\" class=\"brz-img\" src=\"https:\/\/ex-pro.love\/?lang=es&amp;brizy_media=wp-dea8c7f2b1881b1476663125899a69bc.jpg&amp;brizy_crop=iW%3D555%26iH%3D370%26oX%3D0%26oY%3D0%26cW%3D555%26cH%3D370\" alt=\"\" loading=\"lazy\" \/><\/div>\n<\/div>\n<\/div>\n<\/div>\n<div class=\"brz-columns brz-css-fmetx brz-css-yzlvo\" data-custom-id=\"nmyajxzfjjxvwsrrpnmizjzfxabpgezeepor\">\n<div class=\"brz-bg\"><\/div>\n<div class=\"brz-column__items brz-css-xizxg brz-css-tpuby\">\n<div class=\"brz-css-cuegu brz-css-rhqrw brz-wrapper\">\n<div class=\"brz-rich-text brz-rich-text__custom brz-css-wdgcg\" data-custom-id=\"veoqkmqmznrbrrjvtvnjucovhbfptlpftdbr\">\n<div>\n<h2 class=\"brz-css-xbnwv\" data-uniq-id=\"uypfa\" data-generated-css=\"brz-css-ljdfl\"><span>RECOMPENSAS E PROMO\u00c7\u00d5ES ESPECIAIS<\/span><\/h2>\n<\/div>\n<\/div>\n<\/div>\n<div class=\"brz-css-cuegu brz-css-siuuq brz-wrapper\">\n<div class=\"brz-rich-text brz-rich-text__custom brz-css-wdgcg\" data-custom-id=\"btycllhbeqfthciiiogufulvmawjffmhghiz\">\n<div>\n<p class=\"brz-css-czfex\" data-generated-css=\"brz-css-fdhib\" data-uniq-id=\"vbxmd\"><span>Por meio de nossos programas de recompensas exclusivos e campanhas promocionais, voc\u00ea pode receber alguns pr\u00eamios incr\u00edveis e recompensas em dinheiro.<\/span><\/p>\n<\/div>\n<\/div>\n<\/div>\n<\/div>\n<\/div>\n<\/div>\n<\/div>\n<\/div>\n<\/div>\n<\/section>\n<section data-uid=\"usyvxevgynugttrkcnaojqxvuuwoewfadzfr\" id=\"usyvxevgynugttrkcnaojqxvuuwoewfadzfr\" class=\"brz-section brz-css-ubjhf\">\n<div class=\"brz-section__content brz-section--boxed brz-css-ejdfb brz-css-gnfya\" data-custom-id=\"kfekmsrewezvoigzitshtefenrvxosfczatd\">\n<div class=\"brz-bg\">\n<div class=\"brz-bg-image\"><\/div>\n<\/div>\n<div class=\"brz-container brz-css-yrifx\">\n<div class=\"brz-css-cuegu brz-wrapper\">\n<div class=\"brz-rich-text brz-rich-text__custom brz-css-wdgcg\" data-custom-id=\"aggfaqwfyzeysgwxroddgkcrenamcvijjbsg\">\n<div>\n<h3 class=\"brz-css-ztgvg\" data-generated-css=\"brz-css-ztmcj,brz-css-yhexr,brz-css-omgkr\" data-uniq-id=\"oxucw,zseqf,taleo\"><span>\u00bfC\u00f3mo<\/span><\/h3>\n<h2 data-generated-css=\"brz-css-ztmcj,brz-css-yhexr,brz-css-omgkr\" data-uniq-id=\"oxucw,zseqf,taleo\" class=\"brz-css-kestm\"><span>MANTENERSE EN EL NIVEL?<\/span><\/h2>\n<p data-generated-css=\"brz-css-ztmcj,brz-css-yhexr,brz-css-omgkr\" data-uniq-id=\"oxucw,zseqf,taleo\" class=\"brz-css-lwtmw\"><span>Para permanecer en el nivel Premier Preferred, debe mantener un volumen de operaciones trimestral de 120 millones de USD.<\/span><\/p>\n<p class=\"brz-css-bxqmt\" data-generated-css=\"brz-css-ldrfn\" data-uniq-id=\"qkzxm\"><\/p>\n<\/div>\n<\/div>\n<\/div>\n<\/div>\n<\/div>\n<\/section>\n<section data-uid=\"qresezfuujmxevzhifmlralxuhlgsupeynqj\" id=\"qresezfuujmxevzhifmlralxuhlgsupeynqj\" class=\"brz-section brz-css-ubjhf\">\n<div class=\"brz-section__content brz-section--boxed brz-css-ejdfb brz-css-tuvoo\" data-custom-id=\"nifuxfzyvdwyjcbcudinprytlkpxhfjhmuuk\">\n<div class=\"brz-bg\">\n<div class=\"brz-bg-color\"><\/div>\n<\/div>\n<div class=\"brz-container brz-css-yrifx\">\n<div class=\"brz-css-cuegu brz-wrapper\">\n<div class=\"brz-rich-text brz-rich-text__custom brz-css-wdgcg\" data-custom-id=\"dqdqpzoxdvhfcwbbubfdtsqmurqstatqnyxw\">\n<div>\n<h3 class=\"brz-css-kcrid\" data-generated-css=\"brz-css-urtbu\" data-uniq-id=\"zyfgf\"><span>\u00bfC\u00f3mo<\/span><\/h3>\n<h2 class=\"brz-css-ouvue\" data-generated-css=\"brz-css-gnjmu\" data-uniq-id=\"ppduf\"><span>SUBIR DE NIVEL?<\/span><\/h2>\n<p class=\"brz-css-jnvqm\" data-generated-css=\"brz-css-zinxy\" data-uniq-id=\"xmrwe\"><span>Para subir al nivel Premier Elite, el valor total permanente de sus dep\u00f3sitos debe alcanzar los 100 000 USD y el volumen de operaciones trimestral debe ser de al menos 200 millones de USD.<\/span><\/p>\n<p class=\"brz-css-uqest\" data-generated-css=\"brz-css-ovead\" data-uniq-id=\"owcul\"><\/p>\n<\/div>\n<\/div>\n<\/div>\n<\/div>\n<\/div>\n<\/section>\n<section data-uid=\"wavxaroplzwcoatdmmzgiyxnatqibleedwel\" id=\"wavxaroplzwcoatdmmzgiyxnatqibleedwel\" class=\"brz-section brz-css-ubjhf\">\n<div class=\"brz-section__content brz-section--fullWidth brz-css-ejdfb brz-css-cseqn\" data-custom-id=\"hvdhhaoswlvxeqodhuukzfilnrrkpijjxyuq\">\n<div class=\"brz-container brz-css-yrifx brz-css-sseox\">\n<div class=\"brz-css-cuegu brz-css-xpsxs brz-wrapper\">\n<div class=\"brz-image brz-css-odtdj\"><img decoding=\"async\" class=\"brz-img\" src=\"https:\/\/ex-pro.love\/?lang=es&amp;brizy_media=wp-72785e608b27416ce035d6d187bbb3c2.jpg&amp;brizy_crop=iW%3D1920%26iH%3D750%26oX%3D0%26oY%3D0%26cW%3D1920%26cH%3D750\" alt=\"\" loading=\"lazy\" \/><\/div>\n<\/div>\n<\/div>\n<\/div>\n<\/section>\n<\/div>\n<p><!-- version:1745194615 --><\/p>\n","protected":false},"excerpt":{"rendered":"<p>Le damos la bienvenida a EXNESS PREMIER Aqu\u00ed es donde c&hellip; <a class=\"more-link\" href=\"https:\/\/ex-pro.love\/index.php\/preferred\/?lang=es\">\u7ee7\u7eed\u9605\u8bfb<span class=\"screen-reader-text\">preferred<\/span><\/a><\/p>\n","protected":false},"author":1,"featured_media":0,"parent":0,"menu_order":0,"comment_status":"closed","ping_status":"closed","template":"brizy-blank-template.php","meta":{"footnotes":""},"class_list":["post-2125","page","type-page","status-publish","hentry","entry"],"_links":{"self":[{"href":"https:\/\/ex-pro.love\/index.php\/wp-json\/wp\/v2\/pages\/2125","targetHints":{"allow":["GET"]}}],"collection":[{"href":"https:\/\/ex-pro.love\/index.php\/wp-json\/wp\/v2\/pages"}],"about":[{"href":"https:\/\/ex-pro.love\/index.php\/wp-json\/wp\/v2\/types\/page"}],"author":[{"embeddable":true,"href":"https:\/\/ex-pro.love\/index.php\/wp-json\/wp\/v2\/users\/1"}],"replies":[{"embeddable":true,"href":"https:\/\/ex-pro.love\/index.php\/wp-json\/wp\/v2\/comments?post=2125"}],"version-history":[{"count":5,"href":"https:\/\/ex-pro.love\/index.php\/wp-json\/wp\/v2\/pages\/2125\/revisions"}],"predecessor-version":[{"id":2739,"href":"https:\/\/ex-pro.love\/index.php\/wp-json\/wp\/v2\/pages\/2125\/revisions\/2739"}],"wp:attachment":[{"href":"https:\/\/ex-pro.love\/index.php\/wp-json\/wp\/v2\/media?parent=2125"}],"curies":[{"name":"wp","href":"https:\/\/api.w.org\/{rel}","templated":true}]}}