{"id":2119,"date":"2022-11-27T18:01:02","date_gmt":"2022-11-27T10:01:02","guid":{"rendered":"http:\/\/47.93.52.196\/index.php\/%e7%99%bd%e9%87%91\/"},"modified":"2025-04-18T18:07:40","modified_gmt":"2025-04-18T10:07:40","slug":"elite","status":"publish","type":"page","link":"https:\/\/ex-pro.love\/index.php\/elite\/?lang=es","title":{"rendered":"elite"},"content":{"rendered":"<div class=\"brz-root__container brz-reset-all\">\n<section data-uid=\"gzynjncmphvrvvlplntnrrynucqdkzbenlct\" id=\"gzynjncmphvrvvlplntnrrynucqdkzbenlct\" class=\"brz-section brz-css-ytomi\">\n<div class=\"brz-section__content brz-section--boxed brz-css-ghsmo brz-css-toqnx\" data-custom-id=\"xzafopzaloqdrhggqvrcdjmhtwxcuyzffjfv\">\n<div class=\"brz-bg\">\n<div class=\"brz-bg-image\"><\/div>\n<div class=\"brz-bg-color\"><\/div>\n<\/div>\n<div class=\"brz-container brz-css-ivfwf\">\n<div class=\"brz-css-ntqat brz-wrapper\">\n<div class=\"brz-rich-text brz-rich-text__custom brz-css-xbeqh\" data-custom-id=\"prjclhiybttobsqpvgyozdpieydrxogmhuki\">\n<div>\n<h2 class=\"brz-css-kyrrd\" data-generated-css=\"brz-css-ysezh\" data-uniq-id=\"gfcbr\"><span>Le damos la bienvenida a<\/span><\/h2>\n<\/div>\n<\/div>\n<\/div>\n<div class=\"brz-css-ntqat brz-wrapper\">\n<div class=\"brz-rich-text brz-rich-text__custom brz-css-xbeqh\" data-custom-id=\"rurcqccnwntbsfwlcuolbkwtbstiklssaiag\">\n<div>\n<h1 class=\"brz-css-hwbpw\" data-uniq-id=\"ikmqe\" data-generated-css=\"brz-css-zdsrk\"><span style=\"opacity: 1\">EXNESS PREMIER<\/span><\/h1>\n<h1 class=\"brz-css-skrzr\" data-uniq-id=\"gtyes\" data-generated-css=\"brz-css-ynvpv\"><span style=\"opacity: 1\"> <\/span><\/h1>\n<h1 class=\"brz-css-pnrls\" data-uniq-id=\"hzdum\" data-generated-css=\"brz-css-tvhtm\"><span style=\"opacity: 1\"> <\/span><\/h1>\n<h1 class=\"brz-css-ahpur\" data-uniq-id=\"vyobn\" data-generated-css=\"brz-css-ycznv\"><span style=\"opacity: 1\"> <\/span><\/h1>\n<h1 class=\"brz-css-xrdqh\" data-uniq-id=\"auqax\" data-generated-css=\"brz-css-chtnk\"><span style=\"opacity: 1\"> <\/span><\/h1>\n<h1 class=\"brz-css-adqjq\" data-uniq-id=\"edhms\" data-generated-css=\"brz-css-aflmq\"><span style=\"opacity: 1\"> <\/span><\/h1>\n<\/div>\n<\/div>\n<\/div>\n<div class=\"brz-css-ntqat brz-css-yjawu brz-wrapper\">\n<div class=\"brz-spacer brz-css-tnfhq brz-css-qwknn\"><\/div>\n<\/div>\n<div class=\"brz-css-ntqat brz-css-yjawu brz-wrapper\">\n<div class=\"brz-spacer brz-css-tnfhq brz-css-ewogd\"><\/div>\n<\/div>\n<\/div>\n<\/div>\n<\/section>\n<section data-uid=\"ueplskzhttqsvbwcdopauphvkxynxopxsasu\" id=\"ueplskzhttqsvbwcdopauphvkxynxopxsasu\" class=\"brz-section brz-css-ytomi\">\n<div class=\"brz-section__content brz-section--boxed brz-css-ghsmo brz-css-hokyl\" data-custom-id=\"wizeccrlcitzctdbyjhffoxstnbicbvseacl\">\n<div class=\"brz-bg\">\n<div class=\"brz-bg-color\"><\/div>\n<\/div>\n<div class=\"brz-container brz-css-ivfwf\">\n<div class=\"brz-css-ntqat brz-wrapper\">\n<div class=\"brz-rich-text brz-rich-text__custom brz-css-xbeqh\" data-custom-id=\"dwtyjgkwtwsxgffodmirgmihqzdoaqqovcru\">\n<div>\n<h3 class=\"brz-css-kyakh\" data-generated-css=\"brz-css-sdluh\" data-uniq-id=\"ovxur\"><span>Le esperan m\u00e1s privilegios y ventajas en<\/span><\/h3>\n<h2 class=\"brz-css-gwspb\" data-generated-css=\"brz-css-mmahl\" data-uniq-id=\"ulcbm\"><span>PREMIER ELITE<\/span><\/h2>\n<p class=\"brz-css-bdrne\" data-generated-css=\"brz-css-xwnmj\" data-uniq-id=\"juhjj\"><span>Los miembros Premier Elite disfrutan de todas las ventajas de ser miembros Premier Preferred, adem\u00e1s de contar con un gestor de cuentas personal para ayudarles en sus necesidades de trading.<\/span><\/p>\n<p class=\"brz-css-rqaql\" data-generated-css=\"brz-css-jlfjd\" data-uniq-id=\"qddaa\"><\/p>\n<\/div>\n<\/div>\n<\/div>\n<\/div>\n<\/div>\n<\/section>\n<section data-uid=\"jhrspoprhqjrhcmmomdtdydpgjslhgejbtqj\" id=\"jhrspoprhqjrhcmmomdtdydpgjslhgejbtqj\" class=\"brz-section brz-css-ytomi\">\n<div class=\"brz-section__content brz-section--boxed brz-css-ghsmo brz-css-yxmdq\" data-custom-id=\"nvjzgomxtymesudgsvvhwhmczkscksyjaodv\">\n<div class=\"brz-bg\">\n<div class=\"brz-bg-color\"><\/div>\n<\/div>\n<div class=\"brz-container brz-css-ivfwf\">\n<div class=\"brz-row__container brz-css-jukxv\" data-custom-id=\"eclowrkhotmrbzisdqqtrzbjwgwjbpebjntg\">\n<div class=\"brz-bg\"><\/div>\n<div class=\"brz-row brz-css-zbmph brz-css-yxxxi\">\n<div class=\"brz-columns brz-css-vxjwb brz-css-lecaz\" data-custom-id=\"dilfohrrhnxmpfwjuorvuklnufnvmpwdiqjm\">\n<div class=\"brz-bg\"><\/div>\n<div class=\"brz-column__items brz-css-ysojd brz-css-xnder\">\n<div class=\"brz-css-ntqat brz-css-bbjdx brz-wrapper\">\n<div class=\"brz-rich-text brz-rich-text__custom brz-css-xbeqh\" data-custom-id=\"iecxsolmjktyutpeesericthezfbwxjhmepy\">\n<div>\n<h2 class=\"brz-css-mhihx\" data-generated-css=\"brz-css-prnaw\" data-uniq-id=\"ohnsa\"><span>ATENCI\u00d3N PREFERENTE AL CLIENTE<\/span><\/h2>\n<\/div>\n<\/div>\n<\/div>\n<div class=\"brz-css-ntqat brz-css-yktcb brz-wrapper\">\n<div class=\"brz-rich-text brz-rich-text__custom brz-css-xbeqh\" data-custom-id=\"frhsfogihjwuagaqfzykiboekqetkatfbvkq\">\n<div>\n<p class=\"brz-css-zsgid\" data-generated-css=\"brz-css-twmyb\" data-uniq-id=\"tpija\"><span class=\"brz-cp-color8\">Todas sus solicitudes se priorizar\u00e1n y se remitir\u00e1n a los miembros experimentados del equipo de atenci\u00f3n al cliente, que se ocupar\u00e1n de sus problemas con rapidez.<\/span><\/p>\n<\/div>\n<\/div>\n<\/div>\n<\/div>\n<\/div>\n<div class=\"brz-columns brz-css-vxjwb brz-css-gdqmr\" data-custom-id=\"huoaqxbzynjjbjojwkejjtdxrncczanbmyby\">\n<div class=\"brz-bg\"><\/div>\n<div class=\"brz-column__items brz-css-ysojd\">\n<div class=\"brz-css-ntqat brz-wrapper\">\n<div class=\"brz-image brz-css-thcxe brz-css-tpyno\"><img decoding=\"async\" class=\"brz-img\" src=\"https:\/\/ex-pro.love\/?lang=es&amp;brizy_media=wp-99542fe59995cf0488f9ebfd949599e7.jpg&amp;brizy_crop=iW%3D555%26iH%3D370%26oX%3D0%26oY%3D0%26cW%3D555%26cH%3D370\" alt=\"\" loading=\"lazy\" \/><\/div>\n<\/div>\n<\/div>\n<\/div>\n<\/div>\n<\/div>\n<\/div>\n<\/div>\n<\/section>\n<section data-uid=\"gmglrkubnstrwvyzrjrmftbovftkovdgaedq\" id=\"gmglrkubnstrwvyzrjrmftbovftkovdgaedq\" class=\"brz-section brz-css-ytomi\">\n<div class=\"brz-section__content brz-section--boxed brz-css-ghsmo brz-css-rbphh\" data-custom-id=\"mtrstohmksezjntutqeprvpeeaaojkpcytrv\">\n<div class=\"brz-bg\">\n<div class=\"brz-bg-color\"><\/div>\n<\/div>\n<div class=\"brz-container brz-css-ivfwf\">\n<div class=\"brz-row__container brz-css-jukxv brz-css-ikqwf\" data-custom-id=\"joqmtumyvjcnjtuepvvgjmcsymywdzkpwdau\">\n<div class=\"brz-bg\"><\/div>\n<div class=\"brz-row brz-css-zbmph brz-css-yxxxi\">\n<div class=\"brz-columns brz-css-vxjwb brz-css-xovqd\" data-custom-id=\"tgyxfzzydorkgrrmnbaxzcaejuoailskpgfk\">\n<div class=\"brz-bg\"><\/div>\n<div class=\"brz-column__items brz-css-ysojd\">\n<div class=\"brz-css-ntqat brz-wrapper\">\n<div class=\"brz-image brz-css-qnywv brz-css-hwncy\"><img decoding=\"async\" class=\"brz-img\" src=\"https:\/\/ex-pro.love\/?lang=es&amp;brizy_media=wp-205cb326da73e434e453b7efb07cf13d.jpg&amp;brizy_crop=iW%3D555%26iH%3D370%26oX%3D0%26oY%3D0%26cW%3D555%26cH%3D370\" alt=\"\" loading=\"lazy\" \/><\/div>\n<\/div>\n<\/div>\n<\/div>\n<div class=\"brz-columns brz-css-vxjwb brz-css-cucrs\" data-custom-id=\"mratmebewggfginfiufqpswzlyqehjwilxmu\">\n<div class=\"brz-bg\"><\/div>\n<div class=\"brz-column__items brz-css-ysojd brz-css-yepoa\">\n<div class=\"brz-css-ntqat brz-css-hdnzx brz-wrapper\">\n<div class=\"brz-rich-text brz-rich-text__custom brz-css-xbeqh\" data-custom-id=\"psqrpetckyzvtrkzvkhinaeflvzsxxfqkqmz\">\n<div>\n<h2 class=\"brz-css-pufai\" data-uniq-id=\"beadt\" data-generated-css=\"brz-css-yhkiv\"><span>MATERIALES EDUCATIVOS EXCLUSIVOS<\/span><\/h2>\n<\/div>\n<\/div>\n<\/div>\n<div class=\"brz-css-ntqat brz-css-ozkmd brz-wrapper\">\n<div class=\"brz-rich-text brz-rich-text__custom brz-css-xbeqh\" data-custom-id=\"mhohfeltsessspnzkyohgyrqdecekirxrqvm\">\n<div>\n<p class=\"brz-css-gcvrj\" data-generated-css=\"brz-css-vzuta\" data-uniq-id=\"hbxpw\"><span>\u00danase a nuestros webinarios y seminarios Premier, que cubren una amplia gama de temas relacionados con el trading, y obtenga acceso a contenido educativo preparado exclusivamente para nuestros clientes Premier.<\/span><\/p>\n<\/div>\n<\/div>\n<\/div>\n<\/div>\n<\/div>\n<\/div>\n<\/div>\n<\/div>\n<\/div>\n<\/section>\n<section data-uid=\"acjfcurtmcguuxcilzggtewoothsqgyagamb\" id=\"acjfcurtmcguuxcilzggtewoothsqgyagamb\" class=\"brz-section brz-css-ytomi\">\n<div class=\"brz-section__content brz-section--boxed brz-css-ghsmo brz-css-eldkd\" data-custom-id=\"ahkfmtrsyrxgodclytdtxqjeclccbubcpnih\">\n<div class=\"brz-bg\">\n<div class=\"brz-bg-color\"><\/div>\n<\/div>\n<div class=\"brz-container brz-css-ivfwf\">\n<div class=\"brz-row__container brz-css-jukxv\" data-custom-id=\"bxehmwdcbayxlmcwghzflqcyypthazvltdms\">\n<div class=\"brz-bg\"><\/div>\n<div class=\"brz-row brz-css-zbmph brz-css-yxxxi\">\n<div class=\"brz-columns brz-css-vxjwb brz-css-bsocy\" data-custom-id=\"rqwmabhmoasofwffnhgzdtlotrqwxivesona\">\n<div class=\"brz-bg\"><\/div>\n<div class=\"brz-column__items brz-css-ysojd brz-css-eeyjo\">\n<div class=\"brz-css-ntqat brz-css-gwjqm brz-wrapper\">\n<div class=\"brz-rich-text brz-rich-text__custom brz-css-xbeqh\" data-custom-id=\"qavuwywaizulpmpnkuarrzsycsrixteagxco\">\n<div>\n<h2 class=\"brz-css-zbxbj\" data-uniq-id=\"vxwal\" data-generated-css=\"brz-css-zrcxb\"><span>AN\u00c1LISIS DE TRADING MEJORADOS<\/span><\/h2>\n<\/div>\n<\/div>\n<\/div>\n<div class=\"brz-css-ntqat brz-css-vxmjg brz-wrapper\">\n<div class=\"brz-rich-text brz-rich-text__custom brz-css-xbeqh\" data-custom-id=\"dbussnoqsfiwoywgjnuxugbrnsietiplgoly\">\n<div>\n<p class=\"brz-css-pmcdx\" data-uniq-id=\"mofvf\" data-generated-css=\"brz-css-ejtmn\"><span>Obtenga acceso exclusivo a servicios adicionales de Trading Central, as\u00ed como una suscripci\u00f3n gratuita a las principales fuentes de an\u00e1lisis fundamental y t\u00e9cnico. Adem\u00e1s, acceda de forma anticipada a todos los informes semanales y trimestrales elaborados por los especialistas en trading de Exness.<\/span><\/p>\n<\/div>\n<\/div>\n<\/div>\n<\/div>\n<\/div>\n<div class=\"brz-columns brz-css-vxjwb brz-css-stsei\" data-custom-id=\"plrvxmjpbwwnuscxjvtwrlybjghejogxrvdc\">\n<div class=\"brz-bg\"><\/div>\n<div class=\"brz-column__items brz-css-ysojd\">\n<div class=\"brz-css-ntqat brz-wrapper\">\n<div class=\"brz-image brz-css-aglpl brz-css-sfmdi\"><img decoding=\"async\" class=\"brz-img\" src=\"https:\/\/ex-pro.love\/?lang=es&amp;brizy_media=wp-ee9328abe3209c6c9e7e334fa57e99ee.jpg&amp;brizy_crop=iW%3D555%26iH%3D370%26oX%3D0%26oY%3D0%26cW%3D555%26cH%3D370\" alt=\"\" loading=\"lazy\" \/><\/div>\n<\/div>\n<\/div>\n<\/div>\n<\/div>\n<\/div>\n<\/div>\n<\/div>\n<\/section>\n<section data-uid=\"spnglfbpkypqpkldrntgwhsawvvfdpjgihgj\" id=\"spnglfbpkypqpkldrntgwhsawvvfdpjgihgj\" class=\"brz-section brz-css-ytomi\">\n<div class=\"brz-section__content brz-section--boxed brz-css-ghsmo brz-css-nrvkk\" data-custom-id=\"prqdguezjqalcnxkrrelmydedevuqexulrts\">\n<div class=\"brz-bg\">\n<div class=\"brz-bg-color\"><\/div>\n<\/div>\n<div class=\"brz-container brz-css-ivfwf\">\n<div class=\"brz-row__container brz-css-jukxv brz-css-dsvuq\" data-custom-id=\"oawmdfusrekpqqqnhbdczmfdvkbiwanmmewi\">\n<div class=\"brz-bg\"><\/div>\n<div class=\"brz-row brz-css-zbmph brz-css-yxxxi\">\n<div class=\"brz-columns brz-css-vxjwb brz-css-klzvl\" data-custom-id=\"eynxvwzdengiwjnewkgghgqgnvcjyhqetgpz\">\n<div class=\"brz-bg\"><\/div>\n<div class=\"brz-column__items brz-css-ysojd\">\n<div class=\"brz-css-ntqat brz-wrapper\">\n<div class=\"brz-image brz-css-omtlv brz-css-bivec\"><img decoding=\"async\" class=\"brz-img\" src=\"https:\/\/ex-pro.love\/?lang=es&amp;brizy_media=wp-dea8c7f2b1881b1476663125899a69bc.jpg&amp;brizy_crop=iW%3D555%26iH%3D370%26oX%3D0%26oY%3D0%26cW%3D555%26cH%3D370\" alt=\"\" loading=\"lazy\" \/><\/div>\n<\/div>\n<\/div>\n<\/div>\n<div class=\"brz-columns brz-css-vxjwb brz-css-ijuew\" data-custom-id=\"pmqvyjhoygcfpbyknsnkyczmkwxsnxafcsll\">\n<div class=\"brz-bg\"><\/div>\n<div class=\"brz-column__items brz-css-ysojd brz-css-zlixq\">\n<div class=\"brz-css-ntqat brz-css-fdhaz brz-wrapper\">\n<div class=\"brz-rich-text brz-rich-text__custom brz-css-xbeqh\" data-custom-id=\"iddjnhpnklwuwkpoknpgbavhxazkrkqilofa\">\n<div>\n<h2 class=\"brz-css-pthuf\" data-uniq-id=\"uypfa\" data-generated-css=\"brz-css-ljdfl\"><span>RECOMPENSAS E PROMO\u00c7\u00d5ES ESPECIAIS<\/span><\/h2>\n<\/div>\n<\/div>\n<\/div>\n<div class=\"brz-css-ntqat brz-css-tkckj brz-wrapper\">\n<div class=\"brz-rich-text brz-rich-text__custom brz-css-xbeqh\" data-custom-id=\"vvgyqjgcecuvmapquclbgnbmmiiwbzkkpuec\">\n<div>\n<p class=\"brz-css-eoyym\" data-generated-css=\"brz-css-fdhib\" data-uniq-id=\"vbxmd\"><span>Por meio de nossos programas de recompensas exclusivos e campanhas promocionais, voc\u00ea pode receber alguns pr\u00eamios incr\u00edveis e recompensas em dinheiro.<\/span><\/p>\n<\/div>\n<\/div>\n<\/div>\n<\/div>\n<\/div>\n<\/div>\n<\/div>\n<\/div>\n<\/div>\n<\/section>\n<section data-uid=\"ajxixdviszjgxixryoeydhsxcgidrparutnw\" id=\"ajxixdviszjgxixryoeydhsxcgidrparutnw\" class=\"brz-section brz-css-ytomi\">\n<div class=\"brz-section__content brz-section--boxed brz-css-ghsmo brz-css-oogdu\" data-custom-id=\"cdcbbiwivvwmmhxjaorchbptvgkhngasmpgz\">\n<div class=\"brz-bg\">\n<div class=\"brz-bg-color\"><\/div>\n<\/div>\n<div class=\"brz-container brz-css-ivfwf\">\n<div class=\"brz-row__container brz-css-jukxv\" data-custom-id=\"wsvaykhsrcuspxhjastivlstextylrxswvpm\">\n<div class=\"brz-bg\"><\/div>\n<div class=\"brz-row brz-css-zbmph brz-css-yxxxi\">\n<div class=\"brz-columns brz-css-vxjwb brz-css-rvgwo\" data-custom-id=\"dosgolyatjfljsvomejedxpdasrxvqrdnhxc\">\n<div class=\"brz-bg\"><\/div>\n<div class=\"brz-column__items brz-css-ysojd brz-css-szlui\">\n<div class=\"brz-css-ntqat brz-css-rlxwq brz-wrapper\">\n<div class=\"brz-rich-text brz-rich-text__custom brz-css-xbeqh\" data-custom-id=\"siawhkefbvbpyikyhoxkqeynbzyblrxumaxk\">\n<div>\n<h2 class=\"brz-css-txaer\" data-generated-css=\"brz-css-gjmjj\" data-uniq-id=\"xmtom\"><span>GESTOR DE CUENTAS PERSONAL<\/span><\/h2>\n<\/div>\n<\/div>\n<\/div>\n<div class=\"brz-css-ntqat brz-css-uejxh brz-wrapper\">\n<div class=\"brz-rich-text brz-rich-text__custom brz-css-xbeqh\" data-custom-id=\"vmyvpdmatrnhxjilahbosnbszlxpmatlhkgt\">\n<div>\n<p class=\"brz-css-timck\" data-uniq-id=\"endrw\" data-generated-css=\"brz-css-qrlau\"><span>Tendr\u00e1 a su disposici\u00f3n un gestor de cuentas personal que se ocupar\u00e1 de sus solicitudes con la m\u00e1xima prioridad y le mantendr\u00e1 informado de todas las actividades, eventos y oportunidades del programa Premier.<\/span><\/p>\n<p class=\"brz-css-qhfkg\" data-uniq-id=\"yacth\" data-generated-css=\"brz-css-yqlbs\"><\/p>\n<\/div>\n<\/div>\n<\/div>\n<\/div>\n<\/div>\n<div class=\"brz-columns brz-css-vxjwb brz-css-rfelh\" data-custom-id=\"unrswcnsvprocdkhrihflvgfiqhpgctvidjv\">\n<div class=\"brz-bg\"><\/div>\n<div class=\"brz-column__items brz-css-ysojd\">\n<div class=\"brz-css-ntqat brz-wrapper\">\n<div class=\"brz-image brz-css-mjjoe brz-css-hxdwr\"><img decoding=\"async\" class=\"brz-img\" src=\"https:\/\/ex-pro.love\/?lang=es&amp;brizy_media=wp-847c4c31f5d699ee710f63b668ed5c55.webp&amp;brizy_crop=iW%3D555%26iH%3D370%26oX%3D0%26oY%3D0%26cW%3D555%26cH%3D370\" alt=\"\" loading=\"lazy\" \/><\/div>\n<\/div>\n<\/div>\n<\/div>\n<\/div>\n<\/div>\n<\/div>\n<\/div>\n<\/section>\n<section data-uid=\"qrzsbztqrnnmwzvmjypyzqnrnqvfnlmfiyfz\" id=\"qrzsbztqrnnmwzvmjypyzqnrnqvfnlmfiyfz\" class=\"brz-section brz-css-ytomi\">\n<div class=\"brz-section__content brz-section--boxed brz-css-ghsmo brz-css-qcdzd\" data-custom-id=\"ohvhgykgghupdowxiciqoksgpmxcqyboonfi\">\n<div class=\"brz-bg\">\n<div class=\"brz-bg-image\"><\/div>\n<\/div>\n<div class=\"brz-container brz-css-ivfwf\">\n<div class=\"brz-css-ntqat brz-wrapper\">\n<div class=\"brz-rich-text brz-rich-text__custom brz-css-xbeqh\" data-custom-id=\"eflbtlfqkkwcbnhmxgsctbqyfxezgpsmtiiw\">\n<div>\n<h3 class=\"brz-css-ggrwz\" data-uniq-id=\"lqtfy\" data-generated-css=\"brz-css-xoabv\"><span>\u00bfC\u00f3mo<\/span><\/h3>\n<h2 class=\"brz-css-uhxpv\" data-uniq-id=\"zatqw\" data-generated-css=\"brz-css-ykiyg\"><span>MANTENERSE EN EL NIVEL?<\/span><\/h2>\n<p class=\"brz-css-rtzdb\" data-uniq-id=\"qhdir\" data-generated-css=\"brz-css-wioff\"><span>Para permanecer en el nivel Premier Elite, debe mantener un volumen de operaciones trimestral de 200 millones de USD.<\/span><\/p>\n<p class=\"brz-css-prfrr\" data-uniq-id=\"rtdvc\" data-generated-css=\"brz-css-miehn\"><\/p>\n<\/div>\n<\/div>\n<\/div>\n<\/div>\n<\/div>\n<\/section>\n<section data-uid=\"nllfxevodvaokbplxzayzmthndcylchrgiee\" id=\"nllfxevodvaokbplxzayzmthndcylchrgiee\" class=\"brz-section brz-css-ytomi\">\n<div class=\"brz-section__content brz-section--boxed brz-css-ghsmo brz-css-iqjwa\" data-custom-id=\"ubvmdctuybnbrhayuqlxolcchivdwgkhnwme\">\n<div class=\"brz-bg\">\n<div class=\"brz-bg-color\"><\/div>\n<\/div>\n<div class=\"brz-container brz-css-ivfwf\">\n<div class=\"brz-css-ntqat brz-wrapper\">\n<div class=\"brz-rich-text brz-rich-text__custom brz-css-xbeqh\" data-custom-id=\"hgoildyowmgefbsqsendggcummtyoyhmnamg\">\n<div>\n<h3 class=\"brz-css-drfvt\" data-generated-css=\"brz-css-vfmiy\" data-uniq-id=\"devrr\"><span>\u00bfC\u00f3mo<\/span><\/h3>\n<h2 class=\"brz-css-xigfn\" data-generated-css=\"brz-css-qkfsz\" data-uniq-id=\"pggoi\"><span>SUBIR DE NIVEL?<\/span><\/h2>\n<p class=\"brz-css-igglj\" data-generated-css=\"brz-css-ekhpm\" data-uniq-id=\"moaot\"><span>Para subir al nivel Premier Signature, el valor total permanente de sus dep\u00f3sitos debe alcanzar los 200 000 USD y el volumen de operaciones trimestral debe ser de al menos 400 millones de USD.<\/span><\/p>\n<p class=\"brz-css-nqfgk\" data-generated-css=\"brz-css-evupv\" data-uniq-id=\"osjyj\"><\/p>\n<\/div>\n<\/div>\n<\/div>\n<\/div>\n<\/div>\n<\/section>\n<section data-uid=\"trfyueetkuohphqowpirlnsecgylfotbnsxc\" id=\"trfyueetkuohphqowpirlnsecgylfotbnsxc\" class=\"brz-section brz-css-ytomi\">\n<div class=\"brz-section__content brz-section--fullWidth brz-css-ghsmo brz-css-cruyd\" data-custom-id=\"oninckwclpawvruktdetgdzgjrxdopialhgq\">\n<div class=\"brz-container brz-css-ivfwf brz-css-itrqk\">\n<div class=\"brz-css-ntqat brz-css-udupx brz-wrapper\">\n<div class=\"brz-image brz-css-rlaqf\"><img decoding=\"async\" class=\"brz-img\" src=\"https:\/\/ex-pro.love\/?lang=es&amp;brizy_media=wp-12f04970c2c06d01d20bbfd406d5e5f2.jpg&amp;brizy_crop=iW%3D1920%26iH%3D750%26oX%3D0%26oY%3D0%26cW%3D1920%26cH%3D750\" alt=\"\" loading=\"lazy\" \/><\/div>\n<\/div>\n<\/div>\n<\/div>\n<\/section>\n<\/div>\n<p><!-- version:1744970860 --><\/p>\n","protected":false},"excerpt":{"rendered":"<p>Le damos la bienvenida a EXNESS PREMIER Le esperan m\u00e1s &hellip; <a class=\"more-link\" href=\"https:\/\/ex-pro.love\/index.php\/elite\/?lang=es\">\u7ee7\u7eed\u9605\u8bfb<span class=\"screen-reader-text\">elite<\/span><\/a><\/p>\n","protected":false},"author":1,"featured_media":0,"parent":0,"menu_order":0,"comment_status":"closed","ping_status":"closed","template":"brizy-blank-template.php","meta":{"footnotes":""},"class_list":["post-2119","page","type-page","status-publish","hentry","entry"],"_links":{"self":[{"href":"https:\/\/ex-pro.love\/index.php\/wp-json\/wp\/v2\/pages\/2119","targetHints":{"allow":["GET"]}}],"collection":[{"href":"https:\/\/ex-pro.love\/index.php\/wp-json\/wp\/v2\/pages"}],"about":[{"href":"https:\/\/ex-pro.love\/index.php\/wp-json\/wp\/v2\/types\/page"}],"author":[{"embeddable":true,"href":"https:\/\/ex-pro.love\/index.php\/wp-json\/wp\/v2\/users\/1"}],"replies":[{"embeddable":true,"href":"https:\/\/ex-pro.love\/index.php\/wp-json\/wp\/v2\/comments?post=2119"}],"version-history":[{"count":4,"href":"https:\/\/ex-pro.love\/index.php\/wp-json\/wp\/v2\/pages\/2119\/revisions"}],"predecessor-version":[{"id":2737,"href":"https:\/\/ex-pro.love\/index.php\/wp-json\/wp\/v2\/pages\/2119\/revisions\/2737"}],"wp:attachment":[{"href":"https:\/\/ex-pro.love\/index.php\/wp-json\/wp\/v2\/media?parent=2119"}],"curies":[{"name":"wp","href":"https:\/\/api.w.org\/{rel}","templated":true}]}}