{"id":2117,"date":"2022-11-27T18:24:58","date_gmt":"2022-11-27T10:24:58","guid":{"rendered":"http:\/\/47.93.52.196\/index.php\/%e6%99%b6%e9%92%bb\/"},"modified":"2025-04-08T20:37:36","modified_gmt":"2025-04-08T12:37:36","slug":"signature","status":"publish","type":"page","link":"https:\/\/ex-pro.love\/index.php\/signature\/?lang=es","title":{"rendered":"signature"},"content":{"rendered":"<div class=\"brz-root__container brz-reset-all\">\n<section data-uid=\"hypdfnqxatbqrevydmjebugzhnjnpconoyvh\" id=\"hypdfnqxatbqrevydmjebugzhnjnpconoyvh\" class=\"brz-section brz-css-xvpnk\">\n<div class=\"brz-section__content brz-section--boxed brz-css-xcuek brz-css-fjcuv\" data-custom-id=\"eidwarxeulmlkqtbrxyojosrjrzokrrmgwqo\">\n<div class=\"brz-bg\">\n<div class=\"brz-bg-image\"><\/div>\n<div class=\"brz-bg-color\"><\/div>\n<\/div>\n<div class=\"brz-container brz-css-wbfos\">\n<div class=\"brz-css-erfeu brz-wrapper\">\n<div class=\"brz-rich-text brz-rich-text__custom brz-css-gubkr\" data-custom-id=\"tvtkbnalemmsncmxupoddtaioqqcbkfcoytm\">\n<div>\n<h2 class=\"brz-css-olxxd\" data-uniq-id=\"qbzjb\" data-generated-css=\"brz-css-fucbf\"><span>Le damos la bienvenida a<\/span><\/h2>\n<\/div>\n<\/div>\n<\/div>\n<div class=\"brz-css-erfeu brz-wrapper\">\n<div class=\"brz-rich-text brz-rich-text__custom brz-css-gubkr\" data-custom-id=\"oauaaflqnnppviioywxvtjveulnhsfqzitqm\">\n<div>\n<h1 class=\"brz-css-tzzek\" data-generated-css=\"brz-css-xovpy\" data-uniq-id=\"bwapz\"><span>EXNESS PREMIER<\/span><\/h1>\n<h1 class=\"brz-css-npmwx\" data-generated-css=\"brz-css-lvdgo\" data-uniq-id=\"usxdw\"><span> <\/span><\/h1>\n<h1 class=\"brz-css-bjpcm\" data-generated-css=\"brz-css-zlyty\" data-uniq-id=\"ganhh\"><span> <\/span><\/h1>\n<h1 class=\"brz-css-svpdw\" data-generated-css=\"brz-css-avrcz\" data-uniq-id=\"yqxqr\"><span> <\/span><\/h1>\n<h1 class=\"brz-css-fnzup\" data-generated-css=\"brz-css-xatvj\" data-uniq-id=\"xtnan\"><span> <\/span><\/h1>\n<h1 class=\"brz-css-wjjse\" data-generated-css=\"brz-css-ufiml\" data-uniq-id=\"kzbfx\"><span> <\/span><\/h1>\n<\/div>\n<\/div>\n<\/div>\n<div class=\"brz-css-erfeu brz-css-ildkg brz-wrapper\">\n<div class=\"brz-spacer brz-css-wuvsk brz-css-poboz\"><\/div>\n<\/div>\n<div class=\"brz-css-erfeu brz-css-ildkg brz-wrapper\">\n<div class=\"brz-spacer brz-css-wuvsk brz-css-slcnu\"><\/div>\n<\/div>\n<\/div>\n<\/div>\n<\/section>\n<section data-uid=\"xwotbpialyixuzdxiutmayhdcskibmvsxnya\" id=\"xwotbpialyixuzdxiutmayhdcskibmvsxnya\" class=\"brz-section brz-css-xvpnk\">\n<div class=\"brz-section__content brz-section--boxed brz-css-xcuek brz-css-imxjq\" data-custom-id=\"byrkwplbeuuzvcvvolrvtwhsyvqivybegovh\">\n<div class=\"brz-bg\">\n<div class=\"brz-bg-color\"><\/div>\n<\/div>\n<div class=\"brz-container brz-css-wbfos\">\n<div class=\"brz-css-erfeu brz-wrapper\">\n<div class=\"brz-rich-text brz-rich-text__custom brz-css-gubkr\" data-custom-id=\"spjpwkgqdxxlojesftqngxnryyvyldeoiibh\">\n<div>\n<h3 class=\"brz-css-cfpry\" data-generated-css=\"brz-css-lpuen\" data-uniq-id=\"mcupt\"><span>Ha llegado a la cima con<\/span><\/h3>\n<h2 class=\"brz-css-owiph\" data-generated-css=\"brz-css-nwgpj\" data-uniq-id=\"cogsb\"><span>PREMIER SIGNATURE<\/span><\/h2>\n<p class=\"brz-css-ilqch\" data-generated-css=\"brz-css-yrogs\" data-uniq-id=\"inuhl\"><span>En el nivel m\u00e1s alto de nuestro programa Premier, disfrutar\u00e1 de todas las ventajas de Preferred y Elite, adem\u00e1s de tener la oportunidad de establecer contactos de primera categor\u00eda, conocer en persona a nuestros ejecutivos de alto nivel y disfrutar de condiciones de operaciones exclusivas.<\/span><\/p>\n<p class=\"brz-css-agreh\" data-generated-css=\"brz-css-rrsdk\" data-uniq-id=\"xdrou\"><\/p>\n<\/div>\n<\/div>\n<\/div>\n<\/div>\n<\/div>\n<\/section>\n<section data-uid=\"snuqlnwqezfbwqpjpwkxhqpfhyjqewbmitla\" id=\"snuqlnwqezfbwqpjpwkxhqpfhyjqewbmitla\" class=\"brz-section brz-css-xvpnk\">\n<div class=\"brz-section__content brz-section--boxed brz-css-xcuek brz-css-yhrat\" data-custom-id=\"aftqixwttqbarshdevjqazpydmxmpfrpknwn\">\n<div class=\"brz-bg\">\n<div class=\"brz-bg-color\"><\/div>\n<\/div>\n<div class=\"brz-container brz-css-wbfos\">\n<div class=\"brz-row__container brz-css-bpruj\" data-custom-id=\"rxwwzgbfimbrrsuoalsaeusadjtwaezwswxc\">\n<div class=\"brz-bg\"><\/div>\n<div class=\"brz-row brz-css-hjdcs brz-css-quikz\">\n<div class=\"brz-columns brz-css-nivyg brz-css-zxvte\" data-custom-id=\"srhnjhbxwmdolxcqbfasrriryordustagmfp\">\n<div class=\"brz-bg\"><\/div>\n<div class=\"brz-column__items brz-css-eihsh brz-css-dasue\">\n<div class=\"brz-css-erfeu brz-css-vphef brz-wrapper\">\n<div class=\"brz-rich-text brz-rich-text__custom brz-css-gubkr\" data-custom-id=\"myxakwmwmrlpmuhqkzodvjowkszwxeassqhr\">\n<div>\n<h2 class=\"brz-css-nyfpf\" data-generated-css=\"brz-css-prnaw\" data-uniq-id=\"ohnsa\"><span>ATENCI\u00d3N PREFERENTE AL CLIENTE<\/span><\/h2>\n<\/div>\n<\/div>\n<\/div>\n<div class=\"brz-css-erfeu brz-css-ptumz brz-wrapper\">\n<div class=\"brz-rich-text brz-rich-text__custom brz-css-gubkr\" data-custom-id=\"uenwfdokyaebcekhsegljekkfswcaobzlywa\">\n<div>\n<p class=\"brz-css-hikiw\" data-generated-css=\"brz-css-twmyb\" data-uniq-id=\"tpija\"><span class=\"brz-cp-color8\">Todas sus solicitudes se priorizar\u00e1n y se remitir\u00e1n a los miembros experimentados del equipo de atenci\u00f3n al cliente, que se ocupar\u00e1n de sus problemas con rapidez.<\/span><\/p>\n<\/div>\n<\/div>\n<\/div>\n<\/div>\n<\/div>\n<div class=\"brz-columns brz-css-nivyg brz-css-dwvdf\" data-custom-id=\"mubsgnzrtuiixadmvubvoqsyddfqhayrqnbx\">\n<div class=\"brz-bg\"><\/div>\n<div class=\"brz-column__items brz-css-eihsh\">\n<div class=\"brz-css-erfeu brz-wrapper\">\n<div class=\"brz-image brz-css-aoifi brz-css-rjdrs\"><img decoding=\"async\" class=\"brz-img\" src=\"https:\/\/ex-pro.love\/?lang=es&amp;brizy_media=wp-99542fe59995cf0488f9ebfd949599e7.jpg&amp;brizy_crop=iW%3D555%26iH%3D370%26oX%3D0%26oY%3D0%26cW%3D555%26cH%3D370\" alt=\"\" loading=\"lazy\" \/><\/div>\n<\/div>\n<\/div>\n<\/div>\n<\/div>\n<\/div>\n<\/div>\n<\/div>\n<\/section>\n<section data-uid=\"qtuzlbgzphxdqrmvfjmixduyjfbhxstotcaa\" id=\"qtuzlbgzphxdqrmvfjmixduyjfbhxstotcaa\" class=\"brz-section brz-css-xvpnk\">\n<div class=\"brz-section__content brz-section--boxed brz-css-xcuek brz-css-sdiwy\" data-custom-id=\"tjnewdlynajvcoyabmxomlmonrtntoefioie\">\n<div class=\"brz-bg\">\n<div class=\"brz-bg-color\"><\/div>\n<\/div>\n<div class=\"brz-container brz-css-wbfos\">\n<div class=\"brz-row__container brz-css-bpruj brz-css-hthmf\" data-custom-id=\"fnqaywnkxjfpwqkunriskucceykuugvfqjxp\">\n<div class=\"brz-bg\"><\/div>\n<div class=\"brz-row brz-css-hjdcs brz-css-quikz\">\n<div class=\"brz-columns brz-css-nivyg brz-css-bkrqx\" data-custom-id=\"btqhcsjtixuhdoapqbmkdousunxpvhwlzuyt\">\n<div class=\"brz-bg\"><\/div>\n<div class=\"brz-column__items brz-css-eihsh\">\n<div class=\"brz-css-erfeu brz-wrapper\">\n<div class=\"brz-image brz-css-etqpr brz-css-wozsz\"><img decoding=\"async\" class=\"brz-img\" src=\"https:\/\/ex-pro.love\/?lang=es&amp;brizy_media=wp-205cb326da73e434e453b7efb07cf13d.jpg&amp;brizy_crop=iW%3D555%26iH%3D370%26oX%3D0%26oY%3D0%26cW%3D555%26cH%3D370\" alt=\"\" loading=\"lazy\" \/><\/div>\n<\/div>\n<\/div>\n<\/div>\n<div class=\"brz-columns brz-css-nivyg brz-css-dhdpa\" data-custom-id=\"zxjlowtlneaegloqgdiuhtlksttzkubuhesf\">\n<div class=\"brz-bg\"><\/div>\n<div class=\"brz-column__items brz-css-eihsh brz-css-xovfa\">\n<div class=\"brz-css-erfeu brz-css-sqjxp brz-wrapper\">\n<div class=\"brz-rich-text brz-rich-text__custom brz-css-gubkr\" data-custom-id=\"qkxovhlmzdjljwmochyzvxjndbzcsiesgahh\">\n<div>\n<h2 class=\"brz-css-inrzy\" data-uniq-id=\"beadt\" data-generated-css=\"brz-css-yhkiv\"><span>MATERIALES EDUCATIVOS EXCLUSIVOS<\/span><\/h2>\n<\/div>\n<\/div>\n<\/div>\n<div class=\"brz-css-erfeu brz-css-cdwog brz-wrapper\">\n<div class=\"brz-rich-text brz-rich-text__custom brz-css-gubkr\" data-custom-id=\"vvvobuljpdonbdwsqtetucfareaijehblohp\">\n<div>\n<p class=\"brz-css-wkcmx\" data-generated-css=\"brz-css-vzuta\" data-uniq-id=\"hbxpw\"><span>\u00danase a nuestros webinarios y seminarios Premier, que cubren una amplia gama de temas relacionados con el trading, y obtenga acceso a contenido educativo preparado exclusivamente para nuestros clientes Premier.<\/span><\/p>\n<\/div>\n<\/div>\n<\/div>\n<\/div>\n<\/div>\n<\/div>\n<\/div>\n<\/div>\n<\/div>\n<\/section>\n<section data-uid=\"fqqppisufzbzaihkyedxusyrpsazxouuxpow\" id=\"fqqppisufzbzaihkyedxusyrpsazxouuxpow\" class=\"brz-section brz-css-xvpnk\">\n<div class=\"brz-section__content brz-section--boxed brz-css-xcuek brz-css-novwc\" data-custom-id=\"sgpqjvzpxqjofgmidczvnyzdkyyigwlsztdl\">\n<div class=\"brz-bg\">\n<div class=\"brz-bg-color\"><\/div>\n<\/div>\n<div class=\"brz-container brz-css-wbfos\">\n<div class=\"brz-row__container brz-css-bpruj\" data-custom-id=\"iknwwhkjhlrpmcephntgotunntnbnqjleyda\">\n<div class=\"brz-bg\"><\/div>\n<div class=\"brz-row brz-css-hjdcs brz-css-quikz\">\n<div class=\"brz-columns brz-css-nivyg brz-css-frili\" data-custom-id=\"xqcowzberwiubsduxyamnydjjginicwhwxfn\">\n<div class=\"brz-bg\"><\/div>\n<div class=\"brz-column__items brz-css-eihsh brz-css-lfrpf\">\n<div class=\"brz-css-erfeu brz-css-ejfpl brz-wrapper\">\n<div class=\"brz-rich-text brz-rich-text__custom brz-css-gubkr\" data-custom-id=\"ctncvfxljwpqnnfefaraleydgpyojszlttjd\">\n<div>\n<h2 class=\"brz-css-compd\" data-uniq-id=\"vxwal\" data-generated-css=\"brz-css-zrcxb\"><span>AN\u00c1LISIS DE TRADING MEJORADOS<\/span><\/h2>\n<\/div>\n<\/div>\n<\/div>\n<div class=\"brz-css-erfeu brz-css-gzocz brz-wrapper\">\n<div class=\"brz-rich-text brz-rich-text__custom brz-css-gubkr\" data-custom-id=\"duzrbolqwgjpbkhdosdsdjlkwrffhdzxevev\">\n<div>\n<p class=\"brz-css-kscku\" data-uniq-id=\"mofvf\" data-generated-css=\"brz-css-ejtmn\"><span>Obtenga acceso exclusivo a servicios adicionales de Trading Central, as\u00ed como una suscripci\u00f3n gratuita a las principales fuentes de an\u00e1lisis fundamental y t\u00e9cnico. Adem\u00e1s, acceda de forma anticipada a todos los informes semanales y trimestrales elaborados por los especialistas en trading de Exness.<\/span><\/p>\n<\/div>\n<\/div>\n<\/div>\n<\/div>\n<\/div>\n<div class=\"brz-columns brz-css-nivyg brz-css-xqzur\" data-custom-id=\"wywpkedtwgliimlvblsxmduvueelzczvwpsz\">\n<div class=\"brz-bg\"><\/div>\n<div class=\"brz-column__items brz-css-eihsh\">\n<div class=\"brz-css-erfeu brz-wrapper\">\n<div class=\"brz-image brz-css-bqdvk brz-css-tdhqx\"><img decoding=\"async\" class=\"brz-img\" src=\"https:\/\/ex-pro.love\/?lang=es&amp;brizy_media=wp-ee9328abe3209c6c9e7e334fa57e99ee.jpg&amp;brizy_crop=iW%3D555%26iH%3D370%26oX%3D0%26oY%3D0%26cW%3D555%26cH%3D370\" alt=\"\" loading=\"lazy\" \/><\/div>\n<\/div>\n<\/div>\n<\/div>\n<\/div>\n<\/div>\n<\/div>\n<\/div>\n<\/section>\n<section data-uid=\"xhcjypjzqfyxlmmsplyasgkbycofrsswmafx\" id=\"xhcjypjzqfyxlmmsplyasgkbycofrsswmafx\" class=\"brz-section brz-css-xvpnk\">\n<div class=\"brz-section__content brz-section--boxed brz-css-xcuek brz-css-nkqss\" data-custom-id=\"bisxnebtgucpgpgibhceiucyhdscqrmjkeer\">\n<div class=\"brz-bg\">\n<div class=\"brz-bg-color\"><\/div>\n<\/div>\n<div class=\"brz-container brz-css-wbfos\">\n<div class=\"brz-row__container brz-css-bpruj brz-css-acyet\" data-custom-id=\"rqwapfuiugsaxrmsmeiwlyzbwuutxzimcjho\">\n<div class=\"brz-bg\"><\/div>\n<div class=\"brz-row brz-css-hjdcs brz-css-quikz\">\n<div class=\"brz-columns brz-css-nivyg brz-css-ktzpc\" data-custom-id=\"isbefrqqpfpkteehidxrrdrikgatmexwzyak\">\n<div class=\"brz-bg\"><\/div>\n<div class=\"brz-column__items brz-css-eihsh\">\n<div class=\"brz-css-erfeu brz-wrapper\">\n<div class=\"brz-image brz-css-btamn brz-css-bsqbv\"><img decoding=\"async\" class=\"brz-img\" src=\"https:\/\/ex-pro.love\/?lang=es&amp;brizy_media=wp-dea8c7f2b1881b1476663125899a69bc.jpg&amp;brizy_crop=iW%3D555%26iH%3D370%26oX%3D0%26oY%3D0%26cW%3D555%26cH%3D370\" alt=\"\" loading=\"lazy\" \/><\/div>\n<\/div>\n<\/div>\n<\/div>\n<div class=\"brz-columns brz-css-nivyg brz-css-jygwo\" data-custom-id=\"zpiddgzatcjbwjrhialxwwpcskttgomwczrr\">\n<div class=\"brz-bg\"><\/div>\n<div class=\"brz-column__items brz-css-eihsh brz-css-vzqgd\">\n<div class=\"brz-css-erfeu brz-css-kvhrv brz-wrapper\">\n<div class=\"brz-rich-text brz-rich-text__custom brz-css-gubkr\" data-custom-id=\"fyippeyykudvkyltwvfxirgztfmpeugckxmy\">\n<div>\n<h2 class=\"brz-css-whtqm\" data-uniq-id=\"rzpem\" data-generated-css=\"brz-css-twipm\"><span>PROMOCIONES Y RECOMPENSAS ESPECIALES<\/span><\/h2>\n<\/div>\n<\/div>\n<\/div>\n<div class=\"brz-css-erfeu brz-css-qyiiz brz-wrapper\">\n<div class=\"brz-rich-text brz-rich-text__custom brz-css-gubkr\" data-custom-id=\"ubanxjmiupsclhdvwnelfnyypzwnjzghwadv\">\n<div>\n<p class=\"brz-css-wijcw\" data-generated-css=\"brz-css-kinac\" data-uniq-id=\"hpesp\"><span>Gracias a nuestros exclusivos programas de recompensa y a nuestras campa\u00f1as promocionales, podr\u00e1 recibir incre\u00edbles regalos y recompensas en met\u00e1lico.<\/span><\/p>\n<\/div>\n<\/div>\n<\/div>\n<\/div>\n<\/div>\n<\/div>\n<\/div>\n<\/div>\n<\/div>\n<\/section>\n<section data-uid=\"zfzsaimhpdxvrqaxaeletxjupfrsqyfsgcui\" id=\"zfzsaimhpdxvrqaxaeletxjupfrsqyfsgcui\" class=\"brz-section brz-css-xvpnk\">\n<div class=\"brz-section__content brz-section--boxed brz-css-xcuek brz-css-orein\" data-custom-id=\"twlcpxxzwwzghufzjvziecicsljcowfvzvux\">\n<div class=\"brz-bg\">\n<div class=\"brz-bg-color\"><\/div>\n<\/div>\n<div class=\"brz-container brz-css-wbfos\">\n<div class=\"brz-row__container brz-css-bpruj\" data-custom-id=\"fpeytiglfoljqpqhpvlangxxhhartwmlbrea\">\n<div class=\"brz-bg\"><\/div>\n<div class=\"brz-row brz-css-hjdcs brz-css-quikz\">\n<div class=\"brz-columns brz-css-nivyg brz-css-qvibu\" data-custom-id=\"zywasohsyufjgdpyytuypqydcreofyswpnpb\">\n<div class=\"brz-bg\"><\/div>\n<div class=\"brz-column__items brz-css-eihsh brz-css-dxnac\">\n<div class=\"brz-css-erfeu brz-css-ckkvs brz-wrapper\">\n<div class=\"brz-rich-text brz-rich-text__custom brz-css-gubkr\" data-custom-id=\"fwcvbvkndaxfamslgcxlnlyjitvwirnjoucg\">\n<div>\n<h2 class=\"brz-css-niwrt\" data-generated-css=\"brz-css-gjmjj\" data-uniq-id=\"xmtom\"><span>GESTOR DE CUENTAS PERSONAL<\/span><\/h2>\n<\/div>\n<\/div>\n<\/div>\n<div class=\"brz-css-erfeu brz-css-birct brz-wrapper\">\n<div class=\"brz-rich-text brz-rich-text__custom brz-css-gubkr\" data-custom-id=\"drpxzcdgogfvtjgwcyudwnqnfjebuxujozqr\">\n<div>\n<p class=\"brz-css-bdshs\" data-uniq-id=\"endrw\" data-generated-css=\"brz-css-qrlau\"><span>Tendr\u00e1 a su disposici\u00f3n un gestor de cuentas personal que se ocupar\u00e1 de sus solicitudes con la m\u00e1xima prioridad y le mantendr\u00e1 informado de todas las actividades, eventos y oportunidades del programa Premier.<\/span><\/p>\n<p class=\"brz-css-oyktr\" data-uniq-id=\"yacth\" data-generated-css=\"brz-css-yqlbs\"><\/p>\n<\/div>\n<\/div>\n<\/div>\n<\/div>\n<\/div>\n<div class=\"brz-columns brz-css-nivyg brz-css-uzxxn\" data-custom-id=\"nbjyxoarfigytikcixwkdvpizcduekediqae\">\n<div class=\"brz-bg\"><\/div>\n<div class=\"brz-column__items brz-css-eihsh\">\n<div class=\"brz-css-erfeu brz-wrapper\">\n<div class=\"brz-image brz-css-qwdpu brz-css-zhfma\"><img decoding=\"async\" class=\"brz-img\" src=\"https:\/\/ex-pro.love\/?lang=es&amp;brizy_media=wp-847c4c31f5d699ee710f63b668ed5c55.webp&amp;brizy_crop=iW%3D555%26iH%3D370%26oX%3D0%26oY%3D0%26cW%3D555%26cH%3D370\" alt=\"\" loading=\"lazy\" \/><\/div>\n<\/div>\n<\/div>\n<\/div>\n<\/div>\n<\/div>\n<\/div>\n<\/div>\n<\/section>\n<section data-uid=\"jarjvutrbqrwccxdcjkwjjimlwmbdvkoubna\" id=\"jarjvutrbqrwccxdcjkwjjimlwmbdvkoubna\" class=\"brz-section brz-css-xvpnk\">\n<div class=\"brz-section__content brz-section--boxed brz-css-xcuek brz-css-nfshk\" data-custom-id=\"wtztlekfkmglyiquamymfnjnhzolnrzuyhaq\">\n<div class=\"brz-bg\">\n<div class=\"brz-bg-color\"><\/div>\n<\/div>\n<div class=\"brz-container brz-css-wbfos\">\n<div class=\"brz-row__container brz-css-bpruj brz-css-hiwrf\" data-custom-id=\"qivqjookqsbjcxfpalsfnrykjjfzcrdpbffg\">\n<div class=\"brz-bg\"><\/div>\n<div class=\"brz-row brz-css-hjdcs brz-css-quikz\">\n<div class=\"brz-columns brz-css-nivyg brz-css-aojuz\" data-custom-id=\"yglancjxpflsfwhodebquazhmpdfgyirrfge\">\n<div class=\"brz-bg\"><\/div>\n<div class=\"brz-column__items brz-css-eihsh brz-css-igxsw\">\n<div class=\"brz-css-erfeu brz-wrapper\">\n<div class=\"brz-image brz-css-zjihh brz-css-jkeze\"><img decoding=\"async\" class=\"brz-img\" src=\"https:\/\/ex-pro.love\/?lang=es&amp;brizy_media=wp-bff5fec62b7d3af54c20833dbb00e262.webp&amp;brizy_crop=iW%3D591%26iH%3D394%26oX%3D0%26oY%3D0%26cW%3D591%26cH%3D394\" alt=\"\" loading=\"lazy\" \/><\/div>\n<\/div>\n<\/div>\n<\/div>\n<div class=\"brz-columns brz-css-nivyg brz-css-tecan\" data-custom-id=\"ufdzlfiawddhjqdmahackggetpafpzrdrbmq\">\n<div class=\"brz-bg\"><\/div>\n<div class=\"brz-column__items brz-css-eihsh brz-css-mtymd\">\n<div class=\"brz-css-erfeu brz-css-azaup brz-wrapper\">\n<div class=\"brz-rich-text brz-rich-text__custom brz-css-gubkr\" data-custom-id=\"xytphixyniqkjxaquskhpcpfwnfxkhxadjoz\">\n<div>\n<h2 class=\"brz-css-bolyb\" data-generated-css=\"brz-css-djpcx\" data-uniq-id=\"iyeju\"><span>VISITA EXNESS EN CHIPRE<\/span><\/h2>\n<\/div>\n<\/div>\n<\/div>\n<div class=\"brz-css-erfeu brz-css-qwbnl brz-wrapper\">\n<div class=\"brz-rich-text brz-rich-text__custom brz-css-gubkr\" data-custom-id=\"sdrxccdzjbojzemsqbwrcolbhttabniytiwv\">\n<div>\n<p class=\"brz-css-xxrdb\" data-uniq-id=\"rutof\" data-generated-css=\"brz-css-vtzeu\"><span>Obtenga una invitaci\u00f3n exclusiva a nuestra oficina central en Chipre, el lugar de nacimiento de nuestras mejores condiciones que las del mercado. Re\u00fanase con los empleados y descubra c\u00f3mo nuestra ideolog\u00eda ayud\u00f3 a formar el corredor de m\u00faltiples activos l\u00edder que somos hoy.<\/span><\/p>\n<\/div>\n<\/div>\n<\/div>\n<\/div>\n<\/div>\n<\/div>\n<\/div>\n<\/div>\n<\/div>\n<\/section>\n<section data-uid=\"ptuynhirefuxevoaotdsgmpnqpwtzegldobc\" id=\"ptuynhirefuxevoaotdsgmpnqpwtzegldobc\" class=\"brz-section brz-css-xvpnk\">\n<div class=\"brz-section__content brz-section--boxed brz-css-xcuek brz-css-jjxgg\" data-custom-id=\"ctmiqqzprathglybftqppvcxipzwpojwraec\">\n<div class=\"brz-bg\">\n<div class=\"brz-bg-color\"><\/div>\n<\/div>\n<div class=\"brz-container brz-css-wbfos\">\n<div class=\"brz-row__container brz-css-bpruj\" data-custom-id=\"qlymzxazqvsbvvlpnttczirychatcbptckuy\">\n<div class=\"brz-bg\"><\/div>\n<div class=\"brz-row brz-css-hjdcs brz-css-quikz\">\n<div class=\"brz-columns brz-css-nivyg brz-css-smrzp\" data-custom-id=\"yrjlbbxmfmimnibcjadnaibnankthxikriny\">\n<div class=\"brz-bg\"><\/div>\n<div class=\"brz-column__items brz-css-eihsh brz-css-imfev\">\n<div class=\"brz-css-erfeu brz-css-syubm brz-wrapper\">\n<div class=\"brz-rich-text brz-rich-text__custom brz-css-gubkr\" data-custom-id=\"mxbamnoqjqndqamysqvschiyeiivtcaxnube\">\n<div>\n<h2 class=\"brz-css-bednr\" data-generated-css=\"brz-css-rdkpe\" data-uniq-id=\"wyrax\"><span>GALA ANUAL PREMIER<\/span><\/h2>\n<\/div>\n<\/div>\n<\/div>\n<div class=\"brz-css-erfeu brz-css-pfjhn brz-wrapper\">\n<div class=\"brz-rich-text brz-rich-text__custom brz-css-gubkr\" data-custom-id=\"afjcplsmcxdwasdnrwjpspvhejgyfhymiysu\">\n<div>\n<p class=\"brz-css-nalry\" data-generated-css=\"brz-css-wjurz\" data-uniq-id=\"rqaoz\"><span>Relaci\u00f3nese con otros clientes Premier Signature y m\u00e9zclese con los altos directivos de Exness en nuestra cena de gala anual Premier. Reciba invitaciones a otros eventos exclusivos a lo largo del a\u00f1o.<\/span><\/p>\n<p class=\"brz-css-czbcu\" data-generated-css=\"brz-css-dlncg\" data-uniq-id=\"ihnbi\"><\/p>\n<\/div>\n<\/div>\n<\/div>\n<\/div>\n<\/div>\n<div class=\"brz-columns brz-css-nivyg brz-css-ktrqx\" data-custom-id=\"lcfhylscssovpuwoapiblazvklgxvnzcpbch\">\n<div class=\"brz-bg\"><\/div>\n<div class=\"brz-column__items brz-css-eihsh\">\n<div class=\"brz-css-erfeu brz-wrapper\">\n<div class=\"brz-image brz-css-lmgzc brz-css-ozalt\"><img decoding=\"async\" class=\"brz-img\" src=\"https:\/\/ex-pro.love\/?lang=es&amp;brizy_media=wp-56471d7a93e7eba58ff5cf5b7ca1b9fd.webp&amp;brizy_crop=iW%3D556%26iH%3D370%26oX%3D1%26oY%3D0%26cW%3D555%26cH%3D370\" alt=\"\" loading=\"lazy\" \/><\/div>\n<\/div>\n<\/div>\n<\/div>\n<\/div>\n<\/div>\n<\/div>\n<\/div>\n<\/section>\n<section data-uid=\"oxdntclkzcnvmfjkibkkgsttinwxpfjaytym\" id=\"oxdntclkzcnvmfjkibkkgsttinwxpfjaytym\" class=\"brz-section brz-css-xvpnk\">\n<div class=\"brz-section__content brz-section--boxed brz-css-xcuek brz-css-cdijv\" data-custom-id=\"ayuesjbdkcdzvltgvxmzexihutnthgwbnxxj\">\n<div class=\"brz-bg\">\n<div class=\"brz-bg-image\"><\/div>\n<\/div>\n<div class=\"brz-container brz-css-wbfos\">\n<div class=\"brz-css-erfeu brz-wrapper\">\n<div class=\"brz-rich-text brz-rich-text__custom brz-css-gubkr\" data-custom-id=\"oiccjojmvozlrshwufovkfginmxatqkqjmis\">\n<div>\n<h3 class=\"brz-css-whezi\" data-generated-css=\"brz-css-oltsn\" data-uniq-id=\"nbqvm\"><span>\u00bfC\u00f3mo<\/span><\/h3>\n<h2 class=\"brz-css-btkea\" data-generated-css=\"brz-css-ivtld\" data-uniq-id=\"ccggl\"><span>MANTENERSE EN EL NIVEL?<\/span><\/h2>\n<p class=\"brz-css-slivg\" data-generated-css=\"brz-css-xgbqy\" data-uniq-id=\"eaedl\"><span>Para permanecer en el nivel Premier Signature, debe mantener<\/span><\/p>\n<p class=\"brz-css-skzty\" data-generated-css=\"brz-css-znksb\" data-uniq-id=\"fguma\"><span>un volumen de operaciones trimestral de 400 millones de USD.<\/span><\/p>\n<p class=\"brz-css-wetlp\" data-generated-css=\"brz-css-zryqi\" data-uniq-id=\"ngbbi\"><\/p>\n<\/div>\n<\/div>\n<\/div>\n<\/div>\n<\/div>\n<\/section>\n<section data-uid=\"thgsxrzhiiqntfcfazoyfoypltonmdmqixip\" id=\"thgsxrzhiiqntfcfazoyfoypltonmdmqixip\" class=\"brz-section brz-css-xvpnk\">\n<div class=\"brz-section__content brz-section--fullWidth brz-css-xcuek brz-css-qgqsw\" data-custom-id=\"brazyxzywflbkcmpcktufpuutdyodoeatipj\">\n<div class=\"brz-container brz-css-wbfos brz-css-rggpw\">\n<div class=\"brz-css-erfeu brz-css-iiypi brz-wrapper\">\n<div class=\"brz-image brz-css-msxiq\"><img decoding=\"async\" class=\"brz-img\" src=\"https:\/\/ex-pro.love\/?lang=es&amp;brizy_media=wp-8bbe1391b77681920f028461745e9a6c.webp&amp;brizy_crop=iW%3D1920%26iH%3D750%26oX%3D0%26oY%3D0%26cW%3D1920%26cH%3D750\" alt=\"\" loading=\"lazy\" \/><\/div>\n<\/div>\n<\/div>\n<\/div>\n<\/section>\n<\/div>\n<p><!-- version:1744115856 --><\/p>\n","protected":false},"excerpt":{"rendered":"<p>Le damos la bienvenida a EXNESS PREMIER Ha llegado a la&hellip; <a class=\"more-link\" href=\"https:\/\/ex-pro.love\/index.php\/signature\/?lang=es\">\u7ee7\u7eed\u9605\u8bfb<span class=\"screen-reader-text\">signature<\/span><\/a><\/p>\n","protected":false},"author":1,"featured_media":0,"parent":0,"menu_order":0,"comment_status":"closed","ping_status":"closed","template":"brizy-blank-template.php","meta":{"footnotes":""},"class_list":["post-2117","page","type-page","status-publish","hentry","entry"],"_links":{"self":[{"href":"https:\/\/ex-pro.love\/index.php\/wp-json\/wp\/v2\/pages\/2117","targetHints":{"allow":["GET"]}}],"collection":[{"href":"https:\/\/ex-pro.love\/index.php\/wp-json\/wp\/v2\/pages"}],"about":[{"href":"https:\/\/ex-pro.love\/index.php\/wp-json\/wp\/v2\/types\/page"}],"author":[{"embeddable":true,"href":"https:\/\/ex-pro.love\/index.php\/wp-json\/wp\/v2\/users\/1"}],"replies":[{"embeddable":true,"href":"https:\/\/ex-pro.love\/index.php\/wp-json\/wp\/v2\/comments?post=2117"}],"version-history":[{"count":5,"href":"https:\/\/ex-pro.love\/index.php\/wp-json\/wp\/v2\/pages\/2117\/revisions"}],"predecessor-version":[{"id":2741,"href":"https:\/\/ex-pro.love\/index.php\/wp-json\/wp\/v2\/pages\/2117\/revisions\/2741"}],"wp:attachment":[{"href":"https:\/\/ex-pro.love\/index.php\/wp-json\/wp\/v2\/media?parent=2117"}],"curies":[{"name":"wp","href":"https:\/\/api.w.org\/{rel}","templated":true}]}}