{"id":2115,"date":"2022-11-28T10:02:06","date_gmt":"2022-11-28T02:02:06","guid":{"rendered":"http:\/\/47.93.52.196\/index.php\/%e6%8a%a5%e5%91%8a\/"},"modified":"2025-04-21T08:25:16","modified_gmt":"2025-04-21T00:25:16","slug":"reports","status":"publish","type":"page","link":"https:\/\/ex-pro.love\/index.php\/reports\/?lang=es","title":{"rendered":"reports"},"content":{"rendered":"<div class=\"brz-root__container brz-reset-all\">\n<section data-uid=\"zrvqxpnbfxfxfexdptglzapyldqsagehzrxf\" id=\"zrvqxpnbfxfxfexdptglzapyldqsagehzrxf\" class=\"brz-section brz-css-uoida\">\n<div class=\"brz-section__content brz-section--boxed brz-css-cxwxp brz-css-hyhxz\" data-custom-id=\"fcpvqqjlkmjimdwewgzpvzisadatcbpyyhcv\">\n<div class=\"brz-bg\">\n<div class=\"brz-bg-image\"><\/div>\n<div class=\"brz-bg-color\"><\/div>\n<\/div>\n<div class=\"brz-container brz-css-rfpvw\">\n<div class=\"brz-css-rhvek brz-wrapper\">\n<div class=\"brz-rich-text brz-rich-text__custom brz-css-yynrd\" data-custom-id=\"myqpyjxcgwwvyzguwgietaknmdvflyktrqwx\">\n<div>\n<h1 class=\"brz-css-yzhsg\" data-generated-css=\"brz-css-hepbd\" data-uniq-id=\"uxlap\"><span> <\/span><\/h1>\n<h2 class=\"brz-css-vwryj\" data-generated-css=\"brz-css-bksoz\" data-uniq-id=\"odmar\"><span> <\/span><span class=\"brz-cp-color8\">TRIMESTRIEL<\/span><\/h2>\n<h1 class=\"brz-css-pxtdl\" data-generated-css=\"brz-css-wwfld\" data-uniq-id=\"zbfrl\"><span>D\u2019EXNESS<\/span><\/h1>\n<h1 class=\"brz-css-dtmit\" data-generated-css=\"brz-css-xpdhh\" data-uniq-id=\"rzamt\"><\/h1>\n<h1 class=\"brz-css-fpbsl\" data-generated-css=\"brz-css-spalo\" data-uniq-id=\"ybysm\"><span> <\/span><\/h1>\n<h1 class=\"brz-css-dtqxk\" data-generated-css=\"brz-css-enyxc\" data-uniq-id=\"nrxrk\"><span> <\/span><\/h1>\n<h1 class=\"brz-css-bkhpr\" data-generated-css=\"brz-css-raftl\" data-uniq-id=\"pwurt\"><span> <\/span><\/h1>\n<h1 class=\"brz-css-ldlux\" data-generated-css=\"brz-css-vgvwg\" data-uniq-id=\"usmlr\"><span> <\/span><\/h1>\n<\/div>\n<\/div>\n<\/div>\n<div class=\"brz-css-rhvek brz-css-qbrsw brz-wrapper\">\n<div class=\"brz-spacer brz-css-jvcbo brz-css-wkahi\"><\/div>\n<\/div>\n<div class=\"brz-css-rhvek brz-css-qbrsw brz-wrapper\">\n<div class=\"brz-spacer brz-css-jvcbo brz-css-jhvce\"><\/div>\n<\/div>\n<\/div>\n<\/div>\n<\/section>\n<section data-uid=\"lwjlqblisujqqnmvtnqfkufncllhnqovhnwd\" id=\"lwjlqblisujqqnmvtnqfkufncllhnqovhnwd\" class=\"brz-section brz-css-uoida\">\n<div class=\"brz-section__content brz-section--boxed brz-css-cxwxp brz-css-ucgiq\" data-custom-id=\"zgumjxdxtijtzjnwjfzrpyzxzxmpiykazyku\">\n<div class=\"brz-bg\">\n<div class=\"brz-bg-color\"><\/div>\n<\/div>\n<div class=\"brz-container brz-css-rfpvw\">\n<div class=\"brz-css-rhvek brz-css-wusem brz-wrapper\">\n<div class=\"brz-rich-text brz-rich-text__custom brz-css-yynrd\" data-custom-id=\"mhxnilmjuvkqrdmianbtfbvsmfntqpkrnrjh\">\n<div>\n<h2 class=\"brz-css-ounpl\" data-generated-css=\"brz-css-hdsxt\" data-uniq-id=\"lfkmo\"><span>Previsiones trimestrales de Exness<\/span><\/h2>\n<p class=\"brz-css-zukue\" data-generated-css=\"brz-css-aepxm\" data-uniq-id=\"utcol\"><\/p>\n<\/div>\n<\/div>\n<\/div>\n<div class=\"brz-css-rhvek brz-wrapper\">\n<div class=\"brz-rich-text brz-rich-text__custom brz-css-yynrd\" data-custom-id=\"xjhcxympcwpdbghzgliybgdeuyvtnqhwlanh\">\n<div>\n<p class=\"brz-css-uzsrg\" data-generated-css=\"brz-css-gqrig\" data-uniq-id=\"rohtn\"><span>Lea las \u00faltimas noticias del mercado y reciba el an\u00e1lisis de los expertos en nuestros informes de trading peri\u00f3dicos. Los clientes Premier siempre ser\u00e1n los primeros en recibir estas \u00fatiles perspectivas. <\/span><\/p>\n<p class=\"brz-css-emhlo\" data-generated-css=\"brz-css-zvrnu\" data-uniq-id=\"omsom\"><\/p>\n<\/div>\n<\/div>\n<\/div>\n<div class=\"brz-row__container brz-css-elfhe\" data-custom-id=\"kgsnsajsbcogrmvdnnqsflxkmxnvjxtyziwk\">\n<div class=\"brz-bg\"><\/div>\n<div class=\"brz-row brz-css-yisxz\">\n<div class=\"brz-columns brz-css-jtfia brz-css-zbyml\" data-custom-id=\"ozfptxnozxerspcindxgwflzpvktjvbmhefs\">\n<div class=\"brz-bg\"><\/div>\n<div class=\"brz-column__items brz-css-xqshb brz-css-uafce\">\n<div class=\"brz-css-rhvek brz-css-kgkpr brz-wrapper\">\n<div class=\"brz-image brz-css-oracg\"><img decoding=\"async\" class=\"brz-img\" src=\"https:\/\/ex-pro.love\/?lang=es&amp;brizy_media=wp-16ea5b48d52ff10c99fc526d77f42888.webp&amp;brizy_crop=iW%3D221%26iH%3D118%26oX%3D1%26oY%3D0%26cW%3D219%26cH%3D118\" alt=\"\" loading=\"lazy\" \/><\/div>\n<\/div>\n<div class=\"brz-css-rhvek brz-wrapper\">\n<div class=\"brz-rich-text brz-rich-text__custom brz-css-yynrd\" data-custom-id=\"lsrlmeaynfkxbruymynuaeprwlpzxlqgzese\">\n<div>\n<p class=\"brz-css-mhcop\" data-generated-css=\"brz-css-babdb\" data-uniq-id=\"lvext\"><span class=\"brz-cp-color8\">Previsiones trimestrales de Exness<\/span><\/p>\n<\/div>\n<\/div>\n<\/div>\n<div class=\"brz-wrapper-clone brz-css-xagut brz-css-akjtk\">\n<div class=\"brz-d-xs-flex brz-flex-xs-wrap brz-css-rioqh\">\n<div class=\"brz-wrapper-clone__item brz-css-pbynq\" id=\"adxjiqezzohnjsbnwmdpqlzotakmpvapjltd\"><a class=\"brz-a brz-btn brz-css-fqndz brz-css-sboct\" href=\"\/media\/docs\/Chinese_Q4_Outlook_2022_3.pdf\" target=\"_blank\" rel=\"noopener\" data-brz-link-type=\"external\" id data-custom-id=\"adxjiqezzohnjsbnwmdpqlzotakmpvapjltd\"><span class=\"brz-span brz-text__editor\">Descargar<\/span><\/a><\/div>\n<\/div>\n<\/div>\n<\/div>\n<\/div>\n<\/div>\n<\/div>\n<\/div>\n<\/div>\n<\/section>\n<\/div>\n<p><!-- version:1745195116 --><\/p>\n","protected":false},"excerpt":{"rendered":"<p>TRIMESTRIEL D\u2019EXNESS Previsiones trimestrales de Exness&hellip; <a class=\"more-link\" href=\"https:\/\/ex-pro.love\/index.php\/reports\/?lang=es\">\u7ee7\u7eed\u9605\u8bfb<span class=\"screen-reader-text\">reports<\/span><\/a><\/p>\n","protected":false},"author":1,"featured_media":0,"parent":0,"menu_order":0,"comment_status":"closed","ping_status":"closed","template":"brizy-blank-template.php","meta":{"footnotes":""},"class_list":["post-2115","page","type-page","status-publish","hentry","entry"],"_links":{"self":[{"href":"https:\/\/ex-pro.love\/index.php\/wp-json\/wp\/v2\/pages\/2115","targetHints":{"allow":["GET"]}}],"collection":[{"href":"https:\/\/ex-pro.love\/index.php\/wp-json\/wp\/v2\/pages"}],"about":[{"href":"https:\/\/ex-pro.love\/index.php\/wp-json\/wp\/v2\/types\/page"}],"author":[{"embeddable":true,"href":"https:\/\/ex-pro.love\/index.php\/wp-json\/wp\/v2\/users\/1"}],"replies":[{"embeddable":true,"href":"https:\/\/ex-pro.love\/index.php\/wp-json\/wp\/v2\/comments?post=2115"}],"version-history":[{"count":6,"href":"https:\/\/ex-pro.love\/index.php\/wp-json\/wp\/v2\/pages\/2115\/revisions"}],"predecessor-version":[{"id":2740,"href":"https:\/\/ex-pro.love\/index.php\/wp-json\/wp\/v2\/pages\/2115\/revisions\/2740"}],"wp:attachment":[{"href":"https:\/\/ex-pro.love\/index.php\/wp-json\/wp\/v2\/media?parent=2115"}],"curies":[{"name":"wp","href":"https:\/\/api.w.org\/{rel}","templated":true}]}}