{"id":2113,"date":"2022-11-26T19:41:13","date_gmt":"2022-11-26T11:41:13","guid":{"rendered":"http:\/\/47.93.52.196\/index.php\/%e9%bb%84%e9%87%91\/"},"modified":"2025-04-21T08:48:32","modified_gmt":"2025-04-21T00:48:32","slug":"preferred-2","status":"publish","type":"page","link":"https:\/\/ex-pro.love\/index.php\/preferred-2\/?lang=pt-br","title":{"rendered":"preferred"},"content":{"rendered":"<div class=\"brz-root__container brz-reset-all\">\n<section data-uid=\"smkxknuhyngcokvuxavsfjlewecvnrerzojs\" id=\"smkxknuhyngcokvuxavsfjlewecvnrerzojs\" class=\"brz-section brz-css-ayxuo\">\n<div class=\"brz-section__content brz-section--boxed brz-css-olvsa brz-css-pmnhv\" data-custom-id=\"pctluxhbaialmgzvhykzkpwkpbvfrslqsqvw\">\n<div class=\"brz-bg\">\n<div class=\"brz-bg-image\"><\/div>\n<\/div>\n<div class=\"brz-container brz-css-bdpbg\">\n<div class=\"brz-css-timpk brz-wrapper\">\n<div class=\"brz-rich-text brz-rich-text__custom brz-css-unpwz\" data-custom-id=\"uzvzfunoisujaxpmbtubwkajqoidpgrnvhhl\">\n<div>\n<h2 class=\"brz-css-hvemq\" data-generated-css=\"brz-css-idoud\" data-uniq-id=\"nlcyo\"><span>Bem-vindo ao<\/span><\/h2>\n<\/div>\n<\/div>\n<\/div>\n<div class=\"brz-css-timpk brz-wrapper\">\n<div class=\"brz-rich-text brz-rich-text__custom brz-css-unpwz\" data-custom-id=\"yfwndkntskpyzepjlxrgwjvmlkxggfumgcwd\">\n<div>\n<h1 class=\"brz-css-cgdkp\" data-uniq-id=\"oyixu\" data-generated-css=\"brz-css-xearp\"><span>EXNESS PREMIER<\/span><\/h1>\n<h1 class=\"brz-css-vrgqm\" data-uniq-id=\"ujcxw\" data-generated-css=\"brz-css-kjgki\"><\/h1>\n<h1 class=\"brz-css-fmlrg\" data-uniq-id=\"wukff\" data-generated-css=\"brz-css-unmxh\"><span> <\/span><\/h1>\n<h1 class=\"brz-css-jjwur\" data-uniq-id=\"jintq\" data-generated-css=\"brz-css-stpqr\"><span> <\/span><\/h1>\n<h1 class=\"brz-css-gguvo\" data-uniq-id=\"bgqas\" data-generated-css=\"brz-css-zakor\"><span> <\/span><\/h1>\n<h1 class=\"brz-css-ubwep\" data-uniq-id=\"ukiig\" data-generated-css=\"brz-css-jzvdi\"><span> <\/span><\/h1>\n<h1 class=\"brz-css-lrcpz\" data-uniq-id=\"iotup\" data-generated-css=\"brz-css-vhpna\"><span> <\/span><\/h1>\n<\/div>\n<\/div>\n<\/div>\n<div class=\"brz-css-timpk brz-css-ncbfs brz-wrapper\">\n<div class=\"brz-spacer brz-css-nmubv brz-css-easov\"><\/div>\n<\/div>\n<div class=\"brz-css-timpk brz-css-ncbfs brz-wrapper\">\n<div class=\"brz-spacer brz-css-nmubv brz-css-vfcqx\"><\/div>\n<\/div>\n<\/div>\n<\/div>\n<\/section>\n<section data-uid=\"ylmehkiqbllayhcwqsqiivzyuknaigbmtjnb\" id=\"ylmehkiqbllayhcwqsqiivzyuknaigbmtjnb\" class=\"brz-section brz-css-ayxuo\">\n<div class=\"brz-section__content brz-section--boxed brz-css-olvsa brz-css-icvap\" data-custom-id=\"oslilhhwbyyhxvetiyzmymkmmemnjaiyekuo\">\n<div class=\"brz-bg\">\n<div class=\"brz-bg-color\"><\/div>\n<\/div>\n<div class=\"brz-container brz-css-bdpbg\">\n<div class=\"brz-css-timpk brz-wrapper\">\n<div class=\"brz-rich-text brz-rich-text__custom brz-css-unpwz\" data-custom-id=\"eagqotmewqwotgiuioudbzkplwocybkixell\">\n<div>\n<h3 class=\"brz-css-qeiff\" data-generated-css=\"brz-css-mrnjn\" data-uniq-id=\"crais\"><span>Sua jornada Premier come\u00e7a aqui. Nesse n\u00edvel, voc\u00ea ter\u00e1 v\u00e1rias vantagens e privil\u00e9gios especiais<\/span><\/h3>\n<h2 class=\"brz-css-sxidr\" data-generated-css=\"brz-css-gzzge\" data-uniq-id=\"kidiw\"><span>PREMIER PREFERENCIAL<\/span><\/h2>\n<p class=\"brz-css-kuati\" data-generated-css=\"brz-css-vkzgp\" data-uniq-id=\"uhjtq\"><span>Como um membro Premier Preferencial, voc\u00ea pode aproveitar um suporte priorit\u00e1rio ao cliente, materiais educacionais exclusivos, an\u00e1lises de negocia\u00e7\u00e3o aprofundadas, al\u00e9m de concursos e sorteios exclusivos.<\/span><\/p>\n<p class=\"brz-css-eqbmg\" data-generated-css=\"brz-css-ksomv\" data-uniq-id=\"viuqb\"><\/p>\n<\/div>\n<\/div>\n<\/div>\n<\/div>\n<\/div>\n<\/section>\n<section data-uid=\"wlzjziaulqftjfggmaqtwmejcxwtxzsidegx\" id=\"wlzjziaulqftjfggmaqtwmejcxwtxzsidegx\" class=\"brz-section brz-css-ayxuo\">\n<div class=\"brz-section__content brz-section--boxed brz-css-olvsa brz-css-gbvug\" data-custom-id=\"jmnrbksxslrqejhixuhmdxqtyhoicfireeka\">\n<div class=\"brz-bg\">\n<div class=\"brz-bg-color\"><\/div>\n<\/div>\n<div class=\"brz-container brz-css-bdpbg\">\n<div class=\"brz-row__container brz-css-nbeln\" data-custom-id=\"ufoegjgmlqpmbqzikmdznkmkjjfksglqrwqi\">\n<div class=\"brz-bg\"><\/div>\n<div class=\"brz-row brz-css-ulvmo brz-css-vgphw\">\n<div class=\"brz-columns brz-css-sykgd brz-css-hdxzm\" data-custom-id=\"ruynzqgcqqxqedplfpvdwmsuoxneempjphay\">\n<div class=\"brz-bg\"><\/div>\n<div class=\"brz-column__items brz-css-vmjms brz-css-scilr\">\n<div class=\"brz-css-timpk brz-css-phpgm brz-wrapper\">\n<div class=\"brz-rich-text brz-rich-text__custom brz-css-unpwz\" data-custom-id=\"ewggauqbncehqmjzugskgaombrzizbcavzoo\">\n<div>\n<h2 class=\"brz-css-mtcjj\" data-generated-css=\"brz-css-ynzqn\" data-uniq-id=\"hckwd\"><span>SUPORTE PRIORIT\u00c1RIO AO CLIENTE<\/span><\/h2>\n<\/div>\n<\/div>\n<\/div>\n<div class=\"brz-css-timpk brz-css-kkvkn brz-wrapper\">\n<div class=\"brz-rich-text brz-rich-text__custom brz-css-unpwz\" data-custom-id=\"xkcgyevuoojoxsfcytehokvjlrjkhgaopnqx\">\n<div>\n<p class=\"brz-css-rjetm\" data-generated-css=\"brz-css-pvmxv\" data-uniq-id=\"vgrxe\"><span class=\"brz-cp-color8\">Todas as suas solicita\u00e7\u00f5es ser\u00e3o priorizadas e encaminhadas para membros experientes da equipe de suporte ao cliente, que lidar\u00e3o com seus problemas o mais r\u00e1pido poss\u00edvel.<\/span><\/p>\n<\/div>\n<\/div>\n<\/div>\n<\/div>\n<\/div>\n<div class=\"brz-columns brz-css-sykgd brz-css-xuviy\" data-custom-id=\"khnoptzooqnauepdikmxlebjpeezhcsmsqro\">\n<div class=\"brz-bg\"><\/div>\n<div class=\"brz-column__items brz-css-vmjms\">\n<div class=\"brz-css-timpk brz-wrapper\">\n<div class=\"brz-image brz-css-dkhye brz-css-kqrel\"><img decoding=\"async\" class=\"brz-img\" src=\"https:\/\/ex-pro.love\/?lang=pt-br&amp;brizy_media=wp-99542fe59995cf0488f9ebfd949599e7.jpg&amp;brizy_crop=iW%3D555%26iH%3D370%26oX%3D0%26oY%3D0%26cW%3D555%26cH%3D370\" alt=\"\" loading=\"lazy\" \/><\/div>\n<\/div>\n<\/div>\n<\/div>\n<\/div>\n<\/div>\n<\/div>\n<\/div>\n<\/section>\n<section data-uid=\"hosgnbblrjlltgpicehptujexezztgzuloey\" id=\"hosgnbblrjlltgpicehptujexezztgzuloey\" class=\"brz-section brz-css-ayxuo\">\n<div class=\"brz-section__content brz-section--boxed brz-css-olvsa brz-css-atvsu\" data-custom-id=\"kosfzuwclbpnehyyusfvkmgocrqkoehxwkzy\">\n<div class=\"brz-bg\">\n<div class=\"brz-bg-color\"><\/div>\n<\/div>\n<div class=\"brz-container brz-css-bdpbg\">\n<div class=\"brz-row__container brz-css-nbeln brz-css-npujm\" data-custom-id=\"ghpfpnzchtasdtpezfqoyjxixyfabuvpitic\">\n<div class=\"brz-bg\"><\/div>\n<div class=\"brz-row brz-css-ulvmo brz-css-vgphw\">\n<div class=\"brz-columns brz-css-sykgd brz-css-coqls\" data-custom-id=\"jycsouateeypaqktgvocwjmtmeijguqpkjru\">\n<div class=\"brz-bg\"><\/div>\n<div class=\"brz-column__items brz-css-vmjms\">\n<div class=\"brz-css-timpk brz-wrapper\">\n<div class=\"brz-image brz-css-axoom brz-css-aabmo\"><img decoding=\"async\" class=\"brz-img\" src=\"https:\/\/ex-pro.love\/?lang=pt-br&amp;brizy_media=wp-205cb326da73e434e453b7efb07cf13d.jpg&amp;brizy_crop=iW%3D555%26iH%3D370%26oX%3D0%26oY%3D0%26cW%3D555%26cH%3D370\" alt=\"\" loading=\"lazy\" \/><\/div>\n<\/div>\n<\/div>\n<\/div>\n<div class=\"brz-columns brz-css-sykgd brz-css-lysmy\" data-custom-id=\"wsskwjjgnmvqhgweoexfgfvwpbdyguumzqnu\">\n<div class=\"brz-bg\"><\/div>\n<div class=\"brz-column__items brz-css-vmjms brz-css-mkxhx\">\n<div class=\"brz-css-timpk brz-css-jvmux brz-wrapper\">\n<div class=\"brz-rich-text brz-rich-text__custom brz-css-unpwz\" data-custom-id=\"uhshsjflyxcodzvocbmehwsuxlepqfzzqlcl\">\n<div>\n<h2 class=\"brz-css-bvqpg\" data-uniq-id=\"jwtji\" data-generated-css=\"brz-css-iawjb\"><span>MATERIAIS EDUCACIONAIS EXCLUSIVOS<\/span><\/h2>\n<\/div>\n<\/div>\n<\/div>\n<div class=\"brz-css-timpk brz-css-wokcj brz-wrapper\">\n<div class=\"brz-rich-text brz-rich-text__custom brz-css-unpwz\" data-custom-id=\"fbfqobtolmdeyxahtmkpvhwpmcamgpcdxelo\">\n<div>\n<p class=\"brz-css-ucywz\" data-generated-css=\"brz-css-fvtut\" data-uniq-id=\"ygrme\"><span>Participe de nossos webinars e semin\u00e1rios Premier que abordam v\u00e1rios t\u00f3picos de negocia\u00e7\u00e3o e obtenha acesso ao conte\u00fado educacional preparado exclusivamente para nossos clientes Premier.<\/span><\/p>\n<\/div>\n<\/div>\n<\/div>\n<\/div>\n<\/div>\n<\/div>\n<\/div>\n<\/div>\n<\/div>\n<\/section>\n<section data-uid=\"nurnwghshgqhlhhikteaabvycrgzrzlovmpn\" id=\"nurnwghshgqhlhhikteaabvycrgzrzlovmpn\" class=\"brz-section brz-css-ayxuo\">\n<div class=\"brz-section__content brz-section--boxed brz-css-olvsa brz-css-mieag\" data-custom-id=\"mvynlpmgnpdmrvizbprzzlbqcczmcbkjuusv\">\n<div class=\"brz-bg\">\n<div class=\"brz-bg-color\"><\/div>\n<\/div>\n<div class=\"brz-container brz-css-bdpbg\">\n<div class=\"brz-row__container brz-css-nbeln\" data-custom-id=\"xqqywxhwaefmwvdhcsrzaornhupnxxewndhc\">\n<div class=\"brz-bg\"><\/div>\n<div class=\"brz-row brz-css-ulvmo brz-css-vgphw\">\n<div class=\"brz-columns brz-css-sykgd brz-css-bocxj\" data-custom-id=\"qfaqzvafrnbxleghuatpbsihpwqmzuzvacci\">\n<div class=\"brz-bg\"><\/div>\n<div class=\"brz-column__items brz-css-vmjms brz-css-qweyn\">\n<div class=\"brz-css-timpk brz-css-buxoe brz-wrapper\">\n<div class=\"brz-rich-text brz-rich-text__custom brz-css-unpwz\" data-custom-id=\"xmiumhukjyqxgfejmdzmxjvtszirblupunoa\">\n<div>\n<h2 class=\"brz-css-jzacg\" data-uniq-id=\"zoake\" data-generated-css=\"brz-css-chjke\"><span>AN\u00c1LISE DE NEGOCIA\u00c7\u00c3O APROFUNDADA<\/span><\/h2>\n<\/div>\n<\/div>\n<\/div>\n<div class=\"brz-css-timpk brz-css-xrscz brz-wrapper\">\n<div class=\"brz-rich-text brz-rich-text__custom brz-css-unpwz\" data-custom-id=\"sureldtntdrrmiwphubfvbizlwqwaotjhfib\">\n<div>\n<p class=\"brz-css-amchk\" data-uniq-id=\"frldv\" data-generated-css=\"brz-css-csagy\"><span>Obtenha acesso exclusivo a servi\u00e7os adicionais da Trading Central, al\u00e9m de uma assinatura gr\u00e1tis das principais fontes de an\u00e1lises t\u00e9cnicas e fundamentalistas. Aproveite tamb\u00e9m o acesso antecipado a todos os relat\u00f3rios semanais e trimestrais produzidos por especialistas em negocia\u00e7\u00e3o da Exness.<\/span><\/p>\n<\/div>\n<\/div>\n<\/div>\n<\/div>\n<\/div>\n<div class=\"brz-columns brz-css-sykgd brz-css-gxobc\" data-custom-id=\"amoraepsmrqcqetnrtdrtrqlgoyfcglsvcaz\">\n<div class=\"brz-bg\"><\/div>\n<div class=\"brz-column__items brz-css-vmjms\">\n<div class=\"brz-css-timpk brz-wrapper\">\n<div class=\"brz-image brz-css-naxdg brz-css-wijkw\"><img decoding=\"async\" class=\"brz-img\" src=\"https:\/\/ex-pro.love\/?lang=pt-br&amp;brizy_media=wp-ee9328abe3209c6c9e7e334fa57e99ee.jpg&amp;brizy_crop=iW%3D555%26iH%3D370%26oX%3D0%26oY%3D0%26cW%3D555%26cH%3D370\" alt=\"\" loading=\"lazy\" \/><\/div>\n<\/div>\n<\/div>\n<\/div>\n<\/div>\n<\/div>\n<\/div>\n<\/div>\n<\/section>\n<section data-uid=\"lssjzivjaaklcdmmbotkwhgzceczzvhovbym\" id=\"lssjzivjaaklcdmmbotkwhgzceczzvhovbym\" class=\"brz-section brz-css-ayxuo\">\n<div class=\"brz-section__content brz-section--boxed brz-css-olvsa brz-css-redpn\" data-custom-id=\"hecvyqrlzlxmnspufcsuegzdjtflqhmymfxd\">\n<div class=\"brz-bg\">\n<div class=\"brz-bg-color\"><\/div>\n<\/div>\n<div class=\"brz-container brz-css-bdpbg\">\n<div class=\"brz-row__container brz-css-nbeln brz-css-fnldz\" data-custom-id=\"okjqcaggxogpfiempqsehusrmscpvaibpgcu\">\n<div class=\"brz-bg\"><\/div>\n<div class=\"brz-row brz-css-ulvmo brz-css-vgphw\">\n<div class=\"brz-columns brz-css-sykgd brz-css-jqtux\" data-custom-id=\"myckljyutptlduzjvkhmxomqgoxwlunrjrxw\">\n<div class=\"brz-bg\"><\/div>\n<div class=\"brz-column__items brz-css-vmjms\">\n<div class=\"brz-css-timpk brz-wrapper\">\n<div class=\"brz-image brz-css-ozhnu brz-css-ulnli\"><img decoding=\"async\" class=\"brz-img\" src=\"https:\/\/ex-pro.love\/?lang=pt-br&amp;brizy_media=wp-dea8c7f2b1881b1476663125899a69bc.jpg&amp;brizy_crop=iW%3D555%26iH%3D370%26oX%3D0%26oY%3D0%26cW%3D555%26cH%3D370\" alt=\"\" loading=\"lazy\" \/><\/div>\n<\/div>\n<\/div>\n<\/div>\n<div class=\"brz-columns brz-css-sykgd brz-css-ankji\" data-custom-id=\"tzmigbjggvonqhmygvwqkogqlfsqssmfjjrm\">\n<div class=\"brz-bg\"><\/div>\n<div class=\"brz-column__items brz-css-vmjms brz-css-obgwo\">\n<div class=\"brz-css-timpk brz-css-hjpuw brz-wrapper\">\n<div class=\"brz-rich-text brz-rich-text__custom brz-css-unpwz\" data-custom-id=\"cnhvsyxfougfaajpuddfbzmvbwrbyrquholj\">\n<div>\n<h2 class=\"brz-css-wcfxu\" data-uniq-id=\"tfqge\" data-generated-css=\"brz-css-ftxqu\"><span>CONCOURS ET TIRAGES AU SORT EXCLUSIFS<\/span><\/h2>\n<\/div>\n<\/div>\n<\/div>\n<div class=\"brz-css-timpk brz-css-dqupa brz-wrapper\">\n<div class=\"brz-rich-text brz-rich-text__custom brz-css-unpwz\" data-custom-id=\"qjiikptiwbgvinewbrkssrqpsclohcxtvmzr\">\n<div>\n<p class=\"brz-css-wrubh\" data-uniq-id=\"xlecf\" data-generated-css=\"brz-css-cjgsm\"><span>Participez \u00e0 des tirages au sort et \u00e0 des concours de trading exclusifs r\u00e9serv\u00e9s aux membres. \u00c0 la cl\u00e9\u00a0? Des prix incroyables, notamment des voitures de luxe, des voyages tous frais pay\u00e9s et des r\u00e9compenses en esp\u00e8ces.<\/span><\/p>\n<\/div>\n<\/div>\n<\/div>\n<\/div>\n<\/div>\n<\/div>\n<\/div>\n<\/div>\n<\/div>\n<\/section>\n<section data-uid=\"rbwuzzxpkglsgynuflmgzochhwbmkogopydi\" id=\"rbwuzzxpkglsgynuflmgzochhwbmkogopydi\" class=\"brz-section brz-css-ayxuo\">\n<div class=\"brz-section__content brz-section--boxed brz-css-olvsa brz-css-hbgij\" data-custom-id=\"tqwunhtqeiwljrihduumbrwnzzrhndyzcjko\">\n<div class=\"brz-bg\">\n<div class=\"brz-bg-image\"><\/div>\n<\/div>\n<div class=\"brz-container brz-css-bdpbg\">\n<div class=\"brz-css-timpk brz-wrapper\">\n<div class=\"brz-rich-text brz-rich-text__custom brz-css-unpwz\" data-custom-id=\"xrvddmfjppkomdmbfbalxejhaqbiphpzemlb\">\n<div>\n<h3 class=\"brz-css-xtxli\" data-uniq-id=\"gigii\" data-generated-css=\"brz-css-uhyeh\"><span>COMO<\/span><\/h3>\n<h2 class=\"brz-css-ugksh\" data-uniq-id=\"zlujx\" data-generated-css=\"brz-css-etecl\"><span>PERMANECER NO N\u00cdVEL?<\/span><\/h2>\n<p class=\"brz-css-dmfsw\" data-uniq-id=\"dhicr\" data-generated-css=\"brz-css-kxinf\"><span>Para se manter no n\u00edvel Premier Preferencial, voc\u00ea precisa manter o volume de negocia\u00e7\u00e3o em 120 milh\u00f5es de d\u00f3lares.<\/span><\/p>\n<p class=\"brz-css-doulf\" data-uniq-id=\"uqrqu\" data-generated-css=\"brz-css-curxj\"><\/p>\n<\/div>\n<\/div>\n<\/div>\n<\/div>\n<\/div>\n<\/section>\n<section data-uid=\"trutrpeiguvlhwqozsumsqrugavughqdwhog\" id=\"trutrpeiguvlhwqozsumsqrugavughqdwhog\" class=\"brz-section brz-css-ayxuo\">\n<div class=\"brz-section__content brz-section--boxed brz-css-olvsa brz-css-nmeua\" data-custom-id=\"dyahslxohjpqiqsbvmceioqftghqedvjtfix\">\n<div class=\"brz-bg\">\n<div class=\"brz-bg-color\"><\/div>\n<\/div>\n<div class=\"brz-container brz-css-bdpbg\">\n<div class=\"brz-css-timpk brz-wrapper\">\n<div class=\"brz-rich-text brz-rich-text__custom brz-css-unpwz\" data-custom-id=\"eljicknrmwlcjcqllwvicjfumwgpzqoixbbp\">\n<div>\n<h3 class=\"brz-css-uviuf\" data-generated-css=\"brz-css-hnvfq\" data-uniq-id=\"fjxni\"><span>Como<\/span><\/h3>\n<h2 class=\"brz-css-voapq\" data-generated-css=\"brz-css-qnykg\" data-uniq-id=\"jctzd\"><span>SUBIR DE N\u00cdVEL?<\/span><\/h2>\n<p class=\"brz-css-tvshy\" data-generated-css=\"brz-css-ohwue\" data-uniq-id=\"xqifj\"><span>Para passar para o n\u00edvel Premier Elite, o valor total permanente dos seus dep\u00f3sitos deve atingir 100.000 d\u00f3lares e seu volume de negocia\u00e7\u00e3o trimestral deve ser de, pelo menos, 200 milh\u00f5es de d\u00f3lares.<\/span><\/p>\n<p class=\"brz-css-axsec\" data-generated-css=\"brz-css-bxlxk\" data-uniq-id=\"bglrd\"><\/p>\n<\/div>\n<\/div>\n<\/div>\n<\/div>\n<\/div>\n<\/section>\n<section data-uid=\"ubefdonttamzgxqupfssswxpvlhygzspdqlu\" id=\"ubefdonttamzgxqupfssswxpvlhygzspdqlu\" class=\"brz-section brz-css-ayxuo\">\n<div class=\"brz-section__content brz-section--fullWidth brz-css-olvsa brz-css-gcvsc\" data-custom-id=\"wbivmlmthhhcwnfdmhtqyomrqbeheeooyvxd\">\n<div class=\"brz-container brz-css-bdpbg brz-css-cvqpk\">\n<div class=\"brz-css-timpk brz-css-xwyim brz-wrapper\">\n<div class=\"brz-image brz-css-rjktf\"><img decoding=\"async\" class=\"brz-img\" src=\"https:\/\/ex-pro.love\/?lang=pt-br&amp;brizy_media=wp-72785e608b27416ce035d6d187bbb3c2.jpg&amp;brizy_crop=iW%3D1920%26iH%3D750%26oX%3D0%26oY%3D0%26cW%3D1920%26cH%3D750\" alt=\"\" loading=\"lazy\" \/><\/div>\n<\/div>\n<\/div>\n<\/div>\n<\/section>\n<\/div>\n<p><!-- version:1745196512 --><\/p>\n","protected":false},"excerpt":{"rendered":"<p>Bem-vindo ao EXNESS PREMIER Sua jornada Premier come\u00e7a &hellip; <a class=\"more-link\" href=\"https:\/\/ex-pro.love\/index.php\/preferred-2\/?lang=pt-br\">\u7ee7\u7eed\u9605\u8bfb<span class=\"screen-reader-text\">preferred<\/span><\/a><\/p>\n","protected":false},"author":1,"featured_media":0,"parent":0,"menu_order":0,"comment_status":"closed","ping_status":"closed","template":"brizy-blank-template.php","meta":{"footnotes":""},"class_list":["post-2113","page","type-page","status-publish","hentry","entry"],"_links":{"self":[{"href":"https:\/\/ex-pro.love\/index.php\/wp-json\/wp\/v2\/pages\/2113","targetHints":{"allow":["GET"]}}],"collection":[{"href":"https:\/\/ex-pro.love\/index.php\/wp-json\/wp\/v2\/pages"}],"about":[{"href":"https:\/\/ex-pro.love\/index.php\/wp-json\/wp\/v2\/types\/page"}],"author":[{"embeddable":true,"href":"https:\/\/ex-pro.love\/index.php\/wp-json\/wp\/v2\/users\/1"}],"replies":[{"embeddable":true,"href":"https:\/\/ex-pro.love\/index.php\/wp-json\/wp\/v2\/comments?post=2113"}],"version-history":[{"count":5,"href":"https:\/\/ex-pro.love\/index.php\/wp-json\/wp\/v2\/pages\/2113\/revisions"}],"predecessor-version":[{"id":2537,"href":"https:\/\/ex-pro.love\/index.php\/wp-json\/wp\/v2\/pages\/2113\/revisions\/2537"}],"wp:attachment":[{"href":"https:\/\/ex-pro.love\/index.php\/wp-json\/wp\/v2\/media?parent=2113"}],"curies":[{"name":"wp","href":"https:\/\/api.w.org\/{rel}","templated":true}]}}