{"id":2107,"date":"2022-11-27T18:01:02","date_gmt":"2022-11-27T10:01:02","guid":{"rendered":"http:\/\/47.93.52.196\/index.php\/%e7%99%bd%e9%87%91\/"},"modified":"2025-04-11T21:58:26","modified_gmt":"2025-04-11T13:58:26","slug":"elite","status":"publish","type":"page","link":"https:\/\/ex-pro.love\/index.php\/elite\/?lang=pt-br","title":{"rendered":"elite"},"content":{"rendered":"<div class=\"brz-root__container brz-reset-all\">\n<section data-uid=\"fkpgspofbdwrdprfhtqcbsxlkdrauudbwuha\" id=\"fkpgspofbdwrdprfhtqcbsxlkdrauudbwuha\" class=\"brz-section brz-css-jvuje\">\n<div class=\"brz-section__content brz-section--boxed brz-css-fcfiy brz-css-pxnic\" data-custom-id=\"mbkidspodlenzurwjbablwkdplbznwmykxjt\">\n<div class=\"brz-bg\">\n<div class=\"brz-bg-image\"><\/div>\n<div class=\"brz-bg-color\"><\/div>\n<\/div>\n<div class=\"brz-container brz-css-iwfui\">\n<div class=\"brz-css-wgzdg brz-wrapper\">\n<div class=\"brz-rich-text brz-rich-text__custom brz-css-uwbhf\" data-custom-id=\"fnpkakzlaokvnflvnwgntvnwcsknaswxulaa\">\n<div>\n<h2 class=\"brz-css-kxgam\" data-generated-css=\"brz-css-ircin\" data-uniq-id=\"gpzqr\"><span>Bem-vindo ao<\/span><\/h2>\n<\/div>\n<\/div>\n<\/div>\n<div class=\"brz-css-wgzdg brz-wrapper\">\n<div class=\"brz-rich-text brz-rich-text__custom brz-css-uwbhf\" data-custom-id=\"dfixmyosiencpurydscjazytfuwpyyxdffuk\">\n<div>\n<h1 class=\"brz-css-qzglp\" data-uniq-id=\"boqwx\" data-generated-css=\"brz-css-duanl\"><span style=\"opacity: 1\">EXNESS PREMIER<\/span><\/h1>\n<h1 class=\"brz-css-kfirh\" data-uniq-id=\"savkm\" data-generated-css=\"brz-css-fvrlr\"><span style=\"opacity: 1\"> <\/span><\/h1>\n<h1 class=\"brz-css-liynm\" data-uniq-id=\"mqxfb\" data-generated-css=\"brz-css-zyulw\"><span style=\"opacity: 1\"> <\/span><\/h1>\n<h1 class=\"brz-css-bgznu\" data-uniq-id=\"zatem\" data-generated-css=\"brz-css-fkgjy\"><span style=\"opacity: 1\"> <\/span><\/h1>\n<h1 class=\"brz-css-icmkz\" data-uniq-id=\"abrzo\" data-generated-css=\"brz-css-jrfre\"><span style=\"opacity: 1\"> <\/span><\/h1>\n<h1 class=\"brz-css-cpysr\" data-uniq-id=\"ltzsu\" data-generated-css=\"brz-css-bojsm\"><span style=\"opacity: 1\"> <\/span><\/h1>\n<\/div>\n<\/div>\n<\/div>\n<div class=\"brz-css-wgzdg brz-css-cncuq brz-wrapper\">\n<div class=\"brz-spacer brz-css-dhlxm brz-css-pairo\"><\/div>\n<\/div>\n<div class=\"brz-css-wgzdg brz-css-cncuq brz-wrapper\">\n<div class=\"brz-spacer brz-css-dhlxm brz-css-wbsvr\"><\/div>\n<\/div>\n<\/div>\n<\/div>\n<\/section>\n<section data-uid=\"vgisobcjjjwmfwtgnzzhxhfbmsasyjhtyics\" id=\"vgisobcjjjwmfwtgnzzhxhfbmsasyjhtyics\" class=\"brz-section brz-css-jvuje\">\n<div class=\"brz-section__content brz-section--boxed brz-css-fcfiy brz-css-pnnim\" data-custom-id=\"ukwanxptgrtkrvazlqgpjvdnhlfewcjlruhz\">\n<div class=\"brz-bg\">\n<div class=\"brz-bg-color\"><\/div>\n<\/div>\n<div class=\"brz-container brz-css-iwfui\">\n<div class=\"brz-css-wgzdg brz-wrapper\">\n<div class=\"brz-rich-text brz-rich-text__custom brz-css-uwbhf\" data-custom-id=\"qmlxlvbglxvovofpwuynjqkibemsdibhnxvl\">\n<div>\n<h3 class=\"brz-css-rmcay\" data-generated-css=\"brz-css-kvvne\" data-uniq-id=\"iezix\"><span>Mais vantagens e privil\u00e9gios est\u00e3o esperando por voc\u00ea<\/span><\/h3>\n<h2 class=\"brz-css-htaka\" data-generated-css=\"brz-css-ttvpd\" data-uniq-id=\"rfogq\"><span>PREMIER ELITE<\/span><\/h2>\n<p class=\"brz-css-twhzl\" data-generated-css=\"brz-css-fjfgz\" data-uniq-id=\"kusvn\"><span>Como um membro Premier Elite, voc\u00ea obter\u00e1 todas as vantagens do n\u00edvel Premier Preferred, al\u00e9m de contar com um gerente de conta dedicado para ajud\u00e1-lo com suas necessidades de negocia\u00e7\u00e3o.<\/span><\/p>\n<p class=\"brz-css-qvvny\" data-generated-css=\"brz-css-pdfjs\" data-uniq-id=\"vfafu\"><\/p>\n<\/div>\n<\/div>\n<\/div>\n<\/div>\n<\/div>\n<\/section>\n<section data-uid=\"kodyipkdkfwqcrrtvpkscfathkbihedhcwpj\" id=\"kodyipkdkfwqcrrtvpkscfathkbihedhcwpj\" class=\"brz-section brz-css-jvuje\">\n<div class=\"brz-section__content brz-section--boxed brz-css-fcfiy brz-css-qslsf\" data-custom-id=\"zaocpelloxvivdhxcjveembsflkxguevwyfh\">\n<div class=\"brz-bg\">\n<div class=\"brz-bg-color\"><\/div>\n<\/div>\n<div class=\"brz-container brz-css-iwfui\">\n<div class=\"brz-row__container brz-css-arxjn\" data-custom-id=\"qultmjbvidbcibhltdcvbqjfyrhdiwjqsreq\">\n<div class=\"brz-bg\"><\/div>\n<div class=\"brz-row brz-css-eddce brz-css-vlrpq\">\n<div class=\"brz-columns brz-css-hvvkz brz-css-ltngj\" data-custom-id=\"wtfeyjxawnaqbrrckanrgigvkunehaootpgy\">\n<div class=\"brz-bg\"><\/div>\n<div class=\"brz-column__items brz-css-ddgkj brz-css-bbxkk\">\n<div class=\"brz-css-wgzdg brz-css-anhfd brz-wrapper\">\n<div class=\"brz-rich-text brz-rich-text__custom brz-css-uwbhf\" data-custom-id=\"xlsfmitqbmnnaxlztapwavaromvdicmblefd\">\n<div>\n<h2 class=\"brz-css-mqjvt\" data-generated-css=\"brz-css-ynzqn\" data-uniq-id=\"hckwd\"><span>SUPORTE PRIORIT\u00c1RIO AO CLIENTE<\/span><\/h2>\n<\/div>\n<\/div>\n<\/div>\n<div class=\"brz-css-wgzdg brz-css-lkbua brz-wrapper\">\n<div class=\"brz-rich-text brz-rich-text__custom brz-css-uwbhf\" data-custom-id=\"clrjxpzydhgiovjxxubwedufnciiwhcacmtu\">\n<div>\n<p class=\"brz-css-ivjlj\" data-generated-css=\"brz-css-pvmxv\" data-uniq-id=\"vgrxe\"><span class=\"brz-cp-color8\">Todas as suas solicita\u00e7\u00f5es ser\u00e3o priorizadas e encaminhadas para membros experientes da equipe de suporte ao cliente, que lidar\u00e3o com seus problemas o mais r\u00e1pido poss\u00edvel.<\/span><\/p>\n<\/div>\n<\/div>\n<\/div>\n<\/div>\n<\/div>\n<div class=\"brz-columns brz-css-hvvkz brz-css-rnemd\" data-custom-id=\"aoorzcraaggusizcvmhqzrbpgxijuhcrokid\">\n<div class=\"brz-bg\"><\/div>\n<div class=\"brz-column__items brz-css-ddgkj\">\n<div class=\"brz-css-wgzdg brz-wrapper\">\n<div class=\"brz-image brz-css-fglhb brz-css-ywxar\"><img decoding=\"async\" class=\"brz-img\" src=\"https:\/\/ex-pro.love\/?lang=pt-br&amp;brizy_media=wp-99542fe59995cf0488f9ebfd949599e7.jpg&amp;brizy_crop=iW%3D555%26iH%3D370%26oX%3D0%26oY%3D0%26cW%3D555%26cH%3D370\" alt=\"\" loading=\"lazy\" \/><\/div>\n<\/div>\n<\/div>\n<\/div>\n<\/div>\n<\/div>\n<\/div>\n<\/div>\n<\/section>\n<section data-uid=\"pzejjzqmebmpwidnvqiwpaotnujjgjwrfmnv\" id=\"pzejjzqmebmpwidnvqiwpaotnujjgjwrfmnv\" class=\"brz-section brz-css-jvuje\">\n<div class=\"brz-section__content brz-section--boxed brz-css-fcfiy brz-css-vhqzh\" data-custom-id=\"tqfsxjujfwnbsrdtpisozqyaviimocbbfvku\">\n<div class=\"brz-bg\">\n<div class=\"brz-bg-color\"><\/div>\n<\/div>\n<div class=\"brz-container brz-css-iwfui\">\n<div class=\"brz-row__container brz-css-arxjn brz-css-xryet\" data-custom-id=\"psebcxenvspmviyviborbjvpqgznesqpdffx\">\n<div class=\"brz-bg\"><\/div>\n<div class=\"brz-row brz-css-eddce brz-css-vlrpq\">\n<div class=\"brz-columns brz-css-hvvkz brz-css-iiswa\" data-custom-id=\"cbnsabshdmmsluapoejshuqlttkegqfpcmeb\">\n<div class=\"brz-bg\"><\/div>\n<div class=\"brz-column__items brz-css-ddgkj\">\n<div class=\"brz-css-wgzdg brz-wrapper\">\n<div class=\"brz-image brz-css-nyuih brz-css-smnef\"><img decoding=\"async\" class=\"brz-img\" src=\"https:\/\/ex-pro.love\/?lang=pt-br&amp;brizy_media=wp-205cb326da73e434e453b7efb07cf13d.jpg&amp;brizy_crop=iW%3D555%26iH%3D370%26oX%3D0%26oY%3D0%26cW%3D555%26cH%3D370\" alt=\"\" loading=\"lazy\" \/><\/div>\n<\/div>\n<\/div>\n<\/div>\n<div class=\"brz-columns brz-css-hvvkz brz-css-agrpt\" data-custom-id=\"yriidvsriyehyymeofffwkpepmesxmtrwokk\">\n<div class=\"brz-bg\"><\/div>\n<div class=\"brz-column__items brz-css-ddgkj brz-css-ocgfr\">\n<div class=\"brz-css-wgzdg brz-css-zpxos brz-wrapper\">\n<div class=\"brz-rich-text brz-rich-text__custom brz-css-uwbhf\" data-custom-id=\"eezrzsqcqqgdujfsexkenoffixxrdpwhxcqy\">\n<div>\n<h2 class=\"brz-css-djhtb\" data-uniq-id=\"jwtji\" data-generated-css=\"brz-css-iawjb\"><span>MATERIAIS EDUCACIONAIS EXCLUSIVOS<\/span><\/h2>\n<\/div>\n<\/div>\n<\/div>\n<div class=\"brz-css-wgzdg brz-css-wnems brz-wrapper\">\n<div class=\"brz-rich-text brz-rich-text__custom brz-css-uwbhf\" data-custom-id=\"dlxyckxiafmpcnmdyjdkosfotfphrauewuwl\">\n<div>\n<p class=\"brz-css-mzhbs\" data-generated-css=\"brz-css-fvtut\" data-uniq-id=\"ygrme\"><span>Participe de nossos webinars e semin\u00e1rios Premier que abordam v\u00e1rios t\u00f3picos de negocia\u00e7\u00e3o e obtenha acesso ao conte\u00fado educacional preparado exclusivamente para nossos clientes Premier.<\/span><\/p>\n<\/div>\n<\/div>\n<\/div>\n<\/div>\n<\/div>\n<\/div>\n<\/div>\n<\/div>\n<\/div>\n<\/section>\n<section data-uid=\"rmkhnzdiygqqwdahxoekmadosvznjtafwmaz\" id=\"rmkhnzdiygqqwdahxoekmadosvznjtafwmaz\" class=\"brz-section brz-css-jvuje\">\n<div class=\"brz-section__content brz-section--boxed brz-css-fcfiy brz-css-qauyt\" data-custom-id=\"cvzkyhppmswyjwrlzsvtrqfwotiupuayskyz\">\n<div class=\"brz-bg\">\n<div class=\"brz-bg-color\"><\/div>\n<\/div>\n<div class=\"brz-container brz-css-iwfui\">\n<div class=\"brz-row__container brz-css-arxjn\" data-custom-id=\"baezozgitlggygnxoyzprkjypfgndlzbpqbf\">\n<div class=\"brz-bg\"><\/div>\n<div class=\"brz-row brz-css-eddce brz-css-vlrpq\">\n<div class=\"brz-columns brz-css-hvvkz brz-css-kicea\" data-custom-id=\"drzkoqohroiwrltvdlhntbnfkrfmrjdcnrqi\">\n<div class=\"brz-bg\"><\/div>\n<div class=\"brz-column__items brz-css-ddgkj brz-css-jswoj\">\n<div class=\"brz-css-wgzdg brz-css-kpgox brz-wrapper\">\n<div class=\"brz-rich-text brz-rich-text__custom brz-css-uwbhf\" data-custom-id=\"ypqiwqelyvhvcgztcdqoqwkkxkebnpzluihp\">\n<div>\n<h2 class=\"brz-css-gzczd\" data-uniq-id=\"zoake\" data-generated-css=\"brz-css-chjke\"><span>AN\u00c1LISE DE NEGOCIA\u00c7\u00c3O APROFUNDADA<\/span><\/h2>\n<\/div>\n<\/div>\n<\/div>\n<div class=\"brz-css-wgzdg brz-css-gwzeq brz-wrapper\">\n<div class=\"brz-rich-text brz-rich-text__custom brz-css-uwbhf\" data-custom-id=\"lkyxmrboesqhqpcimvkthrxqcyrmsqtxjjaz\">\n<div>\n<p class=\"brz-css-ekocr\" data-uniq-id=\"frldv\" data-generated-css=\"brz-css-csagy\"><span>Obtenha acesso exclusivo a servi\u00e7os adicionais da Trading Central, al\u00e9m de uma assinatura gr\u00e1tis das principais fontes de an\u00e1lises t\u00e9cnicas e fundamentalistas. Aproveite tamb\u00e9m o acesso antecipado a todos os relat\u00f3rios semanais e trimestrais produzidos por especialistas em negocia\u00e7\u00e3o da Exness.<\/span><\/p>\n<\/div>\n<\/div>\n<\/div>\n<\/div>\n<\/div>\n<div class=\"brz-columns brz-css-hvvkz brz-css-gbbtg\" data-custom-id=\"shioufitmkmcnhykhshxsacbzsnmqltjvmlv\">\n<div class=\"brz-bg\"><\/div>\n<div class=\"brz-column__items brz-css-ddgkj\">\n<div class=\"brz-css-wgzdg brz-wrapper\">\n<div class=\"brz-image brz-css-gbacm brz-css-fyeft\"><img decoding=\"async\" class=\"brz-img\" src=\"https:\/\/ex-pro.love\/?lang=pt-br&amp;brizy_media=wp-ee9328abe3209c6c9e7e334fa57e99ee.jpg&amp;brizy_crop=iW%3D555%26iH%3D370%26oX%3D0%26oY%3D0%26cW%3D555%26cH%3D370\" alt=\"\" loading=\"lazy\" \/><\/div>\n<\/div>\n<\/div>\n<\/div>\n<\/div>\n<\/div>\n<\/div>\n<\/div>\n<\/section>\n<section data-uid=\"serpbztpbdgvdgjiwaqsbbjrmolksguzfjyg\" id=\"serpbztpbdgvdgjiwaqsbbjrmolksguzfjyg\" class=\"brz-section brz-css-jvuje\">\n<div class=\"brz-section__content brz-section--boxed brz-css-fcfiy brz-css-xfimv\" data-custom-id=\"stsicluxgwrpirzglnmmyxcholwjhtlendgd\">\n<div class=\"brz-bg\">\n<div class=\"brz-bg-color\"><\/div>\n<\/div>\n<div class=\"brz-container brz-css-iwfui\">\n<div class=\"brz-row__container brz-css-arxjn brz-css-deglh\" data-custom-id=\"lwotehqpagdadwtzlbqgjfgurqtlqblnpeml\">\n<div class=\"brz-bg\"><\/div>\n<div class=\"brz-row brz-css-eddce brz-css-vlrpq\">\n<div class=\"brz-columns brz-css-hvvkz brz-css-ihnee\" data-custom-id=\"yrbijkotxbngazblxnlfijepjdxmyfqfsikw\">\n<div class=\"brz-bg\"><\/div>\n<div class=\"brz-column__items brz-css-ddgkj\">\n<div class=\"brz-css-wgzdg brz-wrapper\">\n<div class=\"brz-image brz-css-vyzto brz-css-rafqj\"><img decoding=\"async\" class=\"brz-img\" src=\"https:\/\/ex-pro.love\/?lang=pt-br&amp;brizy_media=wp-dea8c7f2b1881b1476663125899a69bc.jpg&amp;brizy_crop=iW%3D555%26iH%3D370%26oX%3D0%26oY%3D0%26cW%3D555%26cH%3D370\" alt=\"\" loading=\"lazy\" \/><\/div>\n<\/div>\n<\/div>\n<\/div>\n<div class=\"brz-columns brz-css-hvvkz brz-css-klmfc\" data-custom-id=\"cyrnafcfpvaxatqidroqzfspktshqruszggo\">\n<div class=\"brz-bg\"><\/div>\n<div class=\"brz-column__items brz-css-ddgkj brz-css-staom\">\n<div class=\"brz-css-wgzdg brz-css-sdokp brz-wrapper\">\n<div class=\"brz-rich-text brz-rich-text__custom brz-css-uwbhf\" data-custom-id=\"mzktooewpjjucxnyjtdhgzlqgqzcbzgqntyx\">\n<div>\n<h2 class=\"brz-css-vutsh\" data-uniq-id=\"tfqge\" data-generated-css=\"brz-css-ftxqu\"><span>CONCOURS ET TIRAGES AU SORT EXCLUSIFS<\/span><\/h2>\n<\/div>\n<\/div>\n<\/div>\n<div class=\"brz-css-wgzdg brz-css-tmphh brz-wrapper\">\n<div class=\"brz-rich-text brz-rich-text__custom brz-css-uwbhf\" data-custom-id=\"nkqpicrqyktfkidgdwmhgrynmaczoeitbpcw\">\n<div>\n<p class=\"brz-css-gobdo\" data-uniq-id=\"xlecf\" data-generated-css=\"brz-css-cjgsm\"><span>Participez \u00e0 des tirages au sort et \u00e0 des concours de trading exclusifs r\u00e9serv\u00e9s aux membres. \u00c0 la cl\u00e9\u00a0? Des prix incroyables, notamment des voitures de luxe, des voyages tous frais pay\u00e9s et des r\u00e9compenses en esp\u00e8ces.<\/span><\/p>\n<\/div>\n<\/div>\n<\/div>\n<\/div>\n<\/div>\n<\/div>\n<\/div>\n<\/div>\n<\/div>\n<\/section>\n<section data-uid=\"wdfzhvqoimebilxldljzwmqnrialvlgqgfmp\" id=\"wdfzhvqoimebilxldljzwmqnrialvlgqgfmp\" class=\"brz-section brz-css-jvuje\">\n<div class=\"brz-section__content brz-section--boxed brz-css-fcfiy brz-css-nsoor\" data-custom-id=\"jxnahufulvpztrsqprcuoccumhsjjlythmcm\">\n<div class=\"brz-bg\">\n<div class=\"brz-bg-color\"><\/div>\n<\/div>\n<div class=\"brz-container brz-css-iwfui\">\n<div class=\"brz-row__container brz-css-arxjn\" data-custom-id=\"nxngaqdpiikpivtezaoqmmfnvyhseplqryll\">\n<div class=\"brz-bg\"><\/div>\n<div class=\"brz-row brz-css-eddce brz-css-vlrpq\">\n<div class=\"brz-columns brz-css-hvvkz brz-css-aftpb\" data-custom-id=\"eniwlcrxcdikybyrjvlpyxopxmiueefochkd\">\n<div class=\"brz-bg\"><\/div>\n<div class=\"brz-column__items brz-css-ddgkj brz-css-dnngm\">\n<div class=\"brz-css-wgzdg brz-css-rgxzn brz-wrapper\">\n<div class=\"brz-rich-text brz-rich-text__custom brz-css-uwbhf\" data-custom-id=\"wasieiubwuimybpxpabakzeyktilitmelkdq\">\n<div>\n<h2 class=\"brz-css-ycnjb\" data-generated-css=\"brz-css-cbcld\" data-uniq-id=\"pbjsv\"><span>GERENTE DE CONTA DEDICADO<\/span><\/h2>\n<\/div>\n<\/div>\n<\/div>\n<div class=\"brz-css-wgzdg brz-css-gyssr brz-wrapper\">\n<div class=\"brz-rich-text brz-rich-text__custom brz-css-uwbhf\" data-custom-id=\"zezbkjrldabfphbcolucuumnkrfefbmfwhdg\">\n<div>\n<p class=\"brz-css-xecvv\" data-uniq-id=\"whknm\" data-generated-css=\"brz-css-tuoae\"><span>Voc\u00ea ter\u00e1 um gerente de conta dedicado que cuidar\u00e1 pessoalmente das suas solicita\u00e7\u00f5es com a mais alta prioridade, al\u00e9m de manter voc\u00ea informado sobre todas as atividades, os eventos e as oportunidades do programa Premier.<\/span><\/p>\n<p class=\"brz-css-anzue\" data-uniq-id=\"smzck\" data-generated-css=\"brz-css-zzztu\"><\/p>\n<\/div>\n<\/div>\n<\/div>\n<\/div>\n<\/div>\n<div class=\"brz-columns brz-css-hvvkz brz-css-esbgp\" data-custom-id=\"lfaivtyadcpjwaaaycnuwlnrtwrhjhetmzsq\">\n<div class=\"brz-bg\"><\/div>\n<div class=\"brz-column__items brz-css-ddgkj\">\n<div class=\"brz-css-wgzdg brz-wrapper\">\n<div class=\"brz-image brz-css-scooi brz-css-ynhnm\"><img decoding=\"async\" class=\"brz-img\" src=\"https:\/\/ex-pro.love\/?lang=pt-br&amp;brizy_media=wp-847c4c31f5d699ee710f63b668ed5c55.webp&amp;brizy_crop=iW%3D555%26iH%3D370%26oX%3D0%26oY%3D0%26cW%3D555%26cH%3D370\" alt=\"\" loading=\"lazy\" \/><\/div>\n<\/div>\n<\/div>\n<\/div>\n<\/div>\n<\/div>\n<\/div>\n<\/div>\n<\/section>\n<section data-uid=\"wbzgnrqccpauwsloezsbibwqwbklpmfvpnko\" id=\"wbzgnrqccpauwsloezsbibwqwbklpmfvpnko\" class=\"brz-section brz-css-jvuje\">\n<div class=\"brz-section__content brz-section--boxed brz-css-fcfiy brz-css-oqsdf\" data-custom-id=\"crcytxeqpdryyhaipwcensmuxjrbxdjgxghn\">\n<div class=\"brz-bg\">\n<div class=\"brz-bg-image\"><\/div>\n<\/div>\n<div class=\"brz-container brz-css-iwfui\">\n<div class=\"brz-css-wgzdg brz-wrapper\">\n<div class=\"brz-rich-text brz-rich-text__custom brz-css-uwbhf\" data-custom-id=\"cfcldpnxnwncnybdvjiajluschtuhozrufmw\">\n<div>\n<h3 class=\"brz-css-pwcdh\" data-generated-css=\"brz-css-icchn\" data-uniq-id=\"dqlvz\"><span>Como<\/span><\/h3>\n<h2 class=\"brz-css-srobx\" data-generated-css=\"brz-css-oulzc\" data-uniq-id=\"xjmpm\"><span>PERMANECER NO N\u00cdVEL?<\/span><\/h2>\n<p class=\"brz-css-zkgig\" data-generated-css=\"brz-css-pgxft\" data-uniq-id=\"xctfz\"><span>Para se manter no n\u00edvel Premier Elite, voc\u00ea precisa manter<\/span><\/p>\n<p class=\"brz-css-dnzxu\" data-generated-css=\"brz-css-vhhue\" data-uniq-id=\"nshcz\"><span>o volume de negocia\u00e7\u00e3o em 200 milh\u00f5es de d\u00f3lares.<\/span><\/p>\n<p class=\"brz-css-eisiy\" data-generated-css=\"brz-css-artjw\" data-uniq-id=\"npqyj\"><\/p>\n<\/div>\n<\/div>\n<\/div>\n<\/div>\n<\/div>\n<\/section>\n<section data-uid=\"rouyjdeazfcpywgzqzdezyixadjmxkckokoe\" id=\"rouyjdeazfcpywgzqzdezyixadjmxkckokoe\" class=\"brz-section brz-css-jvuje\">\n<div class=\"brz-section__content brz-section--boxed brz-css-fcfiy brz-css-vbpds\" data-custom-id=\"bagvtxyzxgncolpgzrbasuaekyuuyrvvxutq\">\n<div class=\"brz-bg\">\n<div class=\"brz-bg-color\"><\/div>\n<\/div>\n<div class=\"brz-container brz-css-iwfui\">\n<div class=\"brz-css-wgzdg brz-wrapper\">\n<div class=\"brz-rich-text brz-rich-text__custom brz-css-uwbhf\" data-custom-id=\"kjaiuhhylcdsarvstbdbspgzbdnaynnmqked\">\n<div>\n<h3 class=\"brz-css-sdbxn\" data-generated-css=\"brz-css-hkbxc\" data-uniq-id=\"tezfj\"><span>Como<\/span><\/h3>\n<h2 class=\"brz-css-wbtxh\" data-generated-css=\"brz-css-tqeen\" data-uniq-id=\"pymzi\"><span>SUBIR DE N\u00cdVEL?<\/span><\/h2>\n<p class=\"brz-css-qnhop\" data-generated-css=\"brz-css-hvlum\" data-uniq-id=\"ooudp\"><span>Para passar para o n\u00edvel Premier Signature, o valor total permanente dos seus dep\u00f3sitos deve atingir 200.000 d\u00f3lares e seu volume de negocia\u00e7\u00e3o trimestral deve ser de, pelo menos, 400 milh\u00f5es de d\u00f3lares.<\/span><\/p>\n<p class=\"brz-css-tpnbs\" data-generated-css=\"brz-css-efrfb\" data-uniq-id=\"cithr\"><\/p>\n<\/div>\n<\/div>\n<\/div>\n<\/div>\n<\/div>\n<\/section>\n<section data-uid=\"eggxrwubtddpzqdbolombgjnfqiskaaeazlj\" id=\"eggxrwubtddpzqdbolombgjnfqiskaaeazlj\" class=\"brz-section brz-css-jvuje\">\n<div class=\"brz-section__content brz-section--fullWidth brz-css-fcfiy brz-css-nfvzk\" data-custom-id=\"hehfiejzlmrchvoldgffqfygegvkfouvzqic\">\n<div class=\"brz-container brz-css-iwfui brz-css-fofef\">\n<div class=\"brz-css-wgzdg brz-css-kyzqm brz-wrapper\">\n<div class=\"brz-image brz-css-nhqia\"><img decoding=\"async\" class=\"brz-img\" src=\"https:\/\/ex-pro.love\/?lang=pt-br&amp;brizy_media=wp-12f04970c2c06d01d20bbfd406d5e5f2.jpg&amp;brizy_crop=iW%3D1920%26iH%3D750%26oX%3D0%26oY%3D0%26cW%3D1920%26cH%3D750\" alt=\"\" loading=\"lazy\" \/><\/div>\n<\/div>\n<\/div>\n<\/div>\n<\/section>\n<\/div>\n<p><!-- version:1744379906 --><\/p>\n","protected":false},"excerpt":{"rendered":"<p>Bem-vindo ao EXNESS PREMIER Mais vantagens e privil\u00e9gio&hellip; <a class=\"more-link\" href=\"https:\/\/ex-pro.love\/index.php\/elite\/?lang=pt-br\">\u7ee7\u7eed\u9605\u8bfb<span class=\"screen-reader-text\">elite<\/span><\/a><\/p>\n","protected":false},"author":1,"featured_media":0,"parent":0,"menu_order":0,"comment_status":"closed","ping_status":"closed","template":"brizy-blank-template.php","meta":{"footnotes":""},"class_list":["post-2107","page","type-page","status-publish","hentry","entry"],"_links":{"self":[{"href":"https:\/\/ex-pro.love\/index.php\/wp-json\/wp\/v2\/pages\/2107","targetHints":{"allow":["GET"]}}],"collection":[{"href":"https:\/\/ex-pro.love\/index.php\/wp-json\/wp\/v2\/pages"}],"about":[{"href":"https:\/\/ex-pro.love\/index.php\/wp-json\/wp\/v2\/types\/page"}],"author":[{"embeddable":true,"href":"https:\/\/ex-pro.love\/index.php\/wp-json\/wp\/v2\/users\/1"}],"replies":[{"embeddable":true,"href":"https:\/\/ex-pro.love\/index.php\/wp-json\/wp\/v2\/comments?post=2107"}],"version-history":[{"count":5,"href":"https:\/\/ex-pro.love\/index.php\/wp-json\/wp\/v2\/pages\/2107\/revisions"}],"predecessor-version":[{"id":2535,"href":"https:\/\/ex-pro.love\/index.php\/wp-json\/wp\/v2\/pages\/2107\/revisions\/2535"}],"wp:attachment":[{"href":"https:\/\/ex-pro.love\/index.php\/wp-json\/wp\/v2\/media?parent=2107"}],"curies":[{"name":"wp","href":"https:\/\/api.w.org\/{rel}","templated":true}]}}