{"id":2105,"date":"2022-11-27T18:24:58","date_gmt":"2022-11-27T10:24:58","guid":{"rendered":"http:\/\/47.93.52.196\/index.php\/%e6%99%b6%e9%92%bb\/"},"modified":"2025-04-08T20:37:27","modified_gmt":"2025-04-08T12:37:27","slug":"signature","status":"publish","type":"page","link":"https:\/\/ex-pro.love\/index.php\/signature\/?lang=pt-br","title":{"rendered":"signature"},"content":{"rendered":"<div class=\"brz-root__container brz-reset-all\">\n<section data-uid=\"grwnjgrtxqwiaalulqbvshqjcshtbjotmzgb\" id=\"grwnjgrtxqwiaalulqbvshqjcshtbjotmzgb\" class=\"brz-section brz-css-lblbj\">\n<div class=\"brz-section__content brz-section--boxed brz-css-hdjvj brz-css-jiymk\" data-custom-id=\"cbfdiczbqejiwtmsoyfymhfshdvwvhvtrdqt\">\n<div class=\"brz-bg\">\n<div class=\"brz-bg-image\"><\/div>\n<div class=\"brz-bg-color\"><\/div>\n<\/div>\n<div class=\"brz-container brz-css-pxueu\">\n<div class=\"brz-css-vhjza brz-wrapper\">\n<div class=\"brz-rich-text brz-rich-text__custom brz-css-xqqmv\" data-custom-id=\"wlamcomzqsgjfgihkspqaogxgthxwppwious\">\n<div>\n<h2 class=\"brz-css-ewtym\" data-generated-css=\"brz-css-whcvf\" data-uniq-id=\"rbbxd\"><span>Bem-vindo ao<\/span><\/h2>\n<\/div>\n<\/div>\n<\/div>\n<div class=\"brz-css-vhjza brz-wrapper\">\n<div class=\"brz-rich-text brz-rich-text__custom brz-css-xqqmv\" data-custom-id=\"otpaafvzdngejncqrflcynyfsrmartkcnkgr\">\n<div>\n<h1 class=\"brz-css-geomc\" data-generated-css=\"brz-css-iyzos\" data-uniq-id=\"qlwup\"><span>EXNESS PREMIER<\/span><\/h1>\n<h1 class=\"brz-css-zopbe\" data-generated-css=\"brz-css-ngagq\" data-uniq-id=\"vdvvh\"><span> <\/span><\/h1>\n<h1 class=\"brz-css-xbrnp\" data-generated-css=\"brz-css-zfozf\" data-uniq-id=\"pdcvk\"><span> <\/span><\/h1>\n<h1 class=\"brz-css-ydgpp\" data-generated-css=\"brz-css-tvvnv\" data-uniq-id=\"htopg\"><span> <\/span><\/h1>\n<h1 class=\"brz-css-hcwap\" data-generated-css=\"brz-css-fpjdp\" data-uniq-id=\"lqwmx\"><span> <\/span><\/h1>\n<h1 class=\"brz-css-ztrje\" data-generated-css=\"brz-css-zsngc\" data-uniq-id=\"ggaxg\"><span> <\/span><\/h1>\n<\/div>\n<\/div>\n<\/div>\n<div class=\"brz-css-vhjza brz-css-aorby brz-wrapper\">\n<div class=\"brz-spacer brz-css-ntunk brz-css-yvvmc\"><\/div>\n<\/div>\n<div class=\"brz-css-vhjza brz-css-aorby brz-wrapper\">\n<div class=\"brz-spacer brz-css-ntunk brz-css-xnwcc\"><\/div>\n<\/div>\n<\/div>\n<\/div>\n<\/section>\n<section data-uid=\"rtrjwpkxzwgethkbmpczshupcxrwefrgadvq\" id=\"rtrjwpkxzwgethkbmpczshupcxrwefrgadvq\" class=\"brz-section brz-css-lblbj\">\n<div class=\"brz-section__content brz-section--boxed brz-css-hdjvj brz-css-rfikw\" data-custom-id=\"mcoiogflxckkzgrqnbpoxukxqcwjsxgeislw\">\n<div class=\"brz-bg\">\n<div class=\"brz-bg-color\"><\/div>\n<\/div>\n<div class=\"brz-container brz-css-pxueu\">\n<div class=\"brz-css-vhjza brz-wrapper\">\n<div class=\"brz-rich-text brz-rich-text__custom brz-css-xqqmv\" data-custom-id=\"cgoupwubvtlycmylupfuqscvcoypvuynvyqo\">\n<div>\n<h3 class=\"brz-css-hkfrp\" data-uniq-id=\"khrpp\" data-generated-css=\"brz-css-zdjuy\"><span>Voc\u00ea chegou ao topo com o<\/span><\/h3>\n<h2 class=\"brz-css-wcyni\" data-uniq-id=\"oedjh\" data-generated-css=\"brz-css-eeych\"><span>PREMIER SIGNATURE<\/span><\/h2>\n<p class=\"brz-css-qozcx\" data-uniq-id=\"syelx\" data-generated-css=\"brz-css-eseya\"><span>Voc\u00ea alcan\u00e7ou o n\u00edvel mais alto do nosso programa Premier. Gra\u00e7as a isso, voc\u00ea aproveitar\u00e1 todas as vantagens dos n\u00edveis Preferred e Elite, mas isso n\u00e3o \u00e9 tudo. Voc\u00ea tamb\u00e9m poder\u00e1 ter a oportunidade de estabelecer contatos com pessoas no mundo inteiro, ter acesso direto aos nossos executivos de alto escal\u00e3o e aproveitar condi\u00e7\u00f5es de negocia\u00e7\u00e3o exclusivas.<\/span><\/p>\n<p class=\"brz-css-rhqbb\" data-uniq-id=\"nqpct\" data-generated-css=\"brz-css-mfttf\"><\/p>\n<\/div>\n<\/div>\n<\/div>\n<\/div>\n<\/div>\n<\/section>\n<section data-uid=\"oqrckdvtdniyqikpguhwgnbssoqpldhhzjqk\" id=\"oqrckdvtdniyqikpguhwgnbssoqpldhhzjqk\" class=\"brz-section brz-css-lblbj\">\n<div class=\"brz-section__content brz-section--boxed brz-css-hdjvj brz-css-dnplu\" data-custom-id=\"qwyzqjnexrwekwfxyychnkaedcawlexbeatw\">\n<div class=\"brz-bg\">\n<div class=\"brz-bg-color\"><\/div>\n<\/div>\n<div class=\"brz-container brz-css-pxueu\">\n<div class=\"brz-row__container brz-css-sikco\" data-custom-id=\"vvagfaqoxgoedutsyrzsbhsdimjbbckwqtqa\">\n<div class=\"brz-bg\"><\/div>\n<div class=\"brz-row brz-css-pkapw brz-css-vcrbi\">\n<div class=\"brz-columns brz-css-ddfdx brz-css-uawte\" data-custom-id=\"nfhffhkvfqqkbipwdkxaajjcsbsdzzcrruos\">\n<div class=\"brz-bg\"><\/div>\n<div class=\"brz-column__items brz-css-ipouo brz-css-eienq\">\n<div class=\"brz-css-vhjza brz-css-kkjqm brz-wrapper\">\n<div class=\"brz-rich-text brz-rich-text__custom brz-css-xqqmv\" data-custom-id=\"ndduambelutzerltsjnegiibfqwavoidebvz\">\n<div>\n<h2 class=\"brz-css-divfl\" data-generated-css=\"brz-css-ynzqn\" data-uniq-id=\"hckwd\"><span>SUPORTE PRIORIT\u00c1RIO AO CLIENTE<\/span><\/h2>\n<\/div>\n<\/div>\n<\/div>\n<div class=\"brz-css-vhjza brz-css-tsqev brz-wrapper\">\n<div class=\"brz-rich-text brz-rich-text__custom brz-css-xqqmv\" data-custom-id=\"eqyzyperjykeltxxxkbyqkkfrgaxmjiifnie\">\n<div>\n<p class=\"brz-css-fxfkp\" data-generated-css=\"brz-css-pvmxv\" data-uniq-id=\"vgrxe\"><span class=\"brz-cp-color8\">Todas as suas solicita\u00e7\u00f5es ser\u00e3o priorizadas e encaminhadas para membros experientes da equipe de suporte ao cliente, que lidar\u00e3o com seus problemas o mais r\u00e1pido poss\u00edvel.<\/span><\/p>\n<\/div>\n<\/div>\n<\/div>\n<\/div>\n<\/div>\n<div class=\"brz-columns brz-css-ddfdx brz-css-mxcpi\" data-custom-id=\"ghzqnvomamjpouzhpyfpqazwvsttubarxcch\">\n<div class=\"brz-bg\"><\/div>\n<div class=\"brz-column__items brz-css-ipouo\">\n<div class=\"brz-css-vhjza brz-wrapper\">\n<div class=\"brz-image brz-css-qzqvl brz-css-hfiic\"><img decoding=\"async\" class=\"brz-img\" src=\"https:\/\/ex-pro.love\/?lang=pt-br&amp;brizy_media=wp-99542fe59995cf0488f9ebfd949599e7.jpg&amp;brizy_crop=iW%3D555%26iH%3D370%26oX%3D0%26oY%3D0%26cW%3D555%26cH%3D370\" alt=\"\" loading=\"lazy\" \/><\/div>\n<\/div>\n<\/div>\n<\/div>\n<\/div>\n<\/div>\n<\/div>\n<\/div>\n<\/section>\n<section data-uid=\"tteprolbolpwztrnwageqqbuoxvgnjlgwfbn\" id=\"tteprolbolpwztrnwageqqbuoxvgnjlgwfbn\" class=\"brz-section brz-css-lblbj\">\n<div class=\"brz-section__content brz-section--boxed brz-css-hdjvj brz-css-vpike\" data-custom-id=\"hfjelfexfxpvynjwluoprhtxldwrkwzkmmhf\">\n<div class=\"brz-bg\">\n<div class=\"brz-bg-color\"><\/div>\n<\/div>\n<div class=\"brz-container brz-css-pxueu\">\n<div class=\"brz-row__container brz-css-sikco brz-css-hwqci\" data-custom-id=\"nxeqfyelptjvduyaruolkouamgngkykmparx\">\n<div class=\"brz-bg\"><\/div>\n<div class=\"brz-row brz-css-pkapw brz-css-vcrbi\">\n<div class=\"brz-columns brz-css-ddfdx brz-css-qdorc\" data-custom-id=\"dvqauvhljzvgmoiyzaismxcijomjargkxqpb\">\n<div class=\"brz-bg\"><\/div>\n<div class=\"brz-column__items brz-css-ipouo\">\n<div class=\"brz-css-vhjza brz-wrapper\">\n<div class=\"brz-image brz-css-bjzzf brz-css-lejxe\"><img decoding=\"async\" class=\"brz-img\" src=\"https:\/\/ex-pro.love\/?lang=pt-br&amp;brizy_media=wp-205cb326da73e434e453b7efb07cf13d.jpg&amp;brizy_crop=iW%3D555%26iH%3D370%26oX%3D0%26oY%3D0%26cW%3D555%26cH%3D370\" alt=\"\" loading=\"lazy\" \/><\/div>\n<\/div>\n<\/div>\n<\/div>\n<div class=\"brz-columns brz-css-ddfdx brz-css-ipaqh\" data-custom-id=\"rbfbqcyecskhkexwjmvccujeyewsgiflxpqx\">\n<div class=\"brz-bg\"><\/div>\n<div class=\"brz-column__items brz-css-ipouo brz-css-pbuzj\">\n<div class=\"brz-css-vhjza brz-css-hrrjl brz-wrapper\">\n<div class=\"brz-rich-text brz-rich-text__custom brz-css-xqqmv\" data-custom-id=\"dlwgztsgyuentazetkznbvzpkakgbnuurrcs\">\n<div>\n<h2 class=\"brz-css-ayksv\" data-uniq-id=\"jwtji\" data-generated-css=\"brz-css-iawjb\"><span>MATERIAIS EDUCACIONAIS EXCLUSIVOS<\/span><\/h2>\n<\/div>\n<\/div>\n<\/div>\n<div class=\"brz-css-vhjza brz-css-qwbse brz-wrapper\">\n<div class=\"brz-rich-text brz-rich-text__custom brz-css-xqqmv\" data-custom-id=\"nmxruwcfssgfgsnmibkfpirmlcqbnkvnbrho\">\n<div>\n<p class=\"brz-css-phmqa\" data-generated-css=\"brz-css-fvtut\" data-uniq-id=\"ygrme\"><span>Participe de nossos webinars e semin\u00e1rios Premier que abordam v\u00e1rios t\u00f3picos de negocia\u00e7\u00e3o e obtenha acesso ao conte\u00fado educacional preparado exclusivamente para nossos clientes Premier.<\/span><\/p>\n<\/div>\n<\/div>\n<\/div>\n<\/div>\n<\/div>\n<\/div>\n<\/div>\n<\/div>\n<\/div>\n<\/section>\n<section data-uid=\"flrfzqvzmzgynbclmbldpxocpvnitjencxpe\" id=\"flrfzqvzmzgynbclmbldpxocpvnitjencxpe\" class=\"brz-section brz-css-lblbj\">\n<div class=\"brz-section__content brz-section--boxed brz-css-hdjvj brz-css-saoqo\" data-custom-id=\"vbjpdxusbmtnqdgddjtklbowboelcavwwzqw\">\n<div class=\"brz-bg\">\n<div class=\"brz-bg-color\"><\/div>\n<\/div>\n<div class=\"brz-container brz-css-pxueu\">\n<div class=\"brz-row__container brz-css-sikco\" data-custom-id=\"tnuaaatraewlrbnsbohleqdnylxpqghnterq\">\n<div class=\"brz-bg\"><\/div>\n<div class=\"brz-row brz-css-pkapw brz-css-vcrbi\">\n<div class=\"brz-columns brz-css-ddfdx brz-css-qzyvk\" data-custom-id=\"zuadpzydbtjzgjfsfswjcnyaxccqulyidrdt\">\n<div class=\"brz-bg\"><\/div>\n<div class=\"brz-column__items brz-css-ipouo brz-css-jlpnx\">\n<div class=\"brz-css-vhjza brz-css-lsiey brz-wrapper\">\n<div class=\"brz-rich-text brz-rich-text__custom brz-css-xqqmv\" data-custom-id=\"uayjjjdudktffgshruxeljlpzhtjtydzlilb\">\n<div>\n<h2 class=\"brz-css-wmpec\" data-uniq-id=\"zoake\" data-generated-css=\"brz-css-chjke\"><span>AN\u00c1LISE DE NEGOCIA\u00c7\u00c3O APROFUNDADA<\/span><\/h2>\n<\/div>\n<\/div>\n<\/div>\n<div class=\"brz-css-vhjza brz-css-jetai brz-wrapper\">\n<div class=\"brz-rich-text brz-rich-text__custom brz-css-xqqmv\" data-custom-id=\"sxpdjpvldfukjnnubdzriagmvhzlsactiyne\">\n<div>\n<p class=\"brz-css-ptduj\" data-uniq-id=\"frldv\" data-generated-css=\"brz-css-csagy\"><span>Obtenha acesso exclusivo a servi\u00e7os adicionais da Trading Central, al\u00e9m de uma assinatura gr\u00e1tis das principais fontes de an\u00e1lises t\u00e9cnicas e fundamentalistas. Aproveite tamb\u00e9m o acesso antecipado a todos os relat\u00f3rios semanais e trimestrais produzidos por especialistas em negocia\u00e7\u00e3o da Exness.<\/span><\/p>\n<\/div>\n<\/div>\n<\/div>\n<\/div>\n<\/div>\n<div class=\"brz-columns brz-css-ddfdx brz-css-jrdnq\" data-custom-id=\"awlcxhwrphnvakfqettrgxdmjdrsldrvatao\">\n<div class=\"brz-bg\"><\/div>\n<div class=\"brz-column__items brz-css-ipouo\">\n<div class=\"brz-css-vhjza brz-wrapper\">\n<div class=\"brz-image brz-css-zclqe brz-css-tbznx\"><img decoding=\"async\" class=\"brz-img\" src=\"https:\/\/ex-pro.love\/?lang=pt-br&amp;brizy_media=wp-ee9328abe3209c6c9e7e334fa57e99ee.jpg&amp;brizy_crop=iW%3D555%26iH%3D370%26oX%3D0%26oY%3D0%26cW%3D555%26cH%3D370\" alt=\"\" loading=\"lazy\" \/><\/div>\n<\/div>\n<\/div>\n<\/div>\n<\/div>\n<\/div>\n<\/div>\n<\/div>\n<\/section>\n<section data-uid=\"hwxtwcftilzalakxyifepawuhqcmqgrtbubn\" id=\"hwxtwcftilzalakxyifepawuhqcmqgrtbubn\" class=\"brz-section brz-css-lblbj\">\n<div class=\"brz-section__content brz-section--boxed brz-css-hdjvj brz-css-tvdvi\" data-custom-id=\"xanhildgdbfwvxmwfxngujwqepqiofmibuqn\">\n<div class=\"brz-bg\">\n<div class=\"brz-bg-color\"><\/div>\n<\/div>\n<div class=\"brz-container brz-css-pxueu\">\n<div class=\"brz-row__container brz-css-sikco brz-css-wdodf\" data-custom-id=\"ggluhpxlbkclnkqcnkfpebvbszmazclaahkr\">\n<div class=\"brz-bg\"><\/div>\n<div class=\"brz-row brz-css-pkapw brz-css-vcrbi\">\n<div class=\"brz-columns brz-css-ddfdx brz-css-ankbx\" data-custom-id=\"ecfroyfysodbeobqcpupjqyulsfeebezpovx\">\n<div class=\"brz-bg\"><\/div>\n<div class=\"brz-column__items brz-css-ipouo\">\n<div class=\"brz-css-vhjza brz-wrapper\">\n<div class=\"brz-image brz-css-zjknv brz-css-tkilg\"><img decoding=\"async\" class=\"brz-img\" src=\"https:\/\/ex-pro.love\/?lang=pt-br&amp;brizy_media=wp-dea8c7f2b1881b1476663125899a69bc.jpg&amp;brizy_crop=iW%3D555%26iH%3D370%26oX%3D0%26oY%3D0%26cW%3D555%26cH%3D370\" alt=\"\" loading=\"lazy\" \/><\/div>\n<\/div>\n<\/div>\n<\/div>\n<div class=\"brz-columns brz-css-ddfdx brz-css-ufrzj\" data-custom-id=\"jcsfhbivumhnmlghxepvojiyelizbpspwhyd\">\n<div class=\"brz-bg\"><\/div>\n<div class=\"brz-column__items brz-css-ipouo brz-css-zbiwc\">\n<div class=\"brz-css-vhjza brz-css-nqvft brz-wrapper\">\n<div class=\"brz-rich-text brz-rich-text__custom brz-css-xqqmv\" data-custom-id=\"dvagjbpyducwytmwvicvsokunsljbgzckyfa\">\n<div>\n<h2 class=\"brz-css-cvped\" data-uniq-id=\"uypfa\" data-generated-css=\"brz-css-ljdfl\"><span>RECOMPENSAS E PROMO\u00c7\u00d5ES ESPECIAIS<\/span><\/h2>\n<\/div>\n<\/div>\n<\/div>\n<div class=\"brz-css-vhjza brz-css-wfoaf brz-wrapper\">\n<div class=\"brz-rich-text brz-rich-text__custom brz-css-xqqmv\" data-custom-id=\"rxxluunepnbpuhxihabfqaolwixvzfnopsmc\">\n<div>\n<p class=\"brz-css-gavdi\" data-generated-css=\"brz-css-fdhib\" data-uniq-id=\"vbxmd\"><span>Por meio de nossos programas de recompensas exclusivos e campanhas promocionais, voc\u00ea pode receber alguns pr\u00eamios incr\u00edveis e recompensas em dinheiro.<\/span><\/p>\n<\/div>\n<\/div>\n<\/div>\n<\/div>\n<\/div>\n<\/div>\n<\/div>\n<\/div>\n<\/div>\n<\/section>\n<section data-uid=\"dunpqdrlyaafzaazffuuecqmvobtyajwgcoo\" id=\"dunpqdrlyaafzaazffuuecqmvobtyajwgcoo\" class=\"brz-section brz-css-lblbj\">\n<div class=\"brz-section__content brz-section--boxed brz-css-hdjvj brz-css-jqdqi\" data-custom-id=\"iqmyxeprwtrervmkilcwsyzoeorvmkeshppl\">\n<div class=\"brz-bg\">\n<div class=\"brz-bg-color\"><\/div>\n<\/div>\n<div class=\"brz-container brz-css-pxueu\">\n<div class=\"brz-row__container brz-css-sikco\" data-custom-id=\"qhsoxlfxtbvvwahkxzfjqaauiwxhjclknixa\">\n<div class=\"brz-bg\"><\/div>\n<div class=\"brz-row brz-css-pkapw brz-css-vcrbi\">\n<div class=\"brz-columns brz-css-ddfdx brz-css-wuhdj\" data-custom-id=\"nfqetahmednxchicawqqmwdkuusxrfvwfqsx\">\n<div class=\"brz-bg\"><\/div>\n<div class=\"brz-column__items brz-css-ipouo brz-css-tbuny\">\n<div class=\"brz-css-vhjza brz-css-afgew brz-wrapper\">\n<div class=\"brz-rich-text brz-rich-text__custom brz-css-xqqmv\" data-custom-id=\"oivfsnbfwwwwcurpqojmzzmuitrrsrcxbfxc\">\n<div>\n<h2 class=\"brz-css-yxrmg\" data-generated-css=\"brz-css-cbcld\" data-uniq-id=\"pbjsv\"><span>GERENTE DE CONTA DEDICADO<\/span><\/h2>\n<\/div>\n<\/div>\n<\/div>\n<div class=\"brz-css-vhjza brz-css-jlhze brz-wrapper\">\n<div class=\"brz-rich-text brz-rich-text__custom brz-css-xqqmv\" data-custom-id=\"hpshxlthvamngpyeoigiefymxifpdeacjqhy\">\n<div>\n<p class=\"brz-css-qwrvp\" data-uniq-id=\"whknm\" data-generated-css=\"brz-css-tuoae\"><span>Voc\u00ea ter\u00e1 um gerente de conta dedicado que cuidar\u00e1 pessoalmente das suas solicita\u00e7\u00f5es com a mais alta prioridade, al\u00e9m de manter voc\u00ea informado sobre todas as atividades, os eventos e as oportunidades do programa Premier.<\/span><\/p>\n<p class=\"brz-css-jkpxx\" data-uniq-id=\"smzck\" data-generated-css=\"brz-css-zzztu\"><\/p>\n<\/div>\n<\/div>\n<\/div>\n<\/div>\n<\/div>\n<div class=\"brz-columns brz-css-ddfdx brz-css-fzdfc\" data-custom-id=\"yzkhmiapwoenrwuhcrqovgfcwgvuorpsoplt\">\n<div class=\"brz-bg\"><\/div>\n<div class=\"brz-column__items brz-css-ipouo\">\n<div class=\"brz-css-vhjza brz-wrapper\">\n<div class=\"brz-image brz-css-byszc brz-css-tjxss\"><img decoding=\"async\" class=\"brz-img\" src=\"https:\/\/ex-pro.love\/?lang=pt-br&amp;brizy_media=wp-847c4c31f5d699ee710f63b668ed5c55.webp&amp;brizy_crop=iW%3D555%26iH%3D370%26oX%3D0%26oY%3D0%26cW%3D555%26cH%3D370\" alt=\"\" loading=\"lazy\" \/><\/div>\n<\/div>\n<\/div>\n<\/div>\n<\/div>\n<\/div>\n<\/div>\n<\/div>\n<\/section>\n<section data-uid=\"tgcxygcuoxindcgnvketmufpldvrdocaywhm\" id=\"tgcxygcuoxindcgnvketmufpldvrdocaywhm\" class=\"brz-section brz-css-lblbj\">\n<div class=\"brz-section__content brz-section--boxed brz-css-hdjvj brz-css-yzfww\" data-custom-id=\"gjuclvivvtnbbdxzlhwjmplzecrspwwgoxcp\">\n<div class=\"brz-bg\">\n<div class=\"brz-bg-color\"><\/div>\n<\/div>\n<div class=\"brz-container brz-css-pxueu\">\n<div class=\"brz-row__container brz-css-sikco brz-css-svzif\" data-custom-id=\"legcsgkmevogtlmafjrcnrfyhcpvfrsxogic\">\n<div class=\"brz-bg\"><\/div>\n<div class=\"brz-row brz-css-pkapw brz-css-vcrbi\">\n<div class=\"brz-columns brz-css-ddfdx brz-css-dhfgw\" data-custom-id=\"lsmqsfwajplizesuovjvqnhxxkrbnlecegvb\">\n<div class=\"brz-bg\"><\/div>\n<div class=\"brz-column__items brz-css-ipouo brz-css-cxphx\">\n<div class=\"brz-css-vhjza brz-wrapper\">\n<div class=\"brz-image brz-css-muend brz-css-utdyc\"><img decoding=\"async\" class=\"brz-img\" src=\"https:\/\/ex-pro.love\/?lang=pt-br&amp;brizy_media=wp-bff5fec62b7d3af54c20833dbb00e262.webp&amp;brizy_crop=iW%3D591%26iH%3D394%26oX%3D0%26oY%3D0%26cW%3D591%26cH%3D394\" alt=\"\" loading=\"lazy\" \/><\/div>\n<\/div>\n<\/div>\n<\/div>\n<div class=\"brz-columns brz-css-ddfdx brz-css-ittfk\" data-custom-id=\"fkbarkshhfxspmqhamrdjlzjocvyzhiawgkz\">\n<div class=\"brz-bg\"><\/div>\n<div class=\"brz-column__items brz-css-ipouo brz-css-kcdnh\">\n<div class=\"brz-css-vhjza brz-css-spflj brz-wrapper\">\n<div class=\"brz-rich-text brz-rich-text__custom brz-css-xqqmv\" data-custom-id=\"ejhfttuqummuamtziomhnmitqidizkzyfhbt\">\n<div>\n<h2 class=\"brz-css-tasqg\" data-generated-css=\"brz-css-doftg\" data-uniq-id=\"luyvk\"><span>VISITE A EXNESS EM CHIPRE<\/span><\/h2>\n<\/div>\n<\/div>\n<\/div>\n<div class=\"brz-css-vhjza brz-css-xrulf brz-wrapper\">\n<div class=\"brz-rich-text brz-rich-text__custom brz-css-xqqmv\" data-custom-id=\"phybzvlgwujujvkrwflwdlqqeoxtyxjwfqja\">\n<div>\n<p class=\"brz-css-zoted\" data-generated-css=\"brz-css-weuxw\" data-uniq-id=\"bhaph\"><span>Receba um convite exclusivo para nossa sede em Chipre &#8211; o ber\u00e7o de nossas melhores condi\u00e7\u00f5es de mercado. Re\u00fana-se com os funcion\u00e1rios e saiba como nossa ideologia ajudou a formar a corretora l\u00edder em v\u00e1rios ativos que somos hoje.<\/span><\/p>\n<\/div>\n<\/div>\n<\/div>\n<\/div>\n<\/div>\n<\/div>\n<\/div>\n<\/div>\n<\/div>\n<\/section>\n<section data-uid=\"jvhhzitcejjhxxadlqrfercwvsmfimsbujdk\" id=\"jvhhzitcejjhxxadlqrfercwvsmfimsbujdk\" class=\"brz-section brz-css-lblbj\">\n<div class=\"brz-section__content brz-section--boxed brz-css-hdjvj brz-css-wcydz\" data-custom-id=\"acdvvfqhbxchuvqqwyvaocfkjtmycgtdfpft\">\n<div class=\"brz-bg\">\n<div class=\"brz-bg-color\"><\/div>\n<\/div>\n<div class=\"brz-container brz-css-pxueu\">\n<div class=\"brz-row__container brz-css-sikco\" data-custom-id=\"hbyfvxukawsgsjrcovtiqxuiitgdaeviuxqr\">\n<div class=\"brz-bg\"><\/div>\n<div class=\"brz-row brz-css-pkapw brz-css-vcrbi\">\n<div class=\"brz-columns brz-css-ddfdx brz-css-ffsrs\" data-custom-id=\"ryxeyumhirqgkuhikdhllollbzfyrsjpaomj\">\n<div class=\"brz-bg\"><\/div>\n<div class=\"brz-column__items brz-css-ipouo brz-css-ajfnk\">\n<div class=\"brz-css-vhjza brz-css-ptana brz-wrapper\">\n<div class=\"brz-rich-text brz-rich-text__custom brz-css-xqqmv\" data-custom-id=\"vtkabloiswniwucpxqetxcyzwywumcbmcilt\">\n<div>\n<h2 class=\"brz-css-gxlqj\" data-generated-css=\"brz-css-dqike\" data-uniq-id=\"geuvk\"><span>GALA ANUAL PREMIER<\/span><\/h2>\n<\/div>\n<\/div>\n<\/div>\n<div class=\"brz-css-vhjza brz-css-gkhdt brz-wrapper\">\n<div class=\"brz-rich-text brz-rich-text__custom brz-css-xqqmv\" data-custom-id=\"tsnjcwhobhgalfvpafbxhlrwzidrrlfzulmz\">\n<div>\n<p class=\"brz-css-pfhdx\" data-uniq-id=\"bozmj\" data-generated-css=\"brz-css-osjkp\"><span class=\"brz-cp-color8\">Estabele\u00e7a contatos com outros clientes Premier Signature e encontre-se com os diretores da Exness na nossa gala anual Premier. Receba convites para v\u00e1rios eventos exclusivos ao longo do ano.<\/span><\/p>\n<p class=\"brz-css-qpmco\" data-uniq-id=\"fhjzx\" data-generated-css=\"brz-css-podol\"><\/p>\n<\/div>\n<\/div>\n<\/div>\n<\/div>\n<\/div>\n<div class=\"brz-columns brz-css-ddfdx brz-css-nubvj\" data-custom-id=\"xuixhsglcismyxadqvwkhlgdqvtocckdhwrv\">\n<div class=\"brz-bg\"><\/div>\n<div class=\"brz-column__items brz-css-ipouo\">\n<div class=\"brz-css-vhjza brz-wrapper\">\n<div class=\"brz-image brz-css-wbaqn brz-css-oxtkx\"><img decoding=\"async\" class=\"brz-img\" src=\"https:\/\/ex-pro.love\/?lang=pt-br&amp;brizy_media=wp-56471d7a93e7eba58ff5cf5b7ca1b9fd.webp&amp;brizy_crop=iW%3D556%26iH%3D370%26oX%3D1%26oY%3D0%26cW%3D555%26cH%3D370\" alt=\"\" loading=\"lazy\" \/><\/div>\n<\/div>\n<\/div>\n<\/div>\n<\/div>\n<\/div>\n<\/div>\n<\/div>\n<\/section>\n<section data-uid=\"gzziokupuudhiivnnkymtaynftqpaqcqbbwp\" id=\"gzziokupuudhiivnnkymtaynftqpaqcqbbwp\" class=\"brz-section brz-css-lblbj\">\n<div class=\"brz-section__content brz-section--boxed brz-css-hdjvj brz-css-dokri\" data-custom-id=\"njjnfizjynsextutvlvruliaddfoswynsmql\">\n<div class=\"brz-bg\">\n<div class=\"brz-bg-image\"><\/div>\n<\/div>\n<div class=\"brz-container brz-css-pxueu\">\n<div class=\"brz-css-vhjza brz-wrapper\">\n<div class=\"brz-rich-text brz-rich-text__custom brz-css-xqqmv\" data-custom-id=\"djxflsjdzhiyxrpomsfcpziluprcjxrnmjek\">\n<div>\n<h1 class=\"brz-css-tlpmy\" data-uniq-id=\"iqsyx\" data-generated-css=\"brz-css-biwxl\"><span>Como<\/span><\/h1>\n<h1 class=\"brz-css-dpyvw\" data-uniq-id=\"ybhtl\" data-generated-css=\"brz-css-hzsst\"><span>PERMANECER NO N\u00cdVEL?<\/span><\/h1>\n<p class=\"brz-css-sfdim\" data-uniq-id=\"okvmo\" data-generated-css=\"brz-css-esnrf\"><span>Para se manter no n\u00edvel Premier Signature, voc\u00ea precisa manter o volume de negocia\u00e7\u00e3o trimestral em 400 milh\u00f5es de d\u00f3lares.<\/span><\/p>\n<p class=\"brz-css-tuvqs\" data-uniq-id=\"avppr\" data-generated-css=\"brz-css-ujczq\"><\/p>\n<\/div>\n<\/div>\n<\/div>\n<\/div>\n<\/div>\n<\/section>\n<section data-uid=\"amsbxbrpzqwwyyvcbwcbljdawxycwgcyqlwz\" id=\"amsbxbrpzqwwyyvcbwcbljdawxycwgcyqlwz\" class=\"brz-section brz-css-lblbj\">\n<div class=\"brz-section__content brz-section--fullWidth brz-css-hdjvj brz-css-owfgg\" data-custom-id=\"klzorctiiaqvifbhxpweyuniwmbktrnkfjzr\">\n<div class=\"brz-container brz-css-pxueu brz-css-tfnow\">\n<div class=\"brz-css-vhjza brz-css-ukbfr brz-wrapper\">\n<div class=\"brz-image brz-css-hqyxw\"><img decoding=\"async\" class=\"brz-img\" src=\"https:\/\/ex-pro.love\/?lang=pt-br&amp;brizy_media=wp-8bbe1391b77681920f028461745e9a6c.webp&amp;brizy_crop=iW%3D1920%26iH%3D750%26oX%3D0%26oY%3D0%26cW%3D1920%26cH%3D750\" alt=\"\" loading=\"lazy\" \/><\/div>\n<\/div>\n<\/div>\n<\/div>\n<\/section>\n<\/div>\n<p><!-- version:1744115847 --><\/p>\n","protected":false},"excerpt":{"rendered":"<p>Bem-vindo ao EXNESS PREMIER Voc\u00ea chegou ao topo com o P&hellip; <a class=\"more-link\" href=\"https:\/\/ex-pro.love\/index.php\/signature\/?lang=pt-br\">\u7ee7\u7eed\u9605\u8bfb<span class=\"screen-reader-text\">signature<\/span><\/a><\/p>\n","protected":false},"author":1,"featured_media":0,"parent":0,"menu_order":0,"comment_status":"closed","ping_status":"closed","template":"brizy-blank-template.php","meta":{"footnotes":""},"class_list":["post-2105","page","type-page","status-publish","hentry","entry"],"_links":{"self":[{"href":"https:\/\/ex-pro.love\/index.php\/wp-json\/wp\/v2\/pages\/2105","targetHints":{"allow":["GET"]}}],"collection":[{"href":"https:\/\/ex-pro.love\/index.php\/wp-json\/wp\/v2\/pages"}],"about":[{"href":"https:\/\/ex-pro.love\/index.php\/wp-json\/wp\/v2\/types\/page"}],"author":[{"embeddable":true,"href":"https:\/\/ex-pro.love\/index.php\/wp-json\/wp\/v2\/users\/1"}],"replies":[{"embeddable":true,"href":"https:\/\/ex-pro.love\/index.php\/wp-json\/wp\/v2\/comments?post=2105"}],"version-history":[{"count":6,"href":"https:\/\/ex-pro.love\/index.php\/wp-json\/wp\/v2\/pages\/2105\/revisions"}],"predecessor-version":[{"id":2539,"href":"https:\/\/ex-pro.love\/index.php\/wp-json\/wp\/v2\/pages\/2105\/revisions\/2539"}],"wp:attachment":[{"href":"https:\/\/ex-pro.love\/index.php\/wp-json\/wp\/v2\/media?parent=2105"}],"curies":[{"name":"wp","href":"https:\/\/api.w.org\/{rel}","templated":true}]}}