{"id":2103,"date":"2022-11-28T10:02:06","date_gmt":"2022-11-28T02:02:06","guid":{"rendered":"http:\/\/47.93.52.196\/index.php\/%e6%8a%a5%e5%91%8a\/"},"modified":"2025-04-11T22:02:19","modified_gmt":"2025-04-11T14:02:19","slug":"reports","status":"publish","type":"page","link":"https:\/\/ex-pro.love\/index.php\/reports\/?lang=pt-br","title":{"rendered":"reports"},"content":{"rendered":"<div class=\"brz-root__container brz-reset-all\">\n<section data-uid=\"atakwyvsidvzodofgfsxkdupmjnertganilj\" id=\"atakwyvsidvzodofgfsxkdupmjnertganilj\" class=\"brz-section brz-css-hjwmu\">\n<div class=\"brz-section__content brz-section--boxed brz-css-rvqdl brz-css-buwwu\" data-custom-id=\"lrfaicsgfjhbcvfamrupxslkdxkqavjzvtcz\">\n<div class=\"brz-bg\">\n<div class=\"brz-bg-image\"><\/div>\n<div class=\"brz-bg-color\"><\/div>\n<\/div>\n<div class=\"brz-container brz-css-krqnz\">\n<div class=\"brz-css-tdtiy brz-wrapper\">\n<div class=\"brz-rich-text brz-rich-text__custom brz-css-hhcuk\" data-custom-id=\"nsuzzxikxswascvegsqmphlxjmsvadlyxcje\">\n<div>\n<h1 class=\"brz-css-zvpni\" data-uniq-id=\"rmmpr\" data-generated-css=\"brz-css-ihozb\"><span> <\/span><\/h1>\n<h2 class=\"brz-css-apoja\" data-uniq-id=\"bydxo\" data-generated-css=\"brz-css-yzgnt\"><span class=\"brz-cp-color8\">TRIMESTRAIS<\/span><\/h2>\n<h1 class=\"brz-css-zusll\" data-uniq-id=\"faknc\" data-generated-css=\"brz-css-vbybc\"><span>DA EXNESS<\/span><\/h1>\n<h1 class=\"brz-css-odrtt\" data-uniq-id=\"qjfse\" data-generated-css=\"brz-css-hfamj\"><\/h1>\n<h1 class=\"brz-css-qgamf\" data-uniq-id=\"gicnl\" data-generated-css=\"brz-css-keaos\"><span> <\/span><\/h1>\n<h1 class=\"brz-css-sgdco\" data-uniq-id=\"evoxi\" data-generated-css=\"brz-css-azcoe\"><span> <\/span><\/h1>\n<h1 class=\"brz-css-dedca\" data-uniq-id=\"jdomz\" data-generated-css=\"brz-css-hedff\"><span> <\/span><\/h1>\n<h1 class=\"brz-css-bprgj\" data-uniq-id=\"prbpz\" data-generated-css=\"brz-css-nuebz\"><span> <\/span><\/h1>\n<\/div>\n<\/div>\n<\/div>\n<div class=\"brz-css-tdtiy brz-css-iojyr brz-wrapper\">\n<div class=\"brz-spacer brz-css-nwngw brz-css-szujp\"><\/div>\n<\/div>\n<div class=\"brz-css-tdtiy brz-css-iojyr brz-wrapper\">\n<div class=\"brz-spacer brz-css-nwngw brz-css-zuuvj\"><\/div>\n<\/div>\n<\/div>\n<\/div>\n<\/section>\n<section data-uid=\"ihrzetzvrmrfcogittognhhsqiffrueytmtf\" id=\"ihrzetzvrmrfcogittognhhsqiffrueytmtf\" class=\"brz-section brz-css-hjwmu\">\n<div class=\"brz-section__content brz-section--boxed brz-css-rvqdl brz-css-ojofn\" data-custom-id=\"pqaidaqsrebcjjasircvbzjjydlukkaocwoi\">\n<div class=\"brz-bg\">\n<div class=\"brz-bg-color\"><\/div>\n<\/div>\n<div class=\"brz-container brz-css-krqnz\">\n<div class=\"brz-css-tdtiy brz-css-mweao brz-wrapper\">\n<div class=\"brz-rich-text brz-rich-text__custom brz-css-hhcuk\" data-custom-id=\"cbmqxnzkctzzrqwxnthwfpsiaebcqroclbqp\">\n<div>\n<h2 class=\"brz-css-imwej\" data-generated-css=\"brz-css-hxjjh\" data-uniq-id=\"wcspj\"><span>Relat\u00f3rio trimestral da Exness<\/span><\/h2>\n<p class=\"brz-css-pblnk\" data-generated-css=\"brz-css-pspkt\" data-uniq-id=\"euuwq\"><\/p>\n<\/div>\n<\/div>\n<\/div>\n<div class=\"brz-css-tdtiy brz-wrapper\">\n<div class=\"brz-rich-text brz-rich-text__custom brz-css-hhcuk\" data-custom-id=\"lmmyrihiqdayyxqnprrulnzgbhezhejhtclz\">\n<div>\n<p class=\"brz-css-fbsjr\" data-generated-css=\"brz-css-oflrv\" data-uniq-id=\"dxhal\"><span>Leia as \u00faltimas not\u00edcias do mercado e obtenha an\u00e1lises especializadas nos nossos relat\u00f3rios regulares de negocia\u00e7\u00e3o. Os clientes Premier ser\u00e3o sempre os primeiros a receber essas informa\u00e7\u00f5es \u00fateis.<\/span><\/p>\n<p class=\"brz-css-yfgxw\" data-generated-css=\"brz-css-apvxl\" data-uniq-id=\"gedub\"><\/p>\n<\/div>\n<\/div>\n<\/div>\n<div class=\"brz-row__container brz-css-wlnkk\" data-custom-id=\"iodqkhmvzwrlzlqlqjoyyjqiyguisxrbiuod\">\n<div class=\"brz-bg\"><\/div>\n<div class=\"brz-row brz-css-ndtrg\">\n<div class=\"brz-columns brz-css-ykmxj brz-css-gjdrm\" data-custom-id=\"etfizyscgomczfbbwqqqdumafcqgqljrptit\">\n<div class=\"brz-bg\"><\/div>\n<div class=\"brz-column__items brz-css-owwjp brz-css-pqwan\">\n<div class=\"brz-css-tdtiy brz-css-jbnkx brz-wrapper\">\n<div class=\"brz-image brz-css-qjkav\"><img decoding=\"async\" class=\"brz-img\" src=\"https:\/\/ex-pro.love\/?lang=pt-br&amp;brizy_media=wp-16ea5b48d52ff10c99fc526d77f42888.webp&amp;brizy_crop=iW%3D221%26iH%3D118%26oX%3D1%26oY%3D0%26cW%3D219%26cH%3D118\" alt=\"\" loading=\"lazy\" \/><\/div>\n<\/div>\n<div class=\"brz-css-tdtiy brz-wrapper\">\n<div class=\"brz-rich-text brz-rich-text__custom brz-css-hhcuk\" data-custom-id=\"fecrgskphfwcktugrgorqggmfhcodlquqyrw\">\n<div>\n<p class=\"brz-css-enpuh\" data-uniq-id=\"amsqe\" data-generated-css=\"brz-css-vlsvq\"><span class=\"brz-cp-color8\">Relat\u00f3rio trimestral da Exness<\/span><\/p>\n<\/div>\n<\/div>\n<\/div>\n<div class=\"brz-wrapper-clone brz-css-gxnhd brz-css-jnsda\">\n<div class=\"brz-d-xs-flex brz-flex-xs-wrap brz-css-pkcbf\">\n<div class=\"brz-wrapper-clone__item brz-css-donqr\" id=\"srkoslbmglrkagvvprunvdjhsqcrzvyaldzy\"><a class=\"brz-a brz-btn brz-css-ktbrq brz-css-axkbc\" href=\"\/media\/docs\/Chinese_Q4_Outlook_2022_3.pdf\" target=\"_blank\" rel=\"noopener\" data-brz-link-type=\"external\" id data-custom-id=\"srkoslbmglrkagvvprunvdjhsqcrzvyaldzy\"><span class=\"brz-span brz-text__editor\"><\/span><\/a><\/div>\n<\/div>\n<\/div>\n<\/div>\n<\/div>\n<\/div>\n<\/div>\n<\/div>\n<\/div>\n<\/section>\n<\/div>\n<p><!-- version:1744380139 --><\/p>\n","protected":false},"excerpt":{"rendered":"<p>TRIMESTRAIS DA EXNESS Relat\u00f3rio trimestral da Exness Le&hellip; <a class=\"more-link\" href=\"https:\/\/ex-pro.love\/index.php\/reports\/?lang=pt-br\">\u7ee7\u7eed\u9605\u8bfb<span class=\"screen-reader-text\">reports<\/span><\/a><\/p>\n","protected":false},"author":1,"featured_media":0,"parent":0,"menu_order":0,"comment_status":"closed","ping_status":"closed","template":"brizy-blank-template.php","meta":{"footnotes":""},"class_list":["post-2103","page","type-page","status-publish","hentry","entry"],"_links":{"self":[{"href":"https:\/\/ex-pro.love\/index.php\/wp-json\/wp\/v2\/pages\/2103","targetHints":{"allow":["GET"]}}],"collection":[{"href":"https:\/\/ex-pro.love\/index.php\/wp-json\/wp\/v2\/pages"}],"about":[{"href":"https:\/\/ex-pro.love\/index.php\/wp-json\/wp\/v2\/types\/page"}],"author":[{"embeddable":true,"href":"https:\/\/ex-pro.love\/index.php\/wp-json\/wp\/v2\/users\/1"}],"replies":[{"embeddable":true,"href":"https:\/\/ex-pro.love\/index.php\/wp-json\/wp\/v2\/comments?post=2103"}],"version-history":[{"count":7,"href":"https:\/\/ex-pro.love\/index.php\/wp-json\/wp\/v2\/pages\/2103\/revisions"}],"predecessor-version":[{"id":2538,"href":"https:\/\/ex-pro.love\/index.php\/wp-json\/wp\/v2\/pages\/2103\/revisions\/2538"}],"wp:attachment":[{"href":"https:\/\/ex-pro.love\/index.php\/wp-json\/wp\/v2\/media?parent=2103"}],"curies":[{"name":"wp","href":"https:\/\/api.w.org\/{rel}","templated":true}]}}