{"id":1944,"date":"2022-11-27T18:01:02","date_gmt":"2022-11-27T10:01:02","guid":{"rendered":"http:\/\/47.93.52.196\/index.php\/%e7%99%bd%e9%87%91\/"},"modified":"2025-04-10T05:18:11","modified_gmt":"2025-04-09T21:18:11","slug":"elite","status":"publish","type":"page","link":"https:\/\/ex-pro.love\/index.php\/elite\/?lang=id","title":{"rendered":"elite"},"content":{"rendered":"<div class=\"brz-root__container brz-reset-all\">\n<section data-uid=\"eyhxinarojjtanmuxnopeursojxnvtarfzso\" id=\"eyhxinarojjtanmuxnopeursojxnvtarfzso\" class=\"brz-section brz-css-uddoe\">\n<div class=\"brz-section__content brz-section--boxed brz-css-cdjzv brz-css-puvfq\" data-custom-id=\"uptowzqtlqfjqgameputjbzqztccuddenphd\">\n<div class=\"brz-bg\">\n<div class=\"brz-bg-image\"><\/div>\n<div class=\"brz-bg-color\"><\/div>\n<\/div>\n<div class=\"brz-container brz-css-vzabj\">\n<div class=\"brz-css-gxyyx brz-wrapper\">\n<div class=\"brz-rich-text brz-rich-text__custom brz-css-pkhch\" data-custom-id=\"ccubdalfvqrasxeerlajnlqlkrcpnbftlbae\">\n<div>\n<h2 class=\"brz-css-diwux\" data-generated-css=\"brz-css-drlex\" data-uniq-id=\"llbrb\"><span>Bienvenue sur<\/span><\/h2>\n<\/div>\n<\/div>\n<\/div>\n<div class=\"brz-css-gxyyx brz-wrapper\">\n<div class=\"brz-rich-text brz-rich-text__custom brz-css-pkhch\" data-custom-id=\"jguyzyledwmfoumpjwcfhikpezzzvloytlbf\">\n<div>\n<h1 class=\"brz-css-ntxaf\" data-uniq-id=\"zzbzn\" data-generated-css=\"brz-css-gbdec\"><span style=\"opacity: 1\">EXNESS PREMIER<\/span><\/h1>\n<h1 class=\"brz-css-kohxs\" data-uniq-id=\"hfxbz\" data-generated-css=\"brz-css-fhloe\"><span style=\"opacity: 1\"> <\/span><\/h1>\n<h1 class=\"brz-css-xfuqn\" data-uniq-id=\"dflzd\" data-generated-css=\"brz-css-vzqbc\"><span style=\"opacity: 1\"> <\/span><\/h1>\n<h1 class=\"brz-css-epjfw\" data-uniq-id=\"ngcqy\" data-generated-css=\"brz-css-buqed\"><span style=\"opacity: 1\"> <\/span><\/h1>\n<h1 class=\"brz-css-xegvv\" data-uniq-id=\"sahyy\" data-generated-css=\"brz-css-dshqn\"><span style=\"opacity: 1\"> <\/span><\/h1>\n<h1 class=\"brz-css-mkuzw\" data-uniq-id=\"tzpvf\" data-generated-css=\"brz-css-jxwgy\"><span style=\"opacity: 1\"> <\/span><\/h1>\n<\/div>\n<\/div>\n<\/div>\n<div class=\"brz-css-gxyyx brz-css-hjmqr brz-wrapper\">\n<div class=\"brz-spacer brz-css-vugdt brz-css-vquoz\"><\/div>\n<\/div>\n<div class=\"brz-css-gxyyx brz-css-hjmqr brz-wrapper\">\n<div class=\"brz-spacer brz-css-vugdt brz-css-otakp\"><\/div>\n<\/div>\n<\/div>\n<\/div>\n<\/section>\n<section data-uid=\"jckdlawtpncjoweljqxptmpgyqrkiwngysxp\" id=\"jckdlawtpncjoweljqxptmpgyqrkiwngysxp\" class=\"brz-section brz-css-uddoe\">\n<div class=\"brz-section__content brz-section--boxed brz-css-cdjzv brz-css-aeajv\" data-custom-id=\"ciuxfsbnhjrrkzvvmdhqjlutxlercrignafl\">\n<div class=\"brz-bg\">\n<div class=\"brz-bg-color\"><\/div>\n<\/div>\n<div class=\"brz-container brz-css-vzabj\">\n<div class=\"brz-css-gxyyx brz-wrapper\">\n<div class=\"brz-rich-text brz-rich-text__custom brz-css-pkhch\" data-custom-id=\"lgmuyadhsztgdgqwrjilxaterpqdzrlqpytw\">\n<div>\n<h3 class=\"brz-css-eufkf\" data-uniq-id=\"vkqju\" data-generated-css=\"brz-css-sdttn\"><span>Plus de privil\u00e8ges et de b\u00e9n\u00e9fices vous attendent<\/span><\/h3>\n<h2 class=\"brz-css-omgii\" data-uniq-id=\"viqse\" data-generated-css=\"brz-css-usjgq\"><span>PREMIER ELITE<\/span><\/h2>\n<p class=\"brz-css-voqyv\" data-uniq-id=\"tzkxb\" data-generated-css=\"brz-css-rjzbm\"><span>Gr\u00e2ce au statut Premier Elite, vous b\u00e9n\u00e9ficiez de tous les avantages du niveau Premier Preferred, mais vous avez \u00e9galement \u00e0 votre disposition un gestionnaire de compte personnel pour r\u00e9pondre \u00e0 vos exigences en mati\u00e8re de n\u00e9gociations.<\/span><\/p>\n<p class=\"brz-css-lkeqr\" data-uniq-id=\"cvwlc\" data-generated-css=\"brz-css-ekcfb\"><\/p>\n<\/div>\n<\/div>\n<\/div>\n<\/div>\n<\/div>\n<\/section>\n<section data-uid=\"bodxfcdbkqojwlzaiflfucbqajkkxnhzhwrk\" id=\"bodxfcdbkqojwlzaiflfucbqajkkxnhzhwrk\" class=\"brz-section brz-css-uddoe\">\n<div class=\"brz-section__content brz-section--boxed brz-css-cdjzv brz-css-nyhcy\" data-custom-id=\"vkvpvncdoglkgombxmkawohjuldpqkhcjsxv\">\n<div class=\"brz-bg\">\n<div class=\"brz-bg-color\"><\/div>\n<\/div>\n<div class=\"brz-container brz-css-vzabj\">\n<div class=\"brz-row__container brz-css-aiviv\" data-custom-id=\"lvijxhoamkzpqxlgdwfsgwfntddzffbkpbhs\">\n<div class=\"brz-bg\"><\/div>\n<div class=\"brz-row brz-css-cofrr brz-css-ojest\">\n<div class=\"brz-columns brz-css-xvkqn brz-css-kcbva\" data-custom-id=\"ewpmipbscckeqmnexytncbzfkhphpwjkkycs\">\n<div class=\"brz-bg\"><\/div>\n<div class=\"brz-column__items brz-css-rpxiy brz-css-rttud\">\n<div class=\"brz-css-gxyyx brz-css-ctmen brz-wrapper\">\n<div class=\"brz-rich-text brz-rich-text__custom brz-css-pkhch\" data-custom-id=\"evujjsghekgfniikvktxikvqdhofkrjzrysn\">\n<div>\n<h2 class=\"brz-css-btdcv\" data-generated-css=\"brz-css-dcpog\" data-uniq-id=\"ibowt\"><span>ASSISTANCE CLIENT PRIORITAIRE<\/span><\/h2>\n<\/div>\n<\/div>\n<\/div>\n<div class=\"brz-css-gxyyx brz-css-pugod brz-wrapper\">\n<div class=\"brz-rich-text brz-rich-text__custom brz-css-pkhch\" data-custom-id=\"yoryrjbkhubimhmfvdhvzrllmqlugvghtuzt\">\n<div>\n<p class=\"brz-css-fcamp\" data-uniq-id=\"tremg\" data-generated-css=\"brz-css-tirmy\"><span class=\"brz-cp-color8\">Toutes vos demandes seront consid\u00e9r\u00e9es comme prioritaires et directement transmises aux membres de l\u2019\u00e9quipe charg\u00e9e de l\u2019assistance client, afin de r\u00e9soudre vos probl\u00e8mes le plus rapidement possible. Alternativement, vous pouvez contacter directement votre gestionnaire de compte personnel.<\/span><\/p>\n<\/div>\n<\/div>\n<\/div>\n<\/div>\n<\/div>\n<div class=\"brz-columns brz-css-xvkqn brz-css-hunnh\" data-custom-id=\"wedopgijvmxhdtwcolgsurunpaxazznyaftr\">\n<div class=\"brz-bg\"><\/div>\n<div class=\"brz-column__items brz-css-rpxiy\">\n<div class=\"brz-css-gxyyx brz-wrapper\">\n<div class=\"brz-image brz-css-dzcve brz-css-ywggz\"><img decoding=\"async\" class=\"brz-img\" src=\"https:\/\/ex-pro.love\/?lang=id&amp;brizy_media=wp-ae4588128c36446b7eafde0b13b403cf.webp&amp;brizy_crop=iW%3D555%26iH%3D370%26oX%3D0%26oY%3D0%26cW%3D555%26cH%3D370\" alt=\"\" loading=\"lazy\" \/><\/div>\n<\/div>\n<\/div>\n<\/div>\n<\/div>\n<\/div>\n<\/div>\n<\/div>\n<\/section>\n<section data-uid=\"mxltjzdzjoankaqfyxheslhrwctxxizanmqf\" id=\"mxltjzdzjoankaqfyxheslhrwctxxizanmqf\" class=\"brz-section brz-css-uddoe\">\n<div class=\"brz-section__content brz-section--boxed brz-css-cdjzv brz-css-htjdj\" data-custom-id=\"zmsjdijwtfuhyjtzimyafgmivjxgaigxyhzn\">\n<div class=\"brz-bg\">\n<div class=\"brz-bg-color\"><\/div>\n<\/div>\n<div class=\"brz-container brz-css-vzabj\">\n<div class=\"brz-row__container brz-css-aiviv brz-css-vpfui\" data-custom-id=\"pscmmlqecrenxnbopvltepalrmhsamiombqn\">\n<div class=\"brz-bg\"><\/div>\n<div class=\"brz-row brz-css-cofrr brz-css-ojest\">\n<div class=\"brz-columns brz-css-xvkqn brz-css-xjdaa\" data-custom-id=\"qqvdfebgvumlzuxkfbiwezuuzeuvyeeathuk\">\n<div class=\"brz-bg\"><\/div>\n<div class=\"brz-column__items brz-css-rpxiy\">\n<div class=\"brz-css-gxyyx brz-wrapper\">\n<div class=\"brz-image brz-css-upcpt brz-css-eikqb\"><img decoding=\"async\" class=\"brz-img\" src=\"https:\/\/ex-pro.love\/?lang=id&amp;brizy_media=wp-205cb326da73e434e453b7efb07cf13d.jpg&amp;brizy_crop=iW%3D555%26iH%3D370%26oX%3D0%26oY%3D0%26cW%3D555%26cH%3D370\" alt=\"\" loading=\"lazy\" \/><\/div>\n<\/div>\n<\/div>\n<\/div>\n<div class=\"brz-columns brz-css-xvkqn brz-css-nsobe\" data-custom-id=\"qvquhxabtmornhlrwlrzeluuiswdnuiropzx\">\n<div class=\"brz-bg\"><\/div>\n<div class=\"brz-column__items brz-css-rpxiy brz-css-ubxma\">\n<div class=\"brz-css-gxyyx brz-css-brbxr brz-wrapper\">\n<div class=\"brz-rich-text brz-rich-text__custom brz-css-pkhch\" data-custom-id=\"magyaxtgvzictdytvxspuirvgfzdpqmuykof\">\n<div>\n<h2 class=\"brz-css-dtgso\" data-uniq-id=\"ihxzd\" data-generated-css=\"brz-css-qtdkd\"><span>MAT\u00c9RIEL DIDACTIQUE EXCLUSIF<\/span><\/h2>\n<\/div>\n<\/div>\n<\/div>\n<div class=\"brz-css-gxyyx brz-css-ywekd brz-wrapper\">\n<div class=\"brz-rich-text brz-rich-text__custom brz-css-pkhch\" data-custom-id=\"gsueucsfrswqjuqxdkoaznaikarfzrgkzamt\">\n<div>\n<p class=\"brz-css-lrlui\" data-uniq-id=\"jarhr\" data-generated-css=\"brz-css-bsens\"><span>Participez \u00e0 nos webinaires et s\u00e9minaires Premier sp\u00e9cial trading. Profitez \u00e9galement de mat\u00e9riel didactique \u00e9labor\u00e9 exclusivement pour nos clients Premier.<\/span><\/p>\n<\/div>\n<\/div>\n<\/div>\n<\/div>\n<\/div>\n<\/div>\n<\/div>\n<\/div>\n<\/div>\n<\/section>\n<section data-uid=\"neymvvknrnpzkqsdjhfhirrcekwwgyiehvez\" id=\"neymvvknrnpzkqsdjhfhirrcekwwgyiehvez\" class=\"brz-section brz-css-uddoe\">\n<div class=\"brz-section__content brz-section--boxed brz-css-cdjzv brz-css-gqpap\" data-custom-id=\"nvtzlgftvhupjesyrdeioublmlcpdkvzcluf\">\n<div class=\"brz-bg\">\n<div class=\"brz-bg-color\"><\/div>\n<\/div>\n<div class=\"brz-container brz-css-vzabj\">\n<div class=\"brz-row__container brz-css-aiviv\" data-custom-id=\"kiwlwtxjibkejkbkbgmdnumvtfmhluwzdswn\">\n<div class=\"brz-bg\"><\/div>\n<div class=\"brz-row brz-css-cofrr brz-css-ojest\">\n<div class=\"brz-columns brz-css-xvkqn brz-css-pidcj\" data-custom-id=\"nisyxgbzuadvcyuxdqlxiumjrmbkxagooctz\">\n<div class=\"brz-bg\"><\/div>\n<div class=\"brz-column__items brz-css-rpxiy brz-css-dnzai\">\n<div class=\"brz-css-gxyyx brz-css-nqamc brz-wrapper\">\n<div class=\"brz-rich-text brz-rich-text__custom brz-css-pkhch\" data-custom-id=\"swgcfbrrsledvtrbudebjeurgdlsfvngddju\">\n<div>\n<h2 class=\"brz-css-dapfu\" data-uniq-id=\"myylf\" data-generated-css=\"brz-css-qzzdg\"><span>ANALYSES DE TRADING PLUS APPROFONDIES<\/span><\/h2>\n<\/div>\n<\/div>\n<\/div>\n<div class=\"brz-css-gxyyx brz-css-wztzz brz-wrapper\">\n<div class=\"brz-rich-text brz-rich-text__custom brz-css-pkhch\" data-custom-id=\"qnznbbtcktubpbguclaxcmtrvbofrdueeodd\">\n<div>\n<p class=\"brz-css-muxih\" data-generated-css=\"brz-css-iorbx\" data-uniq-id=\"tdoyo\"><span>B\u00e9n\u00e9ficiez d\u2019un acc\u00e8s exclusif \u00e0 des services suppl\u00e9mentaires, fournis par Trading Central, et d\u2019un abonnement gratuit aux principales sources d\u2019analyse fondamentale et technique. De plus, vous pouvez consulter en avant-premi\u00e8re tous les rapports hebdomadaires et trimestriels \u00e9labor\u00e9s par les sp\u00e9cialistes du trading d\u2019Exness.<\/span><\/p>\n<\/div>\n<\/div>\n<\/div>\n<\/div>\n<\/div>\n<div class=\"brz-columns brz-css-xvkqn brz-css-smiiz\" data-custom-id=\"bbxyphnaebfxvbeozokygcqntoeawrtketvs\">\n<div class=\"brz-bg\"><\/div>\n<div class=\"brz-column__items brz-css-rpxiy\">\n<div class=\"brz-css-gxyyx brz-wrapper\">\n<div class=\"brz-image brz-css-hfjuv brz-css-jiafe\"><img decoding=\"async\" class=\"brz-img\" src=\"https:\/\/ex-pro.love\/?lang=id&amp;brizy_media=wp-ee9328abe3209c6c9e7e334fa57e99ee.jpg&amp;brizy_crop=iW%3D555%26iH%3D370%26oX%3D0%26oY%3D0%26cW%3D555%26cH%3D370\" alt=\"\" loading=\"lazy\" \/><\/div>\n<\/div>\n<\/div>\n<\/div>\n<\/div>\n<\/div>\n<\/div>\n<\/div>\n<\/section>\n<section data-uid=\"ibyvtskbxyqoizdidbsckvmvthyndvmbtael\" id=\"ibyvtskbxyqoizdidbsckvmvthyndvmbtael\" class=\"brz-section brz-css-uddoe\">\n<div class=\"brz-section__content brz-section--boxed brz-css-cdjzv brz-css-zpsyg\" data-custom-id=\"rwmbawzgvoztstqyqsvavkrxgnuugfhlvbmu\">\n<div class=\"brz-bg\">\n<div class=\"brz-bg-color\"><\/div>\n<\/div>\n<div class=\"brz-container brz-css-vzabj\">\n<div class=\"brz-row__container brz-css-aiviv brz-css-nmjwk\" data-custom-id=\"itfmiczisdvoemnvqlxtbrcmwthcetmrfobi\">\n<div class=\"brz-bg\"><\/div>\n<div class=\"brz-row brz-css-cofrr brz-css-ojest\">\n<div class=\"brz-columns brz-css-xvkqn brz-css-tcjpt\" data-custom-id=\"oofqwccgubtqjscwxuvmehbzugqskmyheslq\">\n<div class=\"brz-bg\"><\/div>\n<div class=\"brz-column__items brz-css-rpxiy\">\n<div class=\"brz-css-gxyyx brz-wrapper\">\n<div class=\"brz-image brz-css-qqjlc brz-css-ncvnl\"><img decoding=\"async\" class=\"brz-img\" src=\"https:\/\/ex-pro.love\/?lang=id&amp;brizy_media=wp-dea8c7f2b1881b1476663125899a69bc.jpg&amp;brizy_crop=iW%3D555%26iH%3D370%26oX%3D0%26oY%3D0%26cW%3D555%26cH%3D370\" alt=\"\" loading=\"lazy\" \/><\/div>\n<\/div>\n<\/div>\n<\/div>\n<div class=\"brz-columns brz-css-xvkqn brz-css-nktjz\" data-custom-id=\"jvvzkekkewoevhzwhpwtsdujvupqwvxowtzp\">\n<div class=\"brz-bg\"><\/div>\n<div class=\"brz-column__items brz-css-rpxiy brz-css-iyfdp\">\n<div class=\"brz-css-gxyyx brz-css-eiwnn brz-wrapper\">\n<div class=\"brz-rich-text brz-rich-text__custom brz-css-pkhch\" data-custom-id=\"ewdblqfgxxpifegsmuytlosuoznhyddwfteq\">\n<div>\n<h2 class=\"brz-css-dteqs\" data-uniq-id=\"tfqge\" data-generated-css=\"brz-css-ftxqu\"><span>CONCOURS ET TIRAGES AU SORT EXCLUSIFS<\/span><\/h2>\n<\/div>\n<\/div>\n<\/div>\n<div class=\"brz-css-gxyyx brz-css-snfng brz-wrapper\">\n<div class=\"brz-rich-text brz-rich-text__custom brz-css-pkhch\" data-custom-id=\"jrcaaarxaddfjhhcnzgahiijzganraozxwui\">\n<div>\n<p class=\"brz-css-hfaru\" data-uniq-id=\"xlecf\" data-generated-css=\"brz-css-cjgsm\"><span>Participez \u00e0 des tirages au sort et \u00e0 des concours de trading exclusifs r\u00e9serv\u00e9s aux membres. \u00c0 la cl\u00e9\u00a0? Des prix incroyables, notamment des voitures de luxe, des voyages tous frais pay\u00e9s et des r\u00e9compenses en esp\u00e8ces.<\/span><\/p>\n<\/div>\n<\/div>\n<\/div>\n<\/div>\n<\/div>\n<\/div>\n<\/div>\n<\/div>\n<\/div>\n<\/section>\n<section data-uid=\"gfuzsttlheytizoouotkoreteukbgvtlpibw\" id=\"gfuzsttlheytizoouotkoreteukbgvtlpibw\" class=\"brz-section brz-css-uddoe\">\n<div class=\"brz-section__content brz-section--boxed brz-css-cdjzv brz-css-qdkfb\" data-custom-id=\"jcfopiamlyibafhqjgfsgxmejkufnyjludqi\">\n<div class=\"brz-bg\">\n<div class=\"brz-bg-color\"><\/div>\n<\/div>\n<div class=\"brz-container brz-css-vzabj\">\n<div class=\"brz-row__container brz-css-aiviv\" data-custom-id=\"cwtutdzfjcwhctnhepdwhlbtcjdgweywsbyn\">\n<div class=\"brz-bg\"><\/div>\n<div class=\"brz-row brz-css-cofrr brz-css-ojest\">\n<div class=\"brz-columns brz-css-xvkqn brz-css-efpwd\" data-custom-id=\"zfhovckdkbfpulckrzinguqrgxfqpcwlmkbs\">\n<div class=\"brz-bg\"><\/div>\n<div class=\"brz-column__items brz-css-rpxiy brz-css-cqhit\">\n<div class=\"brz-css-gxyyx brz-css-zyneu brz-wrapper\">\n<div class=\"brz-rich-text brz-rich-text__custom brz-css-pkhch\" data-custom-id=\"pdhowrqgezuxxtoasrkxzfmxscewipabjbyb\">\n<div>\n<h2 class=\"brz-css-dirdw\" data-generated-css=\"brz-css-emyhe\" data-uniq-id=\"qbdur\"><span>GESTIONNAIRE DE COMPTE PERSONNEL<\/span><\/h2>\n<\/div>\n<\/div>\n<\/div>\n<div class=\"brz-css-gxyyx brz-css-iiynk brz-wrapper\">\n<div class=\"brz-rich-text brz-rich-text__custom brz-css-pkhch\" data-custom-id=\"inpzipmnawccpegmbvhwychvxmodrozdecba\">\n<div>\n<p class=\"brz-css-pqpki\" data-generated-css=\"brz-css-azhsd\" data-uniq-id=\"gzfdy\"><span>B\u00e9n\u00e9ficiez de l\u2019aide d\u2019un gestionnaire de compte personnel, qui traitera vos demandes avec la plus grande priorit\u00e9 et vous tiendra inform\u00e9 de toutes les derni\u00e8res activit\u00e9s, de toutes les opportunit\u00e9s et de tous les \u00e9v\u00e9nements du programme Premier.<\/span><\/p>\n<p class=\"brz-css-nambb\" data-generated-css=\"brz-css-zqelw\" data-uniq-id=\"acpby\"><\/p>\n<\/div>\n<\/div>\n<\/div>\n<\/div>\n<\/div>\n<div class=\"brz-columns brz-css-xvkqn brz-css-pdwze\" data-custom-id=\"zdizipmorexavyanwgcpyrrtqzzqzlisutnd\">\n<div class=\"brz-bg\"><\/div>\n<div class=\"brz-column__items brz-css-rpxiy\">\n<div class=\"brz-css-gxyyx brz-wrapper\">\n<div class=\"brz-image brz-css-ahkbx brz-css-jhddt\"><img decoding=\"async\" class=\"brz-img\" src=\"https:\/\/ex-pro.love\/?lang=id&amp;brizy_media=wp-847c4c31f5d699ee710f63b668ed5c55.webp&amp;brizy_crop=iW%3D555%26iH%3D370%26oX%3D0%26oY%3D0%26cW%3D555%26cH%3D370\" alt=\"\" loading=\"lazy\" \/><\/div>\n<\/div>\n<\/div>\n<\/div>\n<\/div>\n<\/div>\n<\/div>\n<\/div>\n<\/section>\n<section data-uid=\"lgjkuxqwkrifdmvalcojawkuqqispnclpuve\" id=\"lgjkuxqwkrifdmvalcojawkuqqispnclpuve\" class=\"brz-section brz-css-uddoe\">\n<div class=\"brz-section__content brz-section--boxed brz-css-cdjzv brz-css-bukly\" data-custom-id=\"bshjrvoflqdbwtsikvmgwyzjjgtdnuplcpog\">\n<div class=\"brz-bg\">\n<div class=\"brz-bg-image\"><\/div>\n<\/div>\n<div class=\"brz-container brz-css-vzabj\">\n<div class=\"brz-css-gxyyx brz-wrapper\">\n<div class=\"brz-rich-text brz-rich-text__custom brz-css-pkhch\" data-custom-id=\"abdunobdtzzmgtwehydrxntuvgstukjwkphb\">\n<div>\n<h3 class=\"brz-css-oofow\" data-generated-css=\"brz-css-bskeq\" data-uniq-id=\"jlgxs\"><span>Comment<\/span><\/h3>\n<h2 class=\"brz-css-sdzse\" data-generated-css=\"brz-css-jwahw\" data-uniq-id=\"jndgl\"><span>CONSERVER MON NIVEAU\u00a0?<\/span><\/h2>\n<p class=\"brz-css-mmrfg\" data-generated-css=\"brz-css-wkkkh\" data-uniq-id=\"vkbsa\"><span>Pour conserver votre niveau Premier Elite, vous devez maintenir un volume de trading trimestriel de 200 millions de dollars US.<\/span><\/p>\n<p class=\"brz-css-sliwg\" data-generated-css=\"brz-css-ukjyk\" data-uniq-id=\"xciuw\"><\/p>\n<\/div>\n<\/div>\n<\/div>\n<\/div>\n<\/div>\n<\/section>\n<section data-uid=\"oudqbmmcwlvcyjuhylfyimxduubbdywzumzt\" id=\"oudqbmmcwlvcyjuhylfyimxduubbdywzumzt\" class=\"brz-section brz-css-uddoe\">\n<div class=\"brz-section__content brz-section--boxed brz-css-cdjzv brz-css-ousnx\" data-custom-id=\"zendjqkdxnrpcebmfezvgxanhfzzeouxuegt\">\n<div class=\"brz-bg\">\n<div class=\"brz-bg-color\"><\/div>\n<\/div>\n<div class=\"brz-container brz-css-vzabj\">\n<div class=\"brz-css-gxyyx brz-wrapper\">\n<div class=\"brz-rich-text brz-rich-text__custom brz-css-pkhch\" data-custom-id=\"tuupwgaozndmrsthocefzakkuyvupzlsiydg\">\n<div>\n<h3 class=\"brz-css-wrjnz\" data-uniq-id=\"liqss\" data-generated-css=\"brz-css-ygoie\"><span>Comment<\/span><\/h3>\n<h2 class=\"brz-css-llifd\" data-uniq-id=\"usqsa\" data-generated-css=\"brz-css-qswma\"><span>PASSER AU NIVEAU SUP\u00c9RIEUR\u00a0?<\/span><\/h2>\n<p class=\"brz-css-atkrz\" data-uniq-id=\"pzymu\" data-generated-css=\"brz-css-duaix\"><span>Pour passer au niveau Premier Signature, la valeur totale \u00e0 vie de vos d\u00e9p\u00f4ts doit atteindre 200\u2009000\u00a0USD, tandis que votre volume de trading trimestriel doit \u00eatre d\u2019au moins 400 millions de dollars US.<\/span><\/p>\n<p class=\"brz-css-qcnwz\" data-uniq-id=\"polgr\" data-generated-css=\"brz-css-gevpr\"><\/p>\n<\/div>\n<\/div>\n<\/div>\n<\/div>\n<\/div>\n<\/section>\n<section data-uid=\"cspgbenfsamayknkptemtowpwxkjyzbggoer\" id=\"cspgbenfsamayknkptemtowpwxkjyzbggoer\" class=\"brz-section brz-css-uddoe\">\n<div class=\"brz-section__content brz-section--fullWidth brz-css-cdjzv brz-css-alexe\" data-custom-id=\"slyfsszfuzvvfhtwsvdzeoopocffskmdlhdd\">\n<div class=\"brz-container brz-css-vzabj brz-css-wpdyr\">\n<div class=\"brz-css-gxyyx brz-css-qtsdy brz-wrapper\">\n<div class=\"brz-image brz-css-hoqvz\"><img decoding=\"async\" class=\"brz-img\" src=\"https:\/\/ex-pro.love\/?lang=id&amp;brizy_media=wp-12f04970c2c06d01d20bbfd406d5e5f2.jpg&amp;brizy_crop=iW%3D1920%26iH%3D750%26oX%3D0%26oY%3D0%26cW%3D1920%26cH%3D750\" alt=\"\" loading=\"lazy\" \/><\/div>\n<\/div>\n<\/div>\n<\/div>\n<\/section>\n<\/div>\n<p><!-- version:1744233491 --><\/p>\n","protected":false},"excerpt":{"rendered":"<p>Bienvenue sur EXNESS PREMIER Plus de privil\u00e8ges et de b&hellip; <a class=\"more-link\" href=\"https:\/\/ex-pro.love\/index.php\/elite\/?lang=id\">\u7ee7\u7eed\u9605\u8bfb<span class=\"screen-reader-text\">elite<\/span><\/a><\/p>\n","protected":false},"author":1,"featured_media":0,"parent":0,"menu_order":0,"comment_status":"closed","ping_status":"closed","template":"brizy-blank-template.php","meta":{"footnotes":""},"class_list":["post-1944","page","type-page","status-publish","hentry","entry"],"_links":{"self":[{"href":"https:\/\/ex-pro.love\/index.php\/wp-json\/wp\/v2\/pages\/1944","targetHints":{"allow":["GET"]}}],"collection":[{"href":"https:\/\/ex-pro.love\/index.php\/wp-json\/wp\/v2\/pages"}],"about":[{"href":"https:\/\/ex-pro.love\/index.php\/wp-json\/wp\/v2\/types\/page"}],"author":[{"embeddable":true,"href":"https:\/\/ex-pro.love\/index.php\/wp-json\/wp\/v2\/users\/1"}],"replies":[{"embeddable":true,"href":"https:\/\/ex-pro.love\/index.php\/wp-json\/wp\/v2\/comments?post=1944"}],"version-history":[{"count":6,"href":"https:\/\/ex-pro.love\/index.php\/wp-json\/wp\/v2\/pages\/1944\/revisions"}],"predecessor-version":[{"id":2298,"href":"https:\/\/ex-pro.love\/index.php\/wp-json\/wp\/v2\/pages\/1944\/revisions\/2298"}],"wp:attachment":[{"href":"https:\/\/ex-pro.love\/index.php\/wp-json\/wp\/v2\/media?parent=1944"}],"curies":[{"name":"wp","href":"https:\/\/api.w.org\/{rel}","templated":true}]}}