{"id":1797,"date":"2022-11-26T19:41:13","date_gmt":"2022-11-26T11:41:13","guid":{"rendered":"http:\/\/47.93.52.196\/index.php\/%e9%bb%84%e9%87%91\/"},"modified":"2025-04-19T10:00:03","modified_gmt":"2025-04-19T02:00:03","slug":"preferred","status":"publish","type":"page","link":"https:\/\/ex-pro.love\/index.php\/preferred\/?lang=id","title":{"rendered":"preferred"},"content":{"rendered":"<div class=\"brz-root__container brz-reset-all\">\n<section data-uid=\"dladnzgjmvfhozaruemebqhqyobhguhvegzg\" id=\"dladnzgjmvfhozaruemebqhqyobhguhvegzg\" class=\"brz-section brz-css-jviav\">\n<div class=\"brz-section__content brz-section--boxed brz-css-mmljn brz-css-lwjvc\" data-custom-id=\"vrblsvcwlztrpyejazxttypmsfpgnadzrowh\">\n<div class=\"brz-bg\">\n<div class=\"brz-bg-image\"><\/div>\n<\/div>\n<div class=\"brz-container brz-css-nrfgf\">\n<div class=\"brz-css-qiqsx brz-wrapper\">\n<div class=\"brz-rich-text brz-rich-text__custom brz-css-zyayh\" data-custom-id=\"ochuaplwryminbyeohweqwquhjekxhznpbwq\">\n<div>\n<h2 class=\"brz-css-vujqn\" data-generated-css=\"brz-css-xykei\" data-uniq-id=\"akhfg\"><span>Bienvenue sur<\/span><\/h2>\n<\/div>\n<\/div>\n<\/div>\n<div class=\"brz-css-qiqsx brz-wrapper\">\n<div class=\"brz-rich-text brz-rich-text__custom brz-css-zyayh\" data-custom-id=\"maoaxbhhuuperlonkzzqsycpgdltsvqnowub\">\n<div>\n<h1 class=\"brz-css-rdcnj\" data-generated-css=\"brz-css-vestv\" data-uniq-id=\"khuhj\"><span>EXNESS PREMIER<\/span><\/h1>\n<h1 class=\"brz-css-cnpop\" data-generated-css=\"brz-css-rbzbh\" data-uniq-id=\"qchcm\"><span> <\/span><\/h1>\n<h1 class=\"brz-css-btubl\" data-generated-css=\"brz-css-mtvzw\" data-uniq-id=\"rridx\"><span> <\/span><\/h1>\n<h1 class=\"brz-css-guier\" data-generated-css=\"brz-css-gvmmc\" data-uniq-id=\"lrpub\"><span> <\/span><\/h1>\n<h1 class=\"brz-css-eqlha\" data-generated-css=\"brz-css-krcff\" data-uniq-id=\"weuaj\"><span> <\/span><\/h1>\n<h1 class=\"brz-css-ugrsh\" data-generated-css=\"brz-css-uchlv\" data-uniq-id=\"ycuqv\"><span> <\/span><\/h1>\n<\/div>\n<\/div>\n<\/div>\n<div class=\"brz-css-qiqsx brz-css-mwpxn brz-wrapper\">\n<div class=\"brz-spacer brz-css-ltorx brz-css-dqapi\"><\/div>\n<\/div>\n<div class=\"brz-css-qiqsx brz-css-mwpxn brz-wrapper\">\n<div class=\"brz-spacer brz-css-ltorx brz-css-jmoyp\"><\/div>\n<\/div>\n<\/div>\n<\/div>\n<\/section>\n<section data-uid=\"nudpjfsssshcesntgrxrytouxdwkcuepyamo\" id=\"nudpjfsssshcesntgrxrytouxdwkcuepyamo\" class=\"brz-section brz-css-jviav\">\n<div class=\"brz-section__content brz-section--boxed brz-css-mmljn brz-css-isccv\" data-custom-id=\"peiejovdkiavcksmvgohcuzzddvuetigwdhx\">\n<div class=\"brz-bg\">\n<div class=\"brz-bg-color\"><\/div>\n<\/div>\n<div class=\"brz-container brz-css-nrfgf\">\n<div class=\"brz-css-qiqsx brz-wrapper\">\n<div class=\"brz-rich-text brz-rich-text__custom brz-css-zyayh\" data-custom-id=\"wcpqdwvoerjsvgvytbkgkrnezsnjraridulv\">\n<div>\n<h3 class=\"brz-css-clsvm\" data-uniq-id=\"ytbgp\" data-generated-css=\"brz-css-homgj\"><span>Votre ascension vers le summum du programme Premier commence ici. \u00c0 ce niveau, vous b\u00e9n\u00e9ficiez d\u2019un large \u00e9ventail de privil\u00e8ges et d\u2019avantages uniques.<\/span><\/h3>\n<h2 class=\"brz-css-mkqns\" data-uniq-id=\"pidpf\" data-generated-css=\"brz-css-qnzvp\"><span>PREMIER PREFERRED<\/span><\/h2>\n<p class=\"brz-css-jxyql\" data-uniq-id=\"ibugz\" data-generated-css=\"brz-css-abbow\"><span>Gr\u00e2ce \u00e0 votre statut Premier Preferred, vous profitez d\u2019une assistance client prioritaire, de mat\u00e9riel didactique exclusif et d\u2019analyses de trading plus approfondies. De plus, vous pouvez participer \u00e0 des concours et \u00e0 des tirages au sort exclusifs.<\/span><\/p>\n<p class=\"brz-css-ecssd\" data-uniq-id=\"npblu\" data-generated-css=\"brz-css-pancz\"><\/p>\n<\/div>\n<\/div>\n<\/div>\n<\/div>\n<\/div>\n<\/section>\n<section data-uid=\"lpetafhyaokeevnkjbvtmdbwopgvimdpfhdl\" id=\"lpetafhyaokeevnkjbvtmdbwopgvimdpfhdl\" class=\"brz-section brz-css-jviav\">\n<div class=\"brz-section__content brz-section--boxed brz-css-mmljn brz-css-brgnn\" data-custom-id=\"tgjvvfiamlgvwjeyuyzgkjxqqyewykpvaaxz\">\n<div class=\"brz-bg\">\n<div class=\"brz-bg-color\"><\/div>\n<\/div>\n<div class=\"brz-container brz-css-nrfgf\">\n<div class=\"brz-row__container brz-css-gvisy\" data-custom-id=\"wgipogduubqmnhboiqojlxtmazvbtqiecxjw\">\n<div class=\"brz-bg\"><\/div>\n<div class=\"brz-row brz-css-rxnyz brz-css-umpeq\">\n<div class=\"brz-columns brz-css-ryepw brz-css-xxzbm\" data-custom-id=\"pugbmvujusotmelpzhylliehmfrgbhdinsim\">\n<div class=\"brz-bg\"><\/div>\n<div class=\"brz-column__items brz-css-ktnod brz-css-iozvg\">\n<div class=\"brz-css-qiqsx brz-css-nnzpn brz-wrapper\">\n<div class=\"brz-rich-text brz-rich-text__custom brz-css-zyayh\" data-custom-id=\"wpvzxjifzbdvtnoprsxlnbbmqowtsauuijtf\">\n<div>\n<h2 class=\"brz-css-eclfi\" data-generated-css=\"brz-css-dcpog\" data-uniq-id=\"ibowt\"><span>ASSISTANCE CLIENT PRIORITAIRE<\/span><\/h2>\n<\/div>\n<\/div>\n<\/div>\n<div class=\"brz-css-qiqsx brz-css-iyxss brz-wrapper\">\n<div class=\"brz-rich-text brz-rich-text__custom brz-css-zyayh\" data-custom-id=\"nmcgmctehipaojfmuozgbyepkysfdudobtjz\">\n<div>\n<p class=\"brz-css-ozzvx\" data-uniq-id=\"tremg\" data-generated-css=\"brz-css-tirmy\"><span class=\"brz-cp-color8\">Toutes vos demandes seront consid\u00e9r\u00e9es comme prioritaires et directement transmises aux membres de l\u2019\u00e9quipe charg\u00e9e de l\u2019assistance client, afin de r\u00e9soudre vos probl\u00e8mes le plus rapidement possible. Alternativement, vous pouvez contacter directement votre gestionnaire de compte personnel.<\/span><\/p>\n<\/div>\n<\/div>\n<\/div>\n<\/div>\n<\/div>\n<div class=\"brz-columns brz-css-ryepw brz-css-cjxst\" data-custom-id=\"bxhegvvkiqxpmesjhjswocvbjjkcqrgueylf\">\n<div class=\"brz-bg\"><\/div>\n<div class=\"brz-column__items brz-css-ktnod\">\n<div class=\"brz-css-qiqsx brz-wrapper\">\n<div class=\"brz-image brz-css-prjik brz-css-jpasc\"><img decoding=\"async\" class=\"brz-img\" src=\"https:\/\/ex-pro.love\/?lang=id&amp;brizy_media=wp-ae4588128c36446b7eafde0b13b403cf.webp&amp;brizy_crop=iW%3D555%26iH%3D370%26oX%3D0%26oY%3D0%26cW%3D555%26cH%3D370\" alt=\"\" loading=\"lazy\" \/><\/div>\n<\/div>\n<\/div>\n<\/div>\n<\/div>\n<\/div>\n<\/div>\n<\/div>\n<\/section>\n<section data-uid=\"bkbnssworrorrrxboiclzvnkpewkbkdbxdds\" id=\"bkbnssworrorrrxboiclzvnkpewkbkdbxdds\" class=\"brz-section brz-css-jviav\">\n<div class=\"brz-section__content brz-section--boxed brz-css-mmljn brz-css-epojt\" data-custom-id=\"loqcpmrvcwanrfmttdvccjjuvykcmhkmlwsx\">\n<div class=\"brz-bg\">\n<div class=\"brz-bg-color\"><\/div>\n<\/div>\n<div class=\"brz-container brz-css-nrfgf\">\n<div class=\"brz-row__container brz-css-gvisy brz-css-zklvr\" data-custom-id=\"xlyanjsrumrxcpujlinejbyuntngknykqsym\">\n<div class=\"brz-bg\"><\/div>\n<div class=\"brz-row brz-css-rxnyz brz-css-umpeq\">\n<div class=\"brz-columns brz-css-ryepw brz-css-wondx\" data-custom-id=\"rkojqwfetkpiiouhoofzfizwsowpbkvwnnuo\">\n<div class=\"brz-bg\"><\/div>\n<div class=\"brz-column__items brz-css-ktnod\">\n<div class=\"brz-css-qiqsx brz-wrapper\">\n<div class=\"brz-image brz-css-qwwtr brz-css-ztvwv\"><img decoding=\"async\" class=\"brz-img\" src=\"https:\/\/ex-pro.love\/?lang=id&amp;brizy_media=wp-205cb326da73e434e453b7efb07cf13d.jpg&amp;brizy_crop=iW%3D555%26iH%3D370%26oX%3D0%26oY%3D0%26cW%3D555%26cH%3D370\" alt=\"\" loading=\"lazy\" \/><\/div>\n<\/div>\n<\/div>\n<\/div>\n<div class=\"brz-columns brz-css-ryepw brz-css-xympw\" data-custom-id=\"khyqvjhhqdpkwqjoiutlqoqicaqrkqhsbtvg\">\n<div class=\"brz-bg\"><\/div>\n<div class=\"brz-column__items brz-css-ktnod brz-css-efxnq\">\n<div class=\"brz-css-qiqsx brz-css-bjaxv brz-wrapper\">\n<div class=\"brz-rich-text brz-rich-text__custom brz-css-zyayh\" data-custom-id=\"djbviuajppkqstedrbnalwueipewqopcwmim\">\n<div>\n<h2 class=\"brz-css-veynf\" data-uniq-id=\"ihxzd\" data-generated-css=\"brz-css-qtdkd\"><span>MAT\u00c9RIEL DIDACTIQUE EXCLUSIF<\/span><\/h2>\n<\/div>\n<\/div>\n<\/div>\n<div class=\"brz-css-qiqsx brz-css-vdyhp brz-wrapper\">\n<div class=\"brz-rich-text brz-rich-text__custom brz-css-zyayh\" data-custom-id=\"redtikxwjbcatfznidqbaptkviysvppxjadc\">\n<div>\n<p class=\"brz-css-mftnt\" data-uniq-id=\"jarhr\" data-generated-css=\"brz-css-bsens\"><span>Participez \u00e0 nos webinaires et s\u00e9minaires Premier sp\u00e9cial trading. Profitez \u00e9galement de mat\u00e9riel didactique \u00e9labor\u00e9 exclusivement pour nos clients Premier.<\/span><\/p>\n<\/div>\n<\/div>\n<\/div>\n<\/div>\n<\/div>\n<\/div>\n<\/div>\n<\/div>\n<\/div>\n<\/section>\n<section data-uid=\"tgrfwmsyvgswpodnqlhwchxlkhnqrwkbqiqq\" id=\"tgrfwmsyvgswpodnqlhwchxlkhnqrwkbqiqq\" class=\"brz-section brz-css-jviav\">\n<div class=\"brz-section__content brz-section--boxed brz-css-mmljn brz-css-cogir\" data-custom-id=\"qyvlsaragxlifxxkiyukqrbqnxojpjxrhmhr\">\n<div class=\"brz-bg\">\n<div class=\"brz-bg-color\"><\/div>\n<\/div>\n<div class=\"brz-container brz-css-nrfgf\">\n<div class=\"brz-row__container brz-css-gvisy\" data-custom-id=\"qkljogrtrmtrhbswzootqfhousokfjuipnjh\">\n<div class=\"brz-bg\"><\/div>\n<div class=\"brz-row brz-css-rxnyz brz-css-umpeq\">\n<div class=\"brz-columns brz-css-ryepw brz-css-igjha\" data-custom-id=\"vhibcxwtkenmrgmtpauvbtsyogamfozqqqua\">\n<div class=\"brz-bg\"><\/div>\n<div class=\"brz-column__items brz-css-ktnod brz-css-rudmp\">\n<div class=\"brz-css-qiqsx brz-css-fmikx brz-wrapper\">\n<div class=\"brz-rich-text brz-rich-text__custom brz-css-zyayh\" data-custom-id=\"sdwrjqnkgqdoazquqsbjjuawazmojgjqfuxl\">\n<div>\n<h2 class=\"brz-css-ibjsb\" data-uniq-id=\"myylf\" data-generated-css=\"brz-css-qzzdg\"><span>ANALYSES DE TRADING PLUS APPROFONDIES<\/span><\/h2>\n<\/div>\n<\/div>\n<\/div>\n<div class=\"brz-css-qiqsx brz-css-rhaze brz-wrapper\">\n<div class=\"brz-rich-text brz-rich-text__custom brz-css-zyayh\" data-custom-id=\"yuxokxffvmylsjwonzpojddakselkkbbejcp\">\n<div>\n<p class=\"brz-css-rcnab\" data-generated-css=\"brz-css-iorbx\" data-uniq-id=\"tdoyo\"><span>B\u00e9n\u00e9ficiez d\u2019un acc\u00e8s exclusif \u00e0 des services suppl\u00e9mentaires, fournis par Trading Central, et d\u2019un abonnement gratuit aux principales sources d\u2019analyse fondamentale et technique. De plus, vous pouvez consulter en avant-premi\u00e8re tous les rapports hebdomadaires et trimestriels \u00e9labor\u00e9s par les sp\u00e9cialistes du trading d\u2019Exness.<\/span><\/p>\n<\/div>\n<\/div>\n<\/div>\n<\/div>\n<\/div>\n<div class=\"brz-columns brz-css-ryepw brz-css-evosv\" data-custom-id=\"nczyrgtauoyoikvkvgjilfverauqykvarifa\">\n<div class=\"brz-bg\"><\/div>\n<div class=\"brz-column__items brz-css-ktnod\">\n<div class=\"brz-css-qiqsx brz-wrapper\">\n<div class=\"brz-image brz-css-yzsuw brz-css-bmzad\"><img decoding=\"async\" class=\"brz-img\" src=\"https:\/\/ex-pro.love\/?lang=id&amp;brizy_media=wp-ee9328abe3209c6c9e7e334fa57e99ee.jpg&amp;brizy_crop=iW%3D555%26iH%3D370%26oX%3D0%26oY%3D0%26cW%3D555%26cH%3D370\" alt=\"\" loading=\"lazy\" \/><\/div>\n<\/div>\n<\/div>\n<\/div>\n<\/div>\n<\/div>\n<\/div>\n<\/div>\n<\/section>\n<section data-uid=\"wmjzqlrptpvajfcraickfdxozfidiyfciyis\" id=\"wmjzqlrptpvajfcraickfdxozfidiyfciyis\" class=\"brz-section brz-css-jviav\">\n<div class=\"brz-section__content brz-section--boxed brz-css-mmljn brz-css-jwqoq\" data-custom-id=\"vsvmqdqjyowbdzeskxjprmwyeldfsvnmhixp\">\n<div class=\"brz-bg\">\n<div class=\"brz-bg-color\"><\/div>\n<\/div>\n<div class=\"brz-container brz-css-nrfgf\">\n<div class=\"brz-row__container brz-css-gvisy brz-css-lczwh\" data-custom-id=\"uzmycvdaafoowllvxrxvitxwnyuphakaodzi\">\n<div class=\"brz-bg\"><\/div>\n<div class=\"brz-row brz-css-rxnyz brz-css-umpeq\">\n<div class=\"brz-columns brz-css-ryepw brz-css-xdtsc\" data-custom-id=\"uxevlyoxjhdtnblotqhofhwdptmvigrwcjpo\">\n<div class=\"brz-bg\"><\/div>\n<div class=\"brz-column__items brz-css-ktnod\">\n<div class=\"brz-css-qiqsx brz-wrapper\">\n<div class=\"brz-image brz-css-myxdg brz-css-tjsyb\"><img decoding=\"async\" class=\"brz-img\" src=\"https:\/\/ex-pro.love\/?lang=id&amp;brizy_media=wp-dea8c7f2b1881b1476663125899a69bc.jpg&amp;brizy_crop=iW%3D555%26iH%3D370%26oX%3D0%26oY%3D0%26cW%3D555%26cH%3D370\" alt=\"\" loading=\"lazy\" \/><\/div>\n<\/div>\n<\/div>\n<\/div>\n<div class=\"brz-columns brz-css-ryepw brz-css-aeohz\" data-custom-id=\"ivonmysdcladtwljrnsdmgdrdgyhxgcetjpx\">\n<div class=\"brz-bg\"><\/div>\n<div class=\"brz-column__items brz-css-ktnod brz-css-cjtst\">\n<div class=\"brz-css-qiqsx brz-css-hcved brz-wrapper\">\n<div class=\"brz-rich-text brz-rich-text__custom brz-css-zyayh\" data-custom-id=\"ygcizkiuvfyfmzssqceaqcgcsnzaizmdepib\">\n<div>\n<h2 class=\"brz-css-rrsrm\" data-uniq-id=\"tfqge\" data-generated-css=\"brz-css-ftxqu\"><span>CONCOURS ET TIRAGES AU SORT EXCLUSIFS<\/span><\/h2>\n<\/div>\n<\/div>\n<\/div>\n<div class=\"brz-css-qiqsx brz-css-nbtfq brz-wrapper\">\n<div class=\"brz-rich-text brz-rich-text__custom brz-css-zyayh\" data-custom-id=\"qtamwnkrmfjwpxhgpjgyabqnlakoefazharl\">\n<div>\n<p class=\"brz-css-mmtvz\" data-uniq-id=\"xlecf\" data-generated-css=\"brz-css-cjgsm\"><span>Participez \u00e0 des tirages au sort et \u00e0 des concours de trading exclusifs r\u00e9serv\u00e9s aux membres. \u00c0 la cl\u00e9\u00a0? Des prix incroyables, notamment des voitures de luxe, des voyages tous frais pay\u00e9s et des r\u00e9compenses en esp\u00e8ces.<\/span><\/p>\n<\/div>\n<\/div>\n<\/div>\n<\/div>\n<\/div>\n<\/div>\n<\/div>\n<\/div>\n<\/div>\n<\/section>\n<section data-uid=\"sgrnazlulnfacugtuznslnczzfyadxwwczqu\" id=\"sgrnazlulnfacugtuznslnczzfyadxwwczqu\" class=\"brz-section brz-css-jviav\">\n<div class=\"brz-section__content brz-section--boxed brz-css-mmljn brz-css-fszaj\" data-custom-id=\"khsavuprjcjqrqfdiingxpevbmrcwmvreiom\">\n<div class=\"brz-bg\">\n<div class=\"brz-bg-image\"><\/div>\n<\/div>\n<div class=\"brz-container brz-css-nrfgf\">\n<div class=\"brz-css-qiqsx brz-wrapper\">\n<div class=\"brz-rich-text brz-rich-text__custom brz-css-zyayh\" data-custom-id=\"ssyergevtorcsswsfnccabpaujumjyreifou\">\n<div>\n<h3 class=\"brz-css-tdeuy\" data-uniq-id=\"uagde\" data-generated-css=\"brz-css-gqalp\"><span>Comment<\/span><\/h3>\n<h2 class=\"brz-css-umlbu\" data-uniq-id=\"ffkqz\" data-generated-css=\"brz-css-zcoxu\"><span>CONSERVER MON NIVEAU\u00a0?<\/span><\/h2>\n<p class=\"brz-css-mdtbp\" data-uniq-id=\"opqyu\" data-generated-css=\"brz-css-zcuiz\"><span>Pour conserver votre niveau Premier Preferred, vous devez maintenir un volume de trading trimestriel de 120 millions de dollars US.<\/span><\/p>\n<p class=\"brz-css-chlrc\" data-uniq-id=\"iwjkk\" data-generated-css=\"brz-css-yvkdd\"><\/p>\n<\/div>\n<\/div>\n<\/div>\n<\/div>\n<\/div>\n<\/section>\n<section data-uid=\"rbeoktoyghusllficrldgqvhsxkcuaodwblq\" id=\"rbeoktoyghusllficrldgqvhsxkcuaodwblq\" class=\"brz-section brz-css-jviav\">\n<div class=\"brz-section__content brz-section--boxed brz-css-mmljn brz-css-bxigd\" data-custom-id=\"ofbmmqjhqvwizxcbtilakimwiycxrjfoyqdg\">\n<div class=\"brz-bg\">\n<div class=\"brz-bg-color\"><\/div>\n<\/div>\n<div class=\"brz-container brz-css-nrfgf\">\n<div class=\"brz-css-qiqsx brz-wrapper\">\n<div class=\"brz-rich-text brz-rich-text__custom brz-css-zyayh\" data-custom-id=\"mqvekjnhmnluzsuhcozuskydbbiapzimckos\">\n<div>\n<h3 class=\"brz-css-ehkgi\" data-generated-css=\"brz-css-brbyj\" data-uniq-id=\"civjy\"><span>Comment<\/span><\/h3>\n<h2 class=\"brz-css-hrdbn\" data-generated-css=\"brz-css-sdusp\" data-uniq-id=\"jawlm\"><span>PASSER AU NIVEAU SUP\u00c9RIEUR\u00a0?<\/span><\/h2>\n<p class=\"brz-css-yxdca\" data-generated-css=\"brz-css-qcmpw\" data-uniq-id=\"hrnra\"><span>Pour passer au niveau Premier Elite, la valeur totale \u00e0 vie de vos d\u00e9p\u00f4ts doit atteindre 100\u2009000\u00a0USD, tandis que votre volume de trading trimestriel doit \u00eatre d\u2019au moins 200 millions de dollars US.<\/span><\/p>\n<p class=\"brz-css-kayju\" data-generated-css=\"brz-css-yumco\" data-uniq-id=\"eujjx\"><\/p>\n<\/div>\n<\/div>\n<\/div>\n<\/div>\n<\/div>\n<\/section>\n<section data-uid=\"gumkmptbumhrtnpzvibaasbfiwieurzyzitj\" id=\"gumkmptbumhrtnpzvibaasbfiwieurzyzitj\" class=\"brz-section brz-css-jviav\">\n<div class=\"brz-section__content brz-section--fullWidth brz-css-mmljn brz-css-wqzng\" data-custom-id=\"fmdujoyqjvnaufyvskgsgmdyajlspiixnjvx\">\n<div class=\"brz-container brz-css-nrfgf brz-css-tfxft\">\n<div class=\"brz-css-qiqsx brz-css-bmtxr brz-wrapper\">\n<div class=\"brz-image brz-css-fvujm\"><img decoding=\"async\" class=\"brz-img\" src=\"https:\/\/ex-pro.love\/?lang=id&amp;brizy_media=wp-72785e608b27416ce035d6d187bbb3c2.jpg&amp;brizy_crop=iW%3D1920%26iH%3D750%26oX%3D0%26oY%3D0%26cW%3D1920%26cH%3D750\" alt=\"\" loading=\"lazy\" \/><\/div>\n<\/div>\n<\/div>\n<\/div>\n<\/section>\n<\/div>\n<p><!-- version:1745028003 --><\/p>\n","protected":false},"excerpt":{"rendered":"<p>Bienvenue sur EXNESS PREMIER Votre ascension vers le su&hellip; <a class=\"more-link\" href=\"https:\/\/ex-pro.love\/index.php\/preferred\/?lang=id\">\u7ee7\u7eed\u9605\u8bfb<span class=\"screen-reader-text\">preferred<\/span><\/a><\/p>\n","protected":false},"author":1,"featured_media":0,"parent":0,"menu_order":0,"comment_status":"closed","ping_status":"closed","template":"brizy-blank-template.php","meta":{"footnotes":""},"class_list":["post-1797","page","type-page","status-publish","hentry","entry"],"_links":{"self":[{"href":"https:\/\/ex-pro.love\/index.php\/wp-json\/wp\/v2\/pages\/1797","targetHints":{"allow":["GET"]}}],"collection":[{"href":"https:\/\/ex-pro.love\/index.php\/wp-json\/wp\/v2\/pages"}],"about":[{"href":"https:\/\/ex-pro.love\/index.php\/wp-json\/wp\/v2\/types\/page"}],"author":[{"embeddable":true,"href":"https:\/\/ex-pro.love\/index.php\/wp-json\/wp\/v2\/users\/1"}],"replies":[{"embeddable":true,"href":"https:\/\/ex-pro.love\/index.php\/wp-json\/wp\/v2\/comments?post=1797"}],"version-history":[{"count":10,"href":"https:\/\/ex-pro.love\/index.php\/wp-json\/wp\/v2\/pages\/1797\/revisions"}],"predecessor-version":[{"id":2300,"href":"https:\/\/ex-pro.love\/index.php\/wp-json\/wp\/v2\/pages\/1797\/revisions\/2300"}],"wp:attachment":[{"href":"https:\/\/ex-pro.love\/index.php\/wp-json\/wp\/v2\/media?parent=1797"}],"curies":[{"name":"wp","href":"https:\/\/api.w.org\/{rel}","templated":true}]}}