{"id":1602,"date":"2022-11-28T10:02:06","date_gmt":"2022-11-28T02:02:06","guid":{"rendered":"http:\/\/47.93.52.196\/index.php\/%e6%8a%a5%e5%91%8a\/"},"modified":"2025-04-21T08:37:24","modified_gmt":"2025-04-21T00:37:24","slug":"reports","status":"publish","type":"page","link":"https:\/\/ex-pro.love\/index.php\/reports\/?lang=fr","title":{"rendered":"reports"},"content":{"rendered":"<div class=\"brz-root__container brz-reset-all\">\n<section data-uid=\"hrnckglewhtmjdxpotxbomqirqoafbhccjzy\" id=\"hrnckglewhtmjdxpotxbomqirqoafbhccjzy\" class=\"brz-section brz-css-pnxfd\">\n<div class=\"brz-section__content brz-section--boxed brz-css-dihsv brz-css-zvdnc\" data-custom-id=\"ptnlgscjrzbwtvhcvgvvjjienlefbcoqxrbn\">\n<div class=\"brz-bg\">\n<div class=\"brz-bg-image\"><\/div>\n<div class=\"brz-bg-color\"><\/div>\n<\/div>\n<div class=\"brz-container brz-css-ltogo\">\n<div class=\"brz-css-beubl brz-wrapper\">\n<div class=\"brz-rich-text brz-rich-text__custom brz-css-rovcl\" data-custom-id=\"yvpitwvuexkulyruqmlwxxkegxlzqyjitztc\">\n<div>\n<h1 class=\"brz-css-ocbxt\" data-generated-css=\"brz-css-hepbd\" data-uniq-id=\"uxlap\"><span> <\/span><\/h1>\n<h2 class=\"brz-css-fahgk\" data-generated-css=\"brz-css-bksoz\" data-uniq-id=\"odmar\"><span> <\/span><span class=\"brz-cp-color8\">TRIMESTRIEL<\/span><\/h2>\n<h1 class=\"brz-css-bvhpy\" data-generated-css=\"brz-css-wwfld\" data-uniq-id=\"zbfrl\"><span>D\u2019EXNESS<\/span><\/h1>\n<h1 class=\"brz-css-wxvpi\" data-generated-css=\"brz-css-xpdhh\" data-uniq-id=\"rzamt\"><\/h1>\n<h1 class=\"brz-css-mwxrz\" data-generated-css=\"brz-css-spalo\" data-uniq-id=\"ybysm\"><span> <\/span><\/h1>\n<h1 class=\"brz-css-dfgwv\" data-generated-css=\"brz-css-enyxc\" data-uniq-id=\"nrxrk\"><span> <\/span><\/h1>\n<h1 class=\"brz-css-qckmh\" data-generated-css=\"brz-css-raftl\" data-uniq-id=\"pwurt\"><span> <\/span><\/h1>\n<h1 class=\"brz-css-fqrff\" data-generated-css=\"brz-css-vgvwg\" data-uniq-id=\"usmlr\"><span> <\/span><\/h1>\n<\/div>\n<\/div>\n<\/div>\n<div class=\"brz-css-beubl brz-css-eceoy brz-wrapper\">\n<div class=\"brz-spacer brz-css-lppfv brz-css-onvvz\"><\/div>\n<\/div>\n<div class=\"brz-css-beubl brz-css-eceoy brz-wrapper\">\n<div class=\"brz-spacer brz-css-lppfv brz-css-ykilm\"><\/div>\n<\/div>\n<\/div>\n<\/div>\n<\/section>\n<section data-uid=\"hurdoismdlsfsdcgkhqmojhipddygqsrbzbb\" id=\"hurdoismdlsfsdcgkhqmojhipddygqsrbzbb\" class=\"brz-section brz-css-pnxfd\">\n<div class=\"brz-section__content brz-section--boxed brz-css-dihsv brz-css-ihbjh\" data-custom-id=\"yavjfhbfzlaprbdgbpvrrjlbvgqrykefamny\">\n<div class=\"brz-bg\">\n<div class=\"brz-bg-color\"><\/div>\n<\/div>\n<div class=\"brz-container brz-css-ltogo\">\n<div class=\"brz-css-beubl brz-css-disum brz-wrapper\">\n<div class=\"brz-rich-text brz-rich-text__custom brz-css-rovcl\" data-custom-id=\"unxifrtjdeulcyfndgciakbdojbxhpzskpia\">\n<div>\n<h2 class=\"brz-css-zwjax\" data-generated-css=\"brz-css-bkxhb\" data-uniq-id=\"ookyw\"><span>Rapport trimestriel d\u2019Exness<\/span><\/h2>\n<p class=\"brz-css-bmsjl\" data-generated-css=\"brz-css-mlixt\" data-uniq-id=\"unrrt\"><\/p>\n<\/div>\n<\/div>\n<\/div>\n<div class=\"brz-css-beubl brz-wrapper\">\n<div class=\"brz-rich-text brz-rich-text__custom brz-css-rovcl\" data-custom-id=\"vijmncsiouxcbvpbzhujfqomzhottsivaukt\">\n<div>\n<p class=\"brz-css-lwpru\" data-uniq-id=\"pwwhs\" data-generated-css=\"brz-css-uowtg\"><span>D\u00e9couvrez dans nos rapports de trading r\u00e9guliers toutes les derni\u00e8res nouvelles des march\u00e9s, ainsi que des analyses d\u2019experts. Les clients Premier seront toujours les premiers \u00e0 recevoir ces informations pr\u00e9cieuses.<\/span><\/p>\n<\/div>\n<\/div>\n<\/div>\n<div class=\"brz-row__container brz-css-jttwy\" data-custom-id=\"twtobfxjqtsfapcyubzwdhkqpcgspnlgccyc\">\n<div class=\"brz-bg\"><\/div>\n<div class=\"brz-row brz-css-epldq\">\n<div class=\"brz-columns brz-css-zttas brz-css-uuyjw\" data-custom-id=\"hrqumbgsiogjbgerktsncsxvratluiuefgey\">\n<div class=\"brz-bg\"><\/div>\n<div class=\"brz-column__items brz-css-fzooe brz-css-hxvzg\">\n<div class=\"brz-css-beubl brz-css-yvuuy brz-wrapper\">\n<div class=\"brz-image brz-css-zkqvp\"><img decoding=\"async\" class=\"brz-img\" src=\"https:\/\/ex-pro.love\/?lang=fr&amp;brizy_media=wp-16ea5b48d52ff10c99fc526d77f42888.webp&amp;brizy_crop=iW%3D221%26iH%3D118%26oX%3D1%26oY%3D0%26cW%3D219%26cH%3D118\" alt=\"\" loading=\"lazy\" \/><\/div>\n<\/div>\n<div class=\"brz-css-beubl brz-wrapper\">\n<div class=\"brz-rich-text brz-rich-text__custom brz-css-rovcl\" data-custom-id=\"gfteviqzouylasifxunanugxluwjziggksqz\">\n<div>\n<p class=\"brz-css-ppogq\" data-uniq-id=\"efzhd\" data-generated-css=\"brz-css-qovfm\"><span class=\"brz-cp-color8\">Rapport trimestriel d\u2019Exness<\/span><\/p>\n<\/div>\n<\/div>\n<\/div>\n<div class=\"brz-wrapper-clone brz-css-chgmg brz-css-qtpah\">\n<div class=\"brz-d-xs-flex brz-flex-xs-wrap brz-css-aeqmi\">\n<div class=\"brz-wrapper-clone__item brz-css-geyyh\" id=\"yterxwvmhbkpvacgjyfkcvnfuebwxgxskcmq\"><a class=\"brz-a brz-btn brz-css-ivhnu brz-css-azfth\" href=\"\/media\/docs\/Chinese_Q4_Outlook_2022_3.pdf\" target=\"_blank\" rel=\"noopener\" data-brz-link-type=\"external\" id data-custom-id=\"yterxwvmhbkpvacgjyfkcvnfuebwxgxskcmq\"><span class=\"brz-span brz-text__editor\">T\u00e9l\u00e9charger<\/span><\/a><\/div>\n<\/div>\n<\/div>\n<\/div>\n<\/div>\n<\/div>\n<\/div>\n<\/div>\n<\/div>\n<\/section>\n<\/div>\n<p><!-- version:1745195843 --><\/p>\n","protected":false},"excerpt":{"rendered":"<p>TRIMESTRIEL D\u2019EXNESS Rapport trimestriel d\u2019Exness D\u00e9cou&hellip; <a class=\"more-link\" href=\"https:\/\/ex-pro.love\/index.php\/reports\/?lang=fr\">\u7ee7\u7eed\u9605\u8bfb<span class=\"screen-reader-text\">reports<\/span><\/a><\/p>\n","protected":false},"author":1,"featured_media":0,"parent":0,"menu_order":0,"comment_status":"closed","ping_status":"closed","template":"brizy-blank-template.php","meta":{"footnotes":""},"class_list":["post-1602","page","type-page","status-publish","hentry","entry"],"_links":{"self":[{"href":"https:\/\/ex-pro.love\/index.php\/wp-json\/wp\/v2\/pages\/1602","targetHints":{"allow":["GET"]}}],"collection":[{"href":"https:\/\/ex-pro.love\/index.php\/wp-json\/wp\/v2\/pages"}],"about":[{"href":"https:\/\/ex-pro.love\/index.php\/wp-json\/wp\/v2\/types\/page"}],"author":[{"embeddable":true,"href":"https:\/\/ex-pro.love\/index.php\/wp-json\/wp\/v2\/users\/1"}],"replies":[{"embeddable":true,"href":"https:\/\/ex-pro.love\/index.php\/wp-json\/wp\/v2\/comments?post=1602"}],"version-history":[{"count":11,"href":"https:\/\/ex-pro.love\/index.php\/wp-json\/wp\/v2\/pages\/1602\/revisions"}],"predecessor-version":[{"id":1921,"href":"https:\/\/ex-pro.love\/index.php\/wp-json\/wp\/v2\/pages\/1602\/revisions\/1921"}],"wp:attachment":[{"href":"https:\/\/ex-pro.love\/index.php\/wp-json\/wp\/v2\/media?parent=1602"}],"curies":[{"name":"wp","href":"https:\/\/api.w.org\/{rel}","templated":true}]}}