{"id":1541,"date":"2022-11-26T19:41:13","date_gmt":"2022-11-26T11:41:13","guid":{"rendered":"http:\/\/47.93.52.196\/index.php\/%e9%bb%84%e9%87%91\/"},"modified":"2025-04-19T09:59:55","modified_gmt":"2025-04-19T01:59:55","slug":"preferred","status":"publish","type":"page","link":"https:\/\/ex-pro.love\/index.php\/preferred\/?lang=fr","title":{"rendered":"Preferred"},"content":{"rendered":"<div class=\"brz-root__container brz-reset-all\">\n<section data-uid=\"eecqsfxjpfdsdaemadewbrollatlrcyibxpa\" id=\"eecqsfxjpfdsdaemadewbrollatlrcyibxpa\" class=\"brz-section brz-css-lcdkb\">\n<div class=\"brz-section__content brz-section--boxed brz-css-eugha brz-css-pfyrx\" data-custom-id=\"ukfhkrahleafoqhommvjedaupzrkerxfuasq\">\n<div class=\"brz-bg\">\n<div class=\"brz-bg-image\"><\/div>\n<\/div>\n<div class=\"brz-container brz-css-lgush\">\n<div class=\"brz-css-tfqcn brz-wrapper\">\n<div class=\"brz-rich-text brz-rich-text__custom brz-css-fifck\" data-custom-id=\"jjswgtcxjfldzbmccclggxcezjlnenxveyan\">\n<div>\n<h2 class=\"brz-css-mldxd\" data-generated-css=\"brz-css-fhooa\" data-uniq-id=\"mvwjt\"><span>Bienvenue sur<\/span><\/h2>\n<\/div>\n<\/div>\n<\/div>\n<div class=\"brz-css-tfqcn brz-wrapper\">\n<div class=\"brz-rich-text brz-rich-text__custom brz-css-fifck\" data-custom-id=\"duqbxehfwzuthhfkhwqesanfqrtcytzyzxdh\">\n<div>\n<h1 class=\"brz-css-zrtpf\" data-generated-css=\"brz-css-mnumz\" data-uniq-id=\"cozvl\"><span>EXNESS PREMIER<\/span><\/h1>\n<h1 class=\"brz-css-wziqn\" data-generated-css=\"brz-css-ybonc\" data-uniq-id=\"grfiw\"><span> <\/span><\/h1>\n<h1 class=\"brz-css-ojvmn\" data-generated-css=\"brz-css-ixoqe\" data-uniq-id=\"qlmie\"><span> <\/span><\/h1>\n<h1 class=\"brz-css-nzeip\" data-generated-css=\"brz-css-yenqt\" data-uniq-id=\"qiadu\"><span> <\/span><\/h1>\n<h1 class=\"brz-css-khsnb\" data-generated-css=\"brz-css-bkyxw\" data-uniq-id=\"hegvb\"><span> <\/span><\/h1>\n<h1 class=\"brz-css-dpqxj\" data-generated-css=\"brz-css-vexqn\" data-uniq-id=\"gtjrp\"><span> <\/span><\/h1>\n<\/div>\n<\/div>\n<\/div>\n<div class=\"brz-css-tfqcn brz-css-erpgv brz-wrapper\">\n<div class=\"brz-spacer brz-css-hjunm brz-css-unfdj\"><\/div>\n<\/div>\n<div class=\"brz-css-tfqcn brz-css-erpgv brz-wrapper\">\n<div class=\"brz-spacer brz-css-hjunm brz-css-ushdc\"><\/div>\n<\/div>\n<\/div>\n<\/div>\n<\/section>\n<section data-uid=\"eltalakkigyqhsggsehwyviocluchigiilzy\" id=\"eltalakkigyqhsggsehwyviocluchigiilzy\" class=\"brz-section brz-css-lcdkb\">\n<div class=\"brz-section__content brz-section--boxed brz-css-eugha brz-css-cgppa\" data-custom-id=\"txlvhmbfthopncxfaxarusovpciodpzlltxw\">\n<div class=\"brz-bg\">\n<div class=\"brz-bg-color\"><\/div>\n<\/div>\n<div class=\"brz-container brz-css-lgush\">\n<div class=\"brz-css-tfqcn brz-wrapper\">\n<div class=\"brz-rich-text brz-rich-text__custom brz-css-fifck\" data-custom-id=\"zgjfgqtsnyyivhdcdpjldpwmighqopdmqapn\">\n<div>\n<h2 class=\"brz-css-ddvwo\" data-uniq-id=\"nxecl\" data-generated-css=\"brz-css-kfmsm\"><span>PREMIER PREFERRED<\/span><\/h2>\n<p class=\"brz-css-pimbl\" data-uniq-id=\"efwyh\" data-generated-css=\"brz-css-foucy\"><\/p>\n<\/div>\n<\/div>\n<\/div>\n<div class=\"brz-css-tfqcn brz-wrapper\">\n<div class=\"brz-rich-text brz-rich-text__custom brz-css-fifck\" data-custom-id=\"jtnjugqtktmgelzwaovipjvgscbrhieogqdk\">\n<div>\n<h3 class=\"brz-css-jldjv\" data-uniq-id=\"ckjgo\" data-generated-css=\"brz-css-usmrm\"><span>Votre ascension vers le summum du programme Premier commence ici. \u00c0 ce niveau, vous b\u00e9n\u00e9ficiez d\u2019un large \u00e9ventail de privil\u00e8ges et d\u2019avantages uniques.<\/span><\/h3>\n<p class=\"brz-css-yglir\" data-uniq-id=\"tawls\" data-generated-css=\"brz-css-vtppw\"><span>Gr\u00e2ce \u00e0 votre statut Premier Preferred, vous profitez d\u2019une assistance client prioritaire, de mat\u00e9riel didactique exclusif et d\u2019analyses de trading plus approfondies. De plus, vous pouvez participer \u00e0 des concours et \u00e0 des tirages au sort exclusifs.<\/span><\/p>\n<p class=\"brz-css-pyzot\" data-uniq-id=\"pfhdb\" data-generated-css=\"brz-css-oxmpo\"><\/p>\n<\/div>\n<\/div>\n<\/div>\n<\/div>\n<\/div>\n<\/section>\n<section data-uid=\"mypqeyaznlpburgrmkcrzbwzurxuodzoseyn\" id=\"mypqeyaznlpburgrmkcrzbwzurxuodzoseyn\" class=\"brz-section brz-css-lcdkb\">\n<div class=\"brz-section__content brz-section--boxed brz-css-eugha brz-css-fosvj\" data-custom-id=\"ywuxynsuopwobumukycjyvfienezywaubcki\">\n<div class=\"brz-bg\">\n<div class=\"brz-bg-color\"><\/div>\n<\/div>\n<div class=\"brz-container brz-css-lgush\">\n<div class=\"brz-row__container brz-css-avaaw\" data-custom-id=\"cnqeldfeihwfbtbqkzmxmlnpglhmyrtcxeqo\">\n<div class=\"brz-bg\"><\/div>\n<div class=\"brz-row brz-css-blkmy brz-css-cajov\">\n<div class=\"brz-columns brz-css-guxki brz-css-bchax\" data-custom-id=\"opyjncymuadptmbyirshycfvufsydjfkeaif\">\n<div class=\"brz-bg\"><\/div>\n<div class=\"brz-column__items brz-css-pgorc brz-css-kjsbw\">\n<div class=\"brz-css-tfqcn brz-css-bvuzi brz-wrapper\">\n<div class=\"brz-rich-text brz-rich-text__custom brz-css-fifck\" data-custom-id=\"zifvrfdtspzeinqgwqfbqkzqvirtahcpkprd\">\n<div>\n<h2 class=\"brz-css-ogxeu\" data-generated-css=\"brz-css-dcpog\" data-uniq-id=\"ibowt\"><span>ASSISTANCE CLIENT PRIORITAIRE<\/span><\/h2>\n<\/div>\n<\/div>\n<\/div>\n<div class=\"brz-css-tfqcn brz-css-urxza brz-wrapper\">\n<div class=\"brz-rich-text brz-rich-text__custom brz-css-fifck\" data-custom-id=\"pdvwaoyczhownihmnrehhtobjphbalksogxb\">\n<div>\n<p class=\"brz-css-oraxv\" data-uniq-id=\"tremg\" data-generated-css=\"brz-css-tirmy\"><span class=\"brz-cp-color8\">Toutes vos demandes seront consid\u00e9r\u00e9es comme prioritaires et directement transmises aux membres de l\u2019\u00e9quipe charg\u00e9e de l\u2019assistance client, afin de r\u00e9soudre vos probl\u00e8mes le plus rapidement possible. Alternativement, vous pouvez contacter directement votre gestionnaire de compte personnel.<\/span><\/p>\n<\/div>\n<\/div>\n<\/div>\n<\/div>\n<\/div>\n<div class=\"brz-columns brz-css-guxki brz-css-ifpui\" data-custom-id=\"znjwnaiwxqikzrrduvxvvfxqxosnkkfgwqnf\">\n<div class=\"brz-bg\"><\/div>\n<div class=\"brz-column__items brz-css-pgorc\">\n<div class=\"brz-css-tfqcn brz-wrapper\">\n<div class=\"brz-image brz-css-aztac brz-css-kczuy\"><img decoding=\"async\" class=\"brz-img\" src=\"https:\/\/ex-pro.love\/?lang=fr&amp;brizy_media=wp-99542fe59995cf0488f9ebfd949599e7.jpg&amp;brizy_crop=iW%3D555%26iH%3D370%26oX%3D0%26oY%3D0%26cW%3D555%26cH%3D370\" alt=\"\" loading=\"lazy\" \/><\/div>\n<\/div>\n<\/div>\n<\/div>\n<\/div>\n<\/div>\n<\/div>\n<\/div>\n<\/section>\n<section data-uid=\"jlwmposhyccckpvqfgobstnvjscdvzevzfjj\" id=\"jlwmposhyccckpvqfgobstnvjscdvzevzfjj\" class=\"brz-section brz-css-lcdkb\">\n<div class=\"brz-section__content brz-section--boxed brz-css-eugha brz-css-bhqdf\" data-custom-id=\"qorxvbhjftnarjpiucmpvrjffhhvrryxlvkz\">\n<div class=\"brz-bg\">\n<div class=\"brz-bg-color\"><\/div>\n<\/div>\n<div class=\"brz-container brz-css-lgush\">\n<div class=\"brz-row__container brz-css-avaaw brz-css-glden\" data-custom-id=\"cjwlynzmipbnixvshrlmxbbxkniuhgxvpulb\">\n<div class=\"brz-bg\"><\/div>\n<div class=\"brz-row brz-css-blkmy brz-css-cajov\">\n<div class=\"brz-columns brz-css-guxki brz-css-atnub\" data-custom-id=\"xonudcgynjepnyqjfulkmyprcdkaoydgjias\">\n<div class=\"brz-bg\"><\/div>\n<div class=\"brz-column__items brz-css-pgorc\">\n<div class=\"brz-css-tfqcn brz-wrapper\">\n<div class=\"brz-image brz-css-fxsfb brz-css-tztyh\"><img decoding=\"async\" class=\"brz-img\" src=\"https:\/\/ex-pro.love\/?lang=fr&amp;brizy_media=wp-205cb326da73e434e453b7efb07cf13d.jpg&amp;brizy_crop=iW%3D555%26iH%3D370%26oX%3D0%26oY%3D0%26cW%3D555%26cH%3D370\" alt=\"\" loading=\"lazy\" \/><\/div>\n<\/div>\n<\/div>\n<\/div>\n<div class=\"brz-columns brz-css-guxki brz-css-wadci\" data-custom-id=\"oyeszqkvyayeyjkhjapvhvobehaoovfvaoau\">\n<div class=\"brz-bg\"><\/div>\n<div class=\"brz-column__items brz-css-pgorc brz-css-redra\">\n<div class=\"brz-css-tfqcn brz-css-lmwyg brz-wrapper\">\n<div class=\"brz-rich-text brz-rich-text__custom brz-css-fifck\" data-custom-id=\"cthbiohpapqbpgdukpsfovlsrqrmqpetdajm\">\n<div>\n<h2 class=\"brz-css-qangz\" data-uniq-id=\"ihxzd\" data-generated-css=\"brz-css-qtdkd\"><span>MAT\u00c9RIEL DIDACTIQUE EXCLUSIF<\/span><\/h2>\n<\/div>\n<\/div>\n<\/div>\n<div class=\"brz-css-tfqcn brz-css-pwigy brz-wrapper\">\n<div class=\"brz-rich-text brz-rich-text__custom brz-css-fifck\" data-custom-id=\"fifnkgazeqofpcczwcmxyqqiivunsipgbzea\">\n<div>\n<p class=\"brz-css-shiac\" data-uniq-id=\"jarhr\" data-generated-css=\"brz-css-bsens\"><span>Participez \u00e0 nos webinaires et s\u00e9minaires Premier sp\u00e9cial trading. Profitez \u00e9galement de mat\u00e9riel didactique \u00e9labor\u00e9 exclusivement pour nos clients Premier.<\/span><\/p>\n<\/div>\n<\/div>\n<\/div>\n<\/div>\n<\/div>\n<\/div>\n<\/div>\n<\/div>\n<\/div>\n<\/section>\n<section data-uid=\"vmkvzygavdujjhgdyuazewqwcpxwdqsntsui\" id=\"vmkvzygavdujjhgdyuazewqwcpxwdqsntsui\" class=\"brz-section brz-css-lcdkb\">\n<div class=\"brz-section__content brz-section--boxed brz-css-eugha brz-css-zgvbe\" data-custom-id=\"ohvrybyglmjoefxxdzlymtrqgacbmhvantkn\">\n<div class=\"brz-bg\">\n<div class=\"brz-bg-color\"><\/div>\n<\/div>\n<div class=\"brz-container brz-css-lgush\">\n<div class=\"brz-row__container brz-css-avaaw\" data-custom-id=\"lgoyclkwcgzmhnszyfrobjztbdcmjlrgdmfh\">\n<div class=\"brz-bg\"><\/div>\n<div class=\"brz-row brz-css-blkmy brz-css-cajov\">\n<div class=\"brz-columns brz-css-guxki brz-css-svxhw\" data-custom-id=\"bqsjbhbbzndjxjvrvsvdhmjpnaacvfogrbut\">\n<div class=\"brz-bg\"><\/div>\n<div class=\"brz-column__items brz-css-pgorc brz-css-trgxn\">\n<div class=\"brz-css-tfqcn brz-css-nnspn brz-wrapper\">\n<div class=\"brz-rich-text brz-rich-text__custom brz-css-fifck\" data-custom-id=\"rpynyuuuhtzajdiiityucsrxchdujvdnzjnr\">\n<div>\n<h2 class=\"brz-css-bgywg\" data-uniq-id=\"myylf\" data-generated-css=\"brz-css-qzzdg\"><span>ANALYSES DE TRADING PLUS APPROFONDIES<\/span><\/h2>\n<\/div>\n<\/div>\n<\/div>\n<div class=\"brz-css-tfqcn brz-css-fxijg brz-wrapper\">\n<div class=\"brz-rich-text brz-rich-text__custom brz-css-fifck\" data-custom-id=\"mvbspdldqpmuepmygsuozhhrjwvzlgdmkyvu\">\n<div>\n<p class=\"brz-css-nzxzi\" data-generated-css=\"brz-css-iorbx\" data-uniq-id=\"tdoyo\"><span>B\u00e9n\u00e9ficiez d\u2019un acc\u00e8s exclusif \u00e0 des services suppl\u00e9mentaires, fournis par Trading Central, et d\u2019un abonnement gratuit aux principales sources d\u2019analyse fondamentale et technique. De plus, vous pouvez consulter en avant-premi\u00e8re tous les rapports hebdomadaires et trimestriels \u00e9labor\u00e9s par les sp\u00e9cialistes du trading d\u2019Exness.<\/span><\/p>\n<\/div>\n<\/div>\n<\/div>\n<\/div>\n<\/div>\n<div class=\"brz-columns brz-css-guxki brz-css-fjuyq\" data-custom-id=\"thxjwhmhksvwmlhuvmcgenunwmtogjoexpbm\">\n<div class=\"brz-bg\"><\/div>\n<div class=\"brz-column__items brz-css-pgorc\">\n<div class=\"brz-css-tfqcn brz-wrapper\">\n<div class=\"brz-image brz-css-wayzp brz-css-nuryi\"><img decoding=\"async\" class=\"brz-img\" src=\"https:\/\/ex-pro.love\/?lang=fr&amp;brizy_media=wp-ee9328abe3209c6c9e7e334fa57e99ee.jpg&amp;brizy_crop=iW%3D555%26iH%3D370%26oX%3D0%26oY%3D0%26cW%3D555%26cH%3D370\" alt=\"\" loading=\"lazy\" \/><\/div>\n<\/div>\n<\/div>\n<\/div>\n<\/div>\n<\/div>\n<\/div>\n<\/div>\n<\/section>\n<section data-uid=\"ekrhbgfquahaargcqigijfvnwatxfwtunybc\" id=\"ekrhbgfquahaargcqigijfvnwatxfwtunybc\" class=\"brz-section brz-css-lcdkb\">\n<div class=\"brz-section__content brz-section--boxed brz-css-eugha brz-css-ybjmf\" data-custom-id=\"pooncightvxdagigrjzpbqbepauzzhydzakz\">\n<div class=\"brz-bg\">\n<div class=\"brz-bg-color\"><\/div>\n<\/div>\n<div class=\"brz-container brz-css-lgush\">\n<div class=\"brz-row__container brz-css-avaaw brz-css-ezcca\" data-custom-id=\"aekecwkqxxjuxxwuqditsrizsazmfmyxqoke\">\n<div class=\"brz-bg\"><\/div>\n<div class=\"brz-row brz-css-blkmy brz-css-cajov\">\n<div class=\"brz-columns brz-css-guxki brz-css-sbvdx\" data-custom-id=\"xgpyhzquuwiklwuinowdximxmfxqyscrxtoj\">\n<div class=\"brz-bg\"><\/div>\n<div class=\"brz-column__items brz-css-pgorc\">\n<div class=\"brz-css-tfqcn brz-wrapper\">\n<div class=\"brz-image brz-css-ltott brz-css-mosjl\"><img decoding=\"async\" class=\"brz-img\" src=\"https:\/\/ex-pro.love\/?lang=fr&amp;brizy_media=wp-dea8c7f2b1881b1476663125899a69bc.jpg&amp;brizy_crop=iW%3D555%26iH%3D370%26oX%3D0%26oY%3D0%26cW%3D555%26cH%3D370\" alt=\"\" loading=\"lazy\" \/><\/div>\n<\/div>\n<\/div>\n<\/div>\n<div class=\"brz-columns brz-css-guxki brz-css-pmnio\" data-custom-id=\"rvogcldmtwnxfypblebekdokihtrdxsmbmbo\">\n<div class=\"brz-bg\"><\/div>\n<div class=\"brz-column__items brz-css-pgorc brz-css-tdwsw\">\n<div class=\"brz-css-tfqcn brz-css-ejjid brz-wrapper\">\n<div class=\"brz-rich-text brz-rich-text__custom brz-css-fifck\" data-custom-id=\"wnysfknhywmwiqpawkiipxfsisbhoilouaaa\">\n<div>\n<h2 class=\"brz-css-hghwf\" data-uniq-id=\"tfqge\" data-generated-css=\"brz-css-ftxqu\"><span>CONCOURS ET TIRAGES AU SORT EXCLUSIFS<\/span><\/h2>\n<\/div>\n<\/div>\n<\/div>\n<div class=\"brz-css-tfqcn brz-css-xckxh brz-wrapper\">\n<div class=\"brz-rich-text brz-rich-text__custom brz-css-fifck\" data-custom-id=\"kfkhnppkeqdfmafjbjqoykaupdrssituybbt\">\n<div>\n<p class=\"brz-css-uqqou\" data-uniq-id=\"xlecf\" data-generated-css=\"brz-css-cjgsm\"><span>Participez \u00e0 des tirages au sort et \u00e0 des concours de trading exclusifs r\u00e9serv\u00e9s aux membres. \u00c0 la cl\u00e9\u00a0? Des prix incroyables, notamment des voitures de luxe, des voyages tous frais pay\u00e9s et des r\u00e9compenses en esp\u00e8ces.<\/span><\/p>\n<\/div>\n<\/div>\n<\/div>\n<\/div>\n<\/div>\n<\/div>\n<\/div>\n<\/div>\n<\/div>\n<\/section>\n<section data-uid=\"ocrqkgwyxbnkexpxypfsvsgnazszawmclaaf\" id=\"ocrqkgwyxbnkexpxypfsvsgnazszawmclaaf\" class=\"brz-section brz-css-lcdkb\">\n<div class=\"brz-section__content brz-section--boxed brz-css-eugha brz-css-mbfzu\" data-custom-id=\"eedpqbarpucuceypkkbgbnxvdhkifhxlcjxf\">\n<div class=\"brz-bg\">\n<div class=\"brz-bg-image\"><\/div>\n<\/div>\n<div class=\"brz-container brz-css-lgush\">\n<div class=\"brz-css-tfqcn brz-wrapper\">\n<div class=\"brz-rich-text brz-rich-text__custom brz-css-fifck\" data-custom-id=\"aupnudioglqfdwyugcmmzlawtripypjwnfqz\">\n<div>\n<h3 class=\"brz-css-tpunj\" data-uniq-id=\"qswpj\" data-generated-css=\"brz-css-hrdeg\"><span>Comment<\/span><\/h3>\n<h2 class=\"brz-css-vslyz\" data-uniq-id=\"lwccm\" data-generated-css=\"brz-css-czrdt\"><span>CONSERVER MON NIVEAU\u00a0?<\/span><\/h2>\n<p class=\"brz-css-zcdox\" data-uniq-id=\"vegnx\" data-generated-css=\"brz-css-ojhct\"><span>Pour conserver votre niveau Premier Preferred, vous devez maintenir un volume de trading trimestriel de 120 millions de dollars US.<\/span><\/p>\n<p class=\"brz-css-cqosf\" data-uniq-id=\"cunrb\" data-generated-css=\"brz-css-vylwc\"><\/p>\n<\/div>\n<\/div>\n<\/div>\n<\/div>\n<\/div>\n<\/section>\n<section data-uid=\"xekhhrkpwekkmohxamljjuxyembuxfwqwyvb\" id=\"xekhhrkpwekkmohxamljjuxyembuxfwqwyvb\" class=\"brz-section brz-css-lcdkb\">\n<div class=\"brz-section__content brz-section--boxed brz-css-eugha brz-css-mjcnh\" data-custom-id=\"ywvrqslynsjmzrwgeryzouwaduongaxjjdsp\">\n<div class=\"brz-bg\">\n<div class=\"brz-bg-color\"><\/div>\n<\/div>\n<div class=\"brz-container brz-css-lgush\">\n<div class=\"brz-css-tfqcn brz-wrapper\">\n<div class=\"brz-rich-text brz-rich-text__custom brz-css-fifck\" data-custom-id=\"tozickejqawcmgkgnyazsotnavkwcmzigrzd\">\n<div>\n<h3 class=\"brz-css-rkemu\" data-uniq-id=\"mfsgr\" data-generated-css=\"brz-css-ebgjb\"><span>Comment<\/span><\/h3>\n<\/div>\n<\/div>\n<\/div>\n<div class=\"brz-css-tfqcn brz-wrapper\">\n<div class=\"brz-rich-text brz-rich-text__custom brz-css-fifck\" data-custom-id=\"xjygqbuncxxdgimpymohqjmeuiinmjhgbqqx\">\n<div>\n<h2 class=\"brz-css-hjfws\" data-generated-css=\"brz-css-gswau\" data-uniq-id=\"qfvml\"><span>CONSERVER MON NIVEAU\u00a0?<\/span><\/h2>\n<p class=\"brz-css-zcryr\" data-generated-css=\"brz-css-gpyfg\" data-uniq-id=\"fycig\"><span class=\"brz-cp-color8\">Pour conserver votre niveau Premier Preferred, vous devez maintenir un volume de trading trimestriel de 50 millions de dollars US.<\/span><\/p>\n<p class=\"brz-css-tomew\" data-generated-css=\"brz-css-hliyc\" data-uniq-id=\"ydncg\"><\/p>\n<\/div>\n<\/div>\n<\/div>\n<\/div>\n<\/div>\n<\/section>\n<section data-uid=\"uofrxfdainyvgubsmxezizslpvddktqqurqg\" id=\"uofrxfdainyvgubsmxezizslpvddktqqurqg\" class=\"brz-section brz-css-lcdkb\">\n<div class=\"brz-section__content brz-section--fullWidth brz-css-eugha brz-css-gjurs\" data-custom-id=\"pxvwwntjqpkzejfbshktsgwlynrkqmqlciwc\">\n<div class=\"brz-container brz-css-lgush brz-css-pjosw\">\n<div class=\"brz-css-tfqcn brz-css-apuyv brz-wrapper\">\n<div class=\"brz-image brz-css-fcwll\"><img decoding=\"async\" class=\"brz-img\" src=\"https:\/\/ex-pro.love\/?lang=fr&amp;brizy_media=wp-72785e608b27416ce035d6d187bbb3c2.jpg&amp;brizy_crop=iW%3D1920%26iH%3D750%26oX%3D0%26oY%3D0%26cW%3D1920%26cH%3D750\" alt=\"\" loading=\"lazy\" \/><\/div>\n<\/div>\n<\/div>\n<\/div>\n<\/section>\n<\/div>\n<p><!-- version:1745027994 --><\/p>\n","protected":false},"excerpt":{"rendered":"<p>Bienvenue sur EXNESS PREMIER PREMIER PREFERRED Votre as&hellip; <a class=\"more-link\" href=\"https:\/\/ex-pro.love\/index.php\/preferred\/?lang=fr\">\u7ee7\u7eed\u9605\u8bfb<span class=\"screen-reader-text\">Preferred<\/span><\/a><\/p>\n","protected":false},"author":1,"featured_media":0,"parent":0,"menu_order":0,"comment_status":"closed","ping_status":"closed","template":"brizy-blank-template.php","meta":{"footnotes":""},"class_list":["post-1541","page","type-page","status-publish","hentry","entry"],"_links":{"self":[{"href":"https:\/\/ex-pro.love\/index.php\/wp-json\/wp\/v2\/pages\/1541","targetHints":{"allow":["GET"]}}],"collection":[{"href":"https:\/\/ex-pro.love\/index.php\/wp-json\/wp\/v2\/pages"}],"about":[{"href":"https:\/\/ex-pro.love\/index.php\/wp-json\/wp\/v2\/types\/page"}],"author":[{"embeddable":true,"href":"https:\/\/ex-pro.love\/index.php\/wp-json\/wp\/v2\/users\/1"}],"replies":[{"embeddable":true,"href":"https:\/\/ex-pro.love\/index.php\/wp-json\/wp\/v2\/comments?post=1541"}],"version-history":[{"count":15,"href":"https:\/\/ex-pro.love\/index.php\/wp-json\/wp\/v2\/pages\/1541\/revisions"}],"predecessor-version":[{"id":2025,"href":"https:\/\/ex-pro.love\/index.php\/wp-json\/wp\/v2\/pages\/1541\/revisions\/2025"}],"wp:attachment":[{"href":"https:\/\/ex-pro.love\/index.php\/wp-json\/wp\/v2\/media?parent=1541"}],"curies":[{"name":"wp","href":"https:\/\/api.w.org\/{rel}","templated":true}]}}